{"id":3028,"date":"2021-04-15T14:59:50","date_gmt":"2021-04-15T17:59:50","guid":{"rendered":"https:\/\/sombreroseguros.com.br\/quem-faz\/leonardo-a-paixao\/"},"modified":"2023-04-28T23:29:09","modified_gmt":"2023-04-29T02:29:09","slug":"leonardo-a-paixao","status":"publish","type":"page","link":"https:\/\/sombreroseguros.com.br\/en\/meet-us\/leonardo-a-paixao\/","title":{"rendered":"Leonardo A. Paix\u00e3o"},"content":{"rendered":"<p>[vc_row][vc_column width=&#8221;1\/4&#8243;][vc_single_image image=&#8221;4038&#8243; img_size=&#8221;full&#8221; css_animation=&#8221;fadeInUp&#8221; css=&#8221;.vc_custom_1682735297525{margin-bottom: 0px !important;}&#8221;][\/vc_column][vc_column width=&#8221;3\/4&#8243;]\n\t\t\t<div class=\"title-health-box wow fadeInUp text-left\" data-wow-duration=\"0.9s\">\n\t\t\t\t<p class=\"sub-title\"><\/p>\n\t\t\t\t<h2 class=\"title font-weight-bold\">Leonardo A. Paix\u00e3o | CEO<\/h2>\n\t\t\t<\/div>[vc_text_separator title=&#8221;&#8221; title_align=&#8221;separator_align_left&#8221; align=&#8221;align_right&#8221; color=&#8221;custom&#8221; border_width=&#8221;2&#8243; accent_color=&#8221;#5e0054&#8243; el_class=&#8221;titulos&#8221;][vc_column_text css_animation=&#8221;fadeInUp&#8221;]Has broad experience in the Brazilian financial sector. Former university professor and bank\u2019s attorney, he also worked in the federal public service regulating and inspecting its financial department. He was a management advisor and CEO of the largest reinsurance company in Latin America, chief executive officer of the Brazilian branch of a multinational insurance company, management advisor of a large Brazilian insurance company, and member of the audit committee of one of the biggest pension funds in Brazil. He holds both a degree and a Ph.D. in Law from USP. As CEO of Sombrero, Paix\u00e3o leads an agile and experienced team who are fully engaged in business ethics, product innovation and service excellence.[\/vc_column_text][\/vc_column][\/vc_row]<\/p>\n","protected":false},"excerpt":{"rendered":"<p>[vc_row][vc_column width=&#8221;1\/4&#8243;][vc_single_image image=&#8221;4038&#8243; img_size=&#8221;full&#8221; css_animation=&#8221;fadeInUp&#8221; css=&#8221;.vc_custom_1682735297525{margin-bottom: 0px !important;}&#8221;][\/vc_column][vc_column width=&#8221;3\/4&#8243;][vc_text_separator title=&#8221;&#8221; title_align=&#8221;separator_align_left&#8221; align=&#8221;align_right&#8221; color=&#8221;custom&#8221; border_width=&#8221;2&#8243; accent_color=&#8221;#5e0054&#8243; el_class=&#8221;titulos&#8221;][vc_column_text css_animation=&#8221;fadeInUp&#8221;]Has broad experience in the Brazilian financial sector. Former university professor and bank\u2019s attorney, he also worked in the federal public service regulating and inspecting its financial department. He was a management advisor and CEO of the largest reinsurance [&hellip;]<\/p>\n","protected":false},"author":1,"featured_media":0,"parent":3008,"menu_order":0,"comment_status":"closed","ping_status":"closed","template":"","meta":{"footnotes":""},"class_list":["post-3028","page","type-page","status-publish","hentry"],"yoast_head":"<!-- This site is optimized with the Yoast SEO plugin v27.5 - https:\/\/yoast.com\/product\/yoast-seo-wordpress\/ -->\n<title>Leonardo A. Paix\u00e3o - Sombrero Seguradora<\/title>\n<meta name=\"description\" content=\"Leonardo A. Paix\u00e3o \u00e9 cofundador da Sombrero Seguros com larga experi\u00eancia no setor financeiro e na regula\u00e7\u00e3o e fiscaliza\u00e7\u00e3o do setor.\" \/>\n<meta name=\"robots\" content=\"index, follow, max-snippet:-1, max-image-preview:large, max-video-preview:-1\" \/>\n<link rel=\"canonical\" href=\"https:\/\/sombreroseguros.com.br\/en\/meet-us\/leonardo-a-paixao\/\" \/>\n<meta property=\"og:locale\" content=\"en_US\" \/>\n<meta property=\"og:type\" content=\"article\" \/>\n<meta property=\"og:title\" content=\"Leonardo A. Paix\u00e3o - Sombrero Seguradora\" \/>\n<meta property=\"og:description\" content=\"Leonardo A. Paix\u00e3o \u00e9 cofundador da Sombrero Seguros com larga experi\u00eancia no setor financeiro e na regula\u00e7\u00e3o e fiscaliza\u00e7\u00e3o do setor.\" \/>\n<meta property=\"og:url\" content=\"https:\/\/sombreroseguros.com.br\/en\/meet-us\/leonardo-a-paixao\/\" \/>\n<meta property=\"og:site_name\" content=\"Sombrero Seguradora\" \/>\n<meta property=\"article:publisher\" content=\"https:\/\/www.facebook.com\/sombreroseguros\" \/>\n<meta property=\"article:modified_time\" content=\"2023-04-29T02:29:09+00:00\" \/>\n<meta name=\"twitter:card\" content=\"summary_large_image\" \/>\n<meta name=\"twitter:label1\" content=\"Est. reading time\" \/>\n\t<meta name=\"twitter:data1\" content=\"1 minute\" \/>\n<script type=\"application\/ld+json\" class=\"yoast-schema-graph\">{\"@context\":\"https:\\\/\\\/schema.org\",\"@graph\":[{\"@type\":\"WebPage\",\"@id\":\"https:\\\/\\\/sombreroseguros.com.br\\\/en\\\/meet-us\\\/leonardo-a-paixao\\\/\",\"url\":\"https:\\\/\\\/sombreroseguros.com.br\\\/en\\\/meet-us\\\/leonardo-a-paixao\\\/\",\"name\":\"Leonardo A. Paix\u00e3o - Sombrero Seguradora\",\"isPartOf\":{\"@id\":\"https:\\\/\\\/sombreroseguros.com.br\\\/#website\"},\"datePublished\":\"2021-04-15T17:59:50+00:00\",\"dateModified\":\"2023-04-29T02:29:09+00:00\",\"description\":\"Leonardo A. Paix\u00e3o \u00e9 cofundador da Sombrero Seguros com larga experi\u00eancia no setor financeiro e na regula\u00e7\u00e3o e fiscaliza\u00e7\u00e3o do setor.\",\"breadcrumb\":{\"@id\":\"https:\\\/\\\/sombreroseguros.com.br\\\/en\\\/meet-us\\\/leonardo-a-paixao\\\/#breadcrumb\"},\"inLanguage\":\"en-US\",\"potentialAction\":[{\"@type\":\"ReadAction\",\"target\":[\"https:\\\/\\\/sombreroseguros.com.br\\\/en\\\/meet-us\\\/leonardo-a-paixao\\\/\"]}]},{\"@type\":\"BreadcrumbList\",\"@id\":\"https:\\\/\\\/sombreroseguros.com.br\\\/en\\\/meet-us\\\/leonardo-a-paixao\\\/#breadcrumb\",\"itemListElement\":[{\"@type\":\"ListItem\",\"position\":1,\"name\":\"In\u00edcio\",\"item\":\"https:\\\/\\\/sombreroseguros.com.br\\\/en\\\/\"},{\"@type\":\"ListItem\",\"position\":2,\"name\":\"Meet Us\",\"item\":\"https:\\\/\\\/sombreroseguros.com.br\\\/en\\\/meet-us\\\/\"},{\"@type\":\"ListItem\",\"position\":3,\"name\":\"Leonardo A. Paix\u00e3o\"}]},{\"@type\":\"WebSite\",\"@id\":\"https:\\\/\\\/sombreroseguros.com.br\\\/#website\",\"url\":\"https:\\\/\\\/sombreroseguros.com.br\\\/\",\"name\":\"Sombrero Seguradora\",\"description\":\"Protege o futuro de quem produz.\",\"publisher\":{\"@id\":\"https:\\\/\\\/sombreroseguros.com.br\\\/#organization\"},\"potentialAction\":[{\"@type\":\"SearchAction\",\"target\":{\"@type\":\"EntryPoint\",\"urlTemplate\":\"https:\\\/\\\/sombreroseguros.com.br\\\/?s={search_term_string}\"},\"query-input\":{\"@type\":\"PropertyValueSpecification\",\"valueRequired\":true,\"valueName\":\"search_term_string\"}}],\"inLanguage\":\"en-US\"},{\"@type\":\"Organization\",\"@id\":\"https:\\\/\\\/sombreroseguros.com.br\\\/#organization\",\"name\":\"Sombrero Seguradora\",\"url\":\"https:\\\/\\\/sombreroseguros.com.br\\\/\",\"logo\":{\"@type\":\"ImageObject\",\"inLanguage\":\"en-US\",\"@id\":\"https:\\\/\\\/sombreroseguros.com.br\\\/#\\\/schema\\\/logo\\\/image\\\/\",\"url\":\"https:\\\/\\\/sombreroseguros.com.br\\\/wp-content\\\/uploads\\\/2021\\\/04\\\/sombrero_logo.png\",\"contentUrl\":\"https:\\\/\\\/sombreroseguros.com.br\\\/wp-content\\\/uploads\\\/2021\\\/04\\\/sombrero_logo.png\",\"width\":370,\"height\":100,\"caption\":\"Sombrero Seguradora\"},\"image\":{\"@id\":\"https:\\\/\\\/sombreroseguros.com.br\\\/#\\\/schema\\\/logo\\\/image\\\/\"},\"sameAs\":[\"https:\\\/\\\/www.facebook.com\\\/sombreroseguros\",\"https:\\\/\\\/www.instagram.com\\\/sombreroseguros\",\"https:\\\/\\\/www.linkedin.com\\\/company\\\/sombreroseguradora\\\/\"]}]}<\/script>\n<!-- \/ Yoast SEO plugin. -->","yoast_head_json":{"title":"Leonardo A. Paix\u00e3o - Sombrero Seguradora","description":"Leonardo A. Paix\u00e3o \u00e9 cofundador da Sombrero Seguros com larga experi\u00eancia no setor financeiro e na regula\u00e7\u00e3o e fiscaliza\u00e7\u00e3o do setor.","robots":{"index":"index","follow":"follow","max-snippet":"max-snippet:-1","max-image-preview":"max-image-preview:large","max-video-preview":"max-video-preview:-1"},"canonical":"https:\/\/sombreroseguros.com.br\/en\/meet-us\/leonardo-a-paixao\/","og_locale":"en_US","og_type":"article","og_title":"Leonardo A. Paix\u00e3o - Sombrero Seguradora","og_description":"Leonardo A. Paix\u00e3o \u00e9 cofundador da Sombrero Seguros com larga experi\u00eancia no setor financeiro e na regula\u00e7\u00e3o e fiscaliza\u00e7\u00e3o do setor.","og_url":"https:\/\/sombreroseguros.com.br\/en\/meet-us\/leonardo-a-paixao\/","og_site_name":"Sombrero Seguradora","article_publisher":"https:\/\/www.facebook.com\/sombreroseguros","article_modified_time":"2023-04-29T02:29:09+00:00","twitter_card":"summary_large_image","twitter_misc":{"Est. reading time":"1 minute"},"schema":{"@context":"https:\/\/schema.org","@graph":[{"@type":"WebPage","@id":"https:\/\/sombreroseguros.com.br\/en\/meet-us\/leonardo-a-paixao\/","url":"https:\/\/sombreroseguros.com.br\/en\/meet-us\/leonardo-a-paixao\/","name":"Leonardo A. Paix\u00e3o - Sombrero Seguradora","isPartOf":{"@id":"https:\/\/sombreroseguros.com.br\/#website"},"datePublished":"2021-04-15T17:59:50+00:00","dateModified":"2023-04-29T02:29:09+00:00","description":"Leonardo A. Paix\u00e3o \u00e9 cofundador da Sombrero Seguros com larga experi\u00eancia no setor financeiro e na regula\u00e7\u00e3o e fiscaliza\u00e7\u00e3o do setor.","breadcrumb":{"@id":"https:\/\/sombreroseguros.com.br\/en\/meet-us\/leonardo-a-paixao\/#breadcrumb"},"inLanguage":"en-US","potentialAction":[{"@type":"ReadAction","target":["https:\/\/sombreroseguros.com.br\/en\/meet-us\/leonardo-a-paixao\/"]}]},{"@type":"BreadcrumbList","@id":"https:\/\/sombreroseguros.com.br\/en\/meet-us\/leonardo-a-paixao\/#breadcrumb","itemListElement":[{"@type":"ListItem","position":1,"name":"In\u00edcio","item":"https:\/\/sombreroseguros.com.br\/en\/"},{"@type":"ListItem","position":2,"name":"Meet Us","item":"https:\/\/sombreroseguros.com.br\/en\/meet-us\/"},{"@type":"ListItem","position":3,"name":"Leonardo A. Paix\u00e3o"}]},{"@type":"WebSite","@id":"https:\/\/sombreroseguros.com.br\/#website","url":"https:\/\/sombreroseguros.com.br\/","name":"Sombrero Seguradora","description":"Protege o futuro de quem produz.","publisher":{"@id":"https:\/\/sombreroseguros.com.br\/#organization"},"potentialAction":[{"@type":"SearchAction","target":{"@type":"EntryPoint","urlTemplate":"https:\/\/sombreroseguros.com.br\/?s={search_term_string}"},"query-input":{"@type":"PropertyValueSpecification","valueRequired":true,"valueName":"search_term_string"}}],"inLanguage":"en-US"},{"@type":"Organization","@id":"https:\/\/sombreroseguros.com.br\/#organization","name":"Sombrero Seguradora","url":"https:\/\/sombreroseguros.com.br\/","logo":{"@type":"ImageObject","inLanguage":"en-US","@id":"https:\/\/sombreroseguros.com.br\/#\/schema\/logo\/image\/","url":"https:\/\/sombreroseguros.com.br\/wp-content\/uploads\/2021\/04\/sombrero_logo.png","contentUrl":"https:\/\/sombreroseguros.com.br\/wp-content\/uploads\/2021\/04\/sombrero_logo.png","width":370,"height":100,"caption":"Sombrero Seguradora"},"image":{"@id":"https:\/\/sombreroseguros.com.br\/#\/schema\/logo\/image\/"},"sameAs":["https:\/\/www.facebook.com\/sombreroseguros","https:\/\/www.instagram.com\/sombreroseguros","https:\/\/www.linkedin.com\/company\/sombreroseguradora\/"]}]}},"_links":{"self":[{"href":"https:\/\/sombreroseguros.com.br\/en\/wp-json\/wp\/v2\/pages\/3028","targetHints":{"allow":["GET"]}}],"collection":[{"href":"https:\/\/sombreroseguros.com.br\/en\/wp-json\/wp\/v2\/pages"}],"about":[{"href":"https:\/\/sombreroseguros.com.br\/en\/wp-json\/wp\/v2\/types\/page"}],"author":[{"embeddable":true,"href":"https:\/\/sombreroseguros.com.br\/en\/wp-json\/wp\/v2\/users\/1"}],"replies":[{"embeddable":true,"href":"https:\/\/sombreroseguros.com.br\/en\/wp-json\/wp\/v2\/comments?post=3028"}],"version-history":[{"count":4,"href":"https:\/\/sombreroseguros.com.br\/en\/wp-json\/wp\/v2\/pages\/3028\/revisions"}],"predecessor-version":[{"id":4043,"href":"https:\/\/sombreroseguros.com.br\/en\/wp-json\/wp\/v2\/pages\/3028\/revisions\/4043"}],"up":[{"embeddable":true,"href":"https:\/\/sombreroseguros.com.br\/en\/wp-json\/wp\/v2\/pages\/3008"}],"wp:attachment":[{"href":"https:\/\/sombreroseguros.com.br\/en\/wp-json\/wp\/v2\/media?parent=3028"}],"curies":[{"name":"wp","href":"https:\/\/api.w.org\/{rel}","templated":true}]}}