{"id":3123,"date":"2021-07-05T11:08:58","date_gmt":"2021-07-05T14:08:58","guid":{"rendered":"https:\/\/sombreroseguros.com.br\/fale-conosco\/"},"modified":"2024-03-18T19:53:42","modified_gmt":"2024-03-18T22:53:42","slug":"contact-us","status":"publish","type":"page","link":"https:\/\/sombreroseguros.com.br\/en\/contact-us\/","title":{"rendered":"Contact Us"},"content":{"rendered":"<p>[vc_row full_width=&#8221;stretch_row&#8221; css=&#8221;.vc_custom_1616677822275{margin-top: 0px !important;margin-bottom: 0px !important;border-top-width: 0px !important;border-bottom-width: 0px !important;padding-top: 40px !important;padding-bottom: 40px !important;background-color: #f7f7f7 !important;}&#8221; el_class=&#8221;overflow-hidden&#8221;][vc_column][vc_row_inner][vc_column_inner width=&#8221;1\/2&#8243;][vc_single_image image=&#8221;4413&#8243; img_size=&#8221;full&#8221; css=&#8221;.vc_custom_1686622673956{margin-right: 30px !important;}&#8221;][\/vc_column_inner][vc_column_inner width=&#8221;1\/2&#8243;][vc_custom_heading text=&#8221;Customer Service&#8221; font_container=&#8221;tag:h2|text_align:left|color:%2314a19d&#8221; use_theme_fonts=&#8221;yes&#8221;][vc_column_text el_class=&#8221;mb-4&#8243;]You know that we are always available to answer any questions you may have.[\/vc_column_text][vc_column_text]<\/p>\n<h3 class=\"vc_custom_heading\" style=\"color: #a0a0a0; text-align: left;\">SAC:<br \/>\n0800-024 11 56<a href=\"https:\/\/api.whatsapp.com\/send?phone=5508000241156&amp;text=Ol%C3%A1,%20gostaria%20de%20atendimento%20ao%20SAC.\"><img loading=\"lazy\" decoding=\"async\" class=\"alignnone\" style=\"margin-bottom: 10px;\" src=\"https:\/\/sombreroseguros.com.br\/wp-content\/uploads\/2023\/12\/whats_logo_sombrero_001.png\" alt=\"\" width=\"40\" height=\"40\" \/><\/a><\/h3>\n<p>Working days, 09:00 \u00e0s 18:00<br \/>\n<a href=\"mailto:comercial@sombreroseguros.com.br\" target=\"_blank\" rel=\"noopener\">comercial@sombreroseguros.com.br<\/a>[\/vc_column_text][vc_column_text]<\/p>\n<h3 class=\"vc_custom_heading\" style=\"color: #a0a0a0; text-align: left;\">Claim:<br \/>\n0800-749 90 90<a href=\"https:\/\/api.whatsapp.com\/send?phone=5508007499090&amp;text=Ol%C3%A1,%20gostaria%20de%20informa%C3%A7%C3%B5es%20sobre%20meu%20Sinistro.\"><img decoding=\"async\" style=\"margin-bottom: 10px;\" src=\"https:\/\/sombreroseguros.com.br\/wp-content\/uploads\/2023\/12\/whats_logo_sombrero_001.png\" \/><\/a><\/h3>\n<p>Daily, 24 hours[\/vc_column_text][vc_custom_heading text=&#8221;Audit:<br \/>\n0800-749 12 12&#8243; font_container=&#8221;tag:h3|text_align:left|color:%23a0a0a0&#8243; use_theme_fonts=&#8221;yes&#8221;][vc_column_text el_class=&#8221;mb-4&#8243;]Or send an e-mail to: <a href=\"mailto:ouvidoria@sombreroseguros.com.br\">ouvidoria@sombreroseguros.com.br<\/a>[\/vc_column_text][vc_custom_heading text=&#8221;Send your message&#8221; font_container=&#8221;tag:h2|text_align:left|color:%2314a19d&#8221; use_theme_fonts=&#8221;yes&#8221;][vc_column_text el_class=&#8221;mb-4&#8243;]To send your message to Sombrero <a href=\"https:\/\/atendimento.sombreroseguros.com.br\/form\/6100\/?_ga=2.219590169.1284978083.1683839453-631601133.1667935733&amp;_gl=1*jck5lv*_ga*NjMxNjAxMTMzLjE2Njc5MzU3MzM.*_ga_DLWPKZWZS0*MTY4MzkxOTQyMC4zMC4xLjE2ODM5MjAxMzcuNDUuMC4w*_ga_HH6ZNMPEJM*MTY4MzkxOTQyMC4zMC4xLjE2ODM5MjAxMzcuMC4wLjA.\">click here<\/a>[\/vc_column_text][vc_custom_heading text=&#8221;Our addresses&#8221; font_container=&#8221;tag:h2|text_align:left|color:%2314a19d&#8221; use_theme_fonts=&#8221;yes&#8221;][vc_column_text el_class=&#8221;mb-4&#8243;]<strong>S\u00e3o Paulo<br \/>\n<\/strong>Rua Dr. Rubens Gomes Bueno, 691 \u2013 Cj. 275<br \/>\nV\u00e1rzea de Baixo<br \/>\nZip Code: 04.730-903<br \/>\nS\u00e3o Paulo \u2013 SP<\/p>\n<div class=\"ql-block\" data-block-id=\"block-8cf86e5b-cd9f-484b-9579-471c9eccd7a3\">\n<p><strong>Rio de Janeiro<br \/>\n<\/strong>Av. Alm. Silvio de Noronha, 365<br \/>\nCentro<br \/>\nZip Code: 20.021-010<br \/>\nRio de Janeiro \u2013 RJ<\/p>\n<\/div>\n<p>[\/vc_column_text][\/vc_column_inner][\/vc_row_inner][\/vc_column][\/vc_row][vc_row full_width=&#8221;stretch_row&#8221; css=&#8221;.vc_custom_1616676463943{margin-top: 0px !important;margin-bottom: 80px !important;padding-top: 60px !important;padding-bottom: 0px !important;background-position: 0 0 !important;background-repeat: no-repeat !important;}&#8221;][vc_column width=&#8221;1\/2&#8243;][\/vc_column][vc_column width=&#8221;1\/2&#8243;][vc_column_text]<img loading=\"lazy\" decoding=\"async\" class=\"aligncenter wp-image-1641 size-medium\" title=\"Sombrero Seguros\" src=\"https:\/\/sombreroseguros.com.br\/wp-content\/uploads\/2021\/04\/sombrero_logo-300x81.png\" alt=\"Sombrero Seguros\" width=\"300\" height=\"81\" srcset=\"https:\/\/sombreroseguros.com.br\/wp-content\/uploads\/2021\/04\/sombrero_logo-300x81.png 300w, https:\/\/sombreroseguros.com.br\/wp-content\/uploads\/2021\/04\/sombrero_logo.png 370w\" sizes=\"auto, (max-width: 300px) 100vw, 300px\" \/>[\/vc_column_text][\/vc_column][\/vc_row]<\/p>\n","protected":false},"excerpt":{"rendered":"<p>[vc_row full_width=&#8221;stretch_row&#8221; css=&#8221;.vc_custom_1616677822275{margin-top: 0px !important;margin-bottom: 0px !important;border-top-width: 0px !important;border-bottom-width: 0px !important;padding-top: 40px !important;padding-bottom: 40px !important;background-color: #f7f7f7 !important;}&#8221; el_class=&#8221;overflow-hidden&#8221;][vc_column][vc_row_inner][vc_column_inner width=&#8221;1\/2&#8243;][vc_single_image image=&#8221;4413&#8243; img_size=&#8221;full&#8221; css=&#8221;.vc_custom_1686622673956{margin-right: 30px !important;}&#8221;][\/vc_column_inner][vc_column_inner width=&#8221;1\/2&#8243;][vc_custom_heading text=&#8221;Customer Service&#8221; font_container=&#8221;tag:h2|text_align:left|color:%2314a19d&#8221; use_theme_fonts=&#8221;yes&#8221;][vc_column_text el_class=&#8221;mb-4&#8243;]You know that we are always available to answer any questions you may have.[\/vc_column_text][vc_column_text] SAC: 0800-024 11 56 Working days, 09:00 \u00e0s 18:00 comercial@sombreroseguros.com.br[\/vc_column_text][vc_column_text] Claim: 0800-749 [&hellip;]<\/p>\n","protected":false},"author":2,"featured_media":0,"parent":0,"menu_order":0,"comment_status":"closed","ping_status":"closed","template":"","meta":{"footnotes":""},"class_list":["post-3123","page","type-page","status-publish","hentry"],"yoast_head":"<!-- This site is optimized with the Yoast SEO plugin v27.4 - https:\/\/yoast.com\/product\/yoast-seo-wordpress\/ -->\n<title>Contact Us - Sombrero Seguradora<\/title>\n<meta name=\"description\" content=\"Fale conosco pelo SAC: 08007499090\u00a0ou Ouvidoria: 08007491212. Estamos sempre \u00e0 disposi\u00e7\u00e3o para esclarecer qualquer d\u00favida.\" \/>\n<meta name=\"robots\" content=\"index, follow, max-snippet:-1, max-image-preview:large, max-video-preview:-1\" \/>\n<link rel=\"canonical\" href=\"https:\/\/sombreroseguros.com.br\/en\/contact-us\/\" \/>\n<meta property=\"og:locale\" content=\"en_US\" \/>\n<meta property=\"og:type\" content=\"article\" \/>\n<meta property=\"og:title\" content=\"Contact Us - Sombrero Seguradora\" \/>\n<meta property=\"og:description\" content=\"Fale conosco pelo SAC: 08007499090\u00a0ou Ouvidoria: 08007491212. Estamos sempre \u00e0 disposi\u00e7\u00e3o para esclarecer qualquer d\u00favida.\" \/>\n<meta property=\"og:url\" content=\"https:\/\/sombreroseguros.com.br\/en\/contact-us\/\" \/>\n<meta property=\"og:site_name\" content=\"Sombrero Seguradora\" \/>\n<meta property=\"article:publisher\" content=\"https:\/\/www.facebook.com\/sombreroseguros\" \/>\n<meta property=\"article:modified_time\" content=\"2024-03-18T22:53:42+00:00\" \/>\n<meta property=\"og:image\" content=\"https:\/\/sombreroseguros.com.br\/wp-content\/uploads\/2023\/12\/whats_logo_sombrero_001.png\" \/>\n<meta name=\"twitter:card\" content=\"summary_large_image\" \/>\n<meta name=\"twitter:label1\" content=\"Est. reading time\" \/>\n\t<meta name=\"twitter:data1\" content=\"2 minutes\" \/>\n<script type=\"application\/ld+json\" class=\"yoast-schema-graph\">{\"@context\":\"https:\\\/\\\/schema.org\",\"@graph\":[{\"@type\":[\"WebPage\",\"ContactPage\"],\"@id\":\"https:\\\/\\\/sombreroseguros.com.br\\\/en\\\/contact-us\\\/\",\"url\":\"https:\\\/\\\/sombreroseguros.com.br\\\/en\\\/contact-us\\\/\",\"name\":\"Contact Us - Sombrero Seguradora\",\"isPartOf\":{\"@id\":\"https:\\\/\\\/sombreroseguros.com.br\\\/#website\"},\"primaryImageOfPage\":{\"@id\":\"https:\\\/\\\/sombreroseguros.com.br\\\/en\\\/contact-us\\\/#primaryimage\"},\"image\":{\"@id\":\"https:\\\/\\\/sombreroseguros.com.br\\\/en\\\/contact-us\\\/#primaryimage\"},\"thumbnailUrl\":\"https:\\\/\\\/sombreroseguros.com.br\\\/wp-content\\\/uploads\\\/2023\\\/12\\\/whats_logo_sombrero_001.png\",\"datePublished\":\"2021-07-05T14:08:58+00:00\",\"dateModified\":\"2024-03-18T22:53:42+00:00\",\"description\":\"Fale conosco pelo SAC: 08007499090\u00a0ou Ouvidoria: 08007491212. Estamos sempre \u00e0 disposi\u00e7\u00e3o para esclarecer qualquer d\u00favida.\",\"breadcrumb\":{\"@id\":\"https:\\\/\\\/sombreroseguros.com.br\\\/en\\\/contact-us\\\/#breadcrumb\"},\"inLanguage\":\"en-US\",\"potentialAction\":[{\"@type\":\"ReadAction\",\"target\":[\"https:\\\/\\\/sombreroseguros.com.br\\\/en\\\/contact-us\\\/\"]}]},{\"@type\":\"ImageObject\",\"inLanguage\":\"en-US\",\"@id\":\"https:\\\/\\\/sombreroseguros.com.br\\\/en\\\/contact-us\\\/#primaryimage\",\"url\":\"https:\\\/\\\/sombreroseguros.com.br\\\/wp-content\\\/uploads\\\/2023\\\/12\\\/whats_logo_sombrero_001.png\",\"contentUrl\":\"https:\\\/\\\/sombreroseguros.com.br\\\/wp-content\\\/uploads\\\/2023\\\/12\\\/whats_logo_sombrero_001.png\"},{\"@type\":\"BreadcrumbList\",\"@id\":\"https:\\\/\\\/sombreroseguros.com.br\\\/en\\\/contact-us\\\/#breadcrumb\",\"itemListElement\":[{\"@type\":\"ListItem\",\"position\":1,\"name\":\"In\u00edcio\",\"item\":\"https:\\\/\\\/sombreroseguros.com.br\\\/en\\\/\"},{\"@type\":\"ListItem\",\"position\":2,\"name\":\"Contact Us\"}]},{\"@type\":\"WebSite\",\"@id\":\"https:\\\/\\\/sombreroseguros.com.br\\\/#website\",\"url\":\"https:\\\/\\\/sombreroseguros.com.br\\\/\",\"name\":\"Sombrero Seguradora\",\"description\":\"Protege o futuro de quem produz.\",\"publisher\":{\"@id\":\"https:\\\/\\\/sombreroseguros.com.br\\\/#organization\"},\"potentialAction\":[{\"@type\":\"SearchAction\",\"target\":{\"@type\":\"EntryPoint\",\"urlTemplate\":\"https:\\\/\\\/sombreroseguros.com.br\\\/?s={search_term_string}\"},\"query-input\":{\"@type\":\"PropertyValueSpecification\",\"valueRequired\":true,\"valueName\":\"search_term_string\"}}],\"inLanguage\":\"en-US\"},{\"@type\":\"Organization\",\"@id\":\"https:\\\/\\\/sombreroseguros.com.br\\\/#organization\",\"name\":\"Sombrero Seguradora\",\"url\":\"https:\\\/\\\/sombreroseguros.com.br\\\/\",\"logo\":{\"@type\":\"ImageObject\",\"inLanguage\":\"en-US\",\"@id\":\"https:\\\/\\\/sombreroseguros.com.br\\\/#\\\/schema\\\/logo\\\/image\\\/\",\"url\":\"https:\\\/\\\/sombreroseguros.com.br\\\/wp-content\\\/uploads\\\/2021\\\/04\\\/sombrero_logo.png\",\"contentUrl\":\"https:\\\/\\\/sombreroseguros.com.br\\\/wp-content\\\/uploads\\\/2021\\\/04\\\/sombrero_logo.png\",\"width\":370,\"height\":100,\"caption\":\"Sombrero Seguradora\"},\"image\":{\"@id\":\"https:\\\/\\\/sombreroseguros.com.br\\\/#\\\/schema\\\/logo\\\/image\\\/\"},\"sameAs\":[\"https:\\\/\\\/www.facebook.com\\\/sombreroseguros\",\"https:\\\/\\\/www.instagram.com\\\/sombreroseguros\",\"https:\\\/\\\/www.linkedin.com\\\/company\\\/sombreroseguradora\\\/\"]}]}<\/script>\n<!-- \/ Yoast SEO plugin. -->","yoast_head_json":{"title":"Contact Us - Sombrero Seguradora","description":"Fale conosco pelo SAC: 08007499090\u00a0ou Ouvidoria: 08007491212. Estamos sempre \u00e0 disposi\u00e7\u00e3o para esclarecer qualquer d\u00favida.","robots":{"index":"index","follow":"follow","max-snippet":"max-snippet:-1","max-image-preview":"max-image-preview:large","max-video-preview":"max-video-preview:-1"},"canonical":"https:\/\/sombreroseguros.com.br\/en\/contact-us\/","og_locale":"en_US","og_type":"article","og_title":"Contact Us - Sombrero Seguradora","og_description":"Fale conosco pelo SAC: 08007499090\u00a0ou Ouvidoria: 08007491212. Estamos sempre \u00e0 disposi\u00e7\u00e3o para esclarecer qualquer d\u00favida.","og_url":"https:\/\/sombreroseguros.com.br\/en\/contact-us\/","og_site_name":"Sombrero Seguradora","article_publisher":"https:\/\/www.facebook.com\/sombreroseguros","article_modified_time":"2024-03-18T22:53:42+00:00","og_image":[{"url":"https:\/\/sombreroseguros.com.br\/wp-content\/uploads\/2023\/12\/whats_logo_sombrero_001.png","type":"","width":"","height":""}],"twitter_card":"summary_large_image","twitter_misc":{"Est. reading time":"2 minutes"},"schema":{"@context":"https:\/\/schema.org","@graph":[{"@type":["WebPage","ContactPage"],"@id":"https:\/\/sombreroseguros.com.br\/en\/contact-us\/","url":"https:\/\/sombreroseguros.com.br\/en\/contact-us\/","name":"Contact Us - Sombrero Seguradora","isPartOf":{"@id":"https:\/\/sombreroseguros.com.br\/#website"},"primaryImageOfPage":{"@id":"https:\/\/sombreroseguros.com.br\/en\/contact-us\/#primaryimage"},"image":{"@id":"https:\/\/sombreroseguros.com.br\/en\/contact-us\/#primaryimage"},"thumbnailUrl":"https:\/\/sombreroseguros.com.br\/wp-content\/uploads\/2023\/12\/whats_logo_sombrero_001.png","datePublished":"2021-07-05T14:08:58+00:00","dateModified":"2024-03-18T22:53:42+00:00","description":"Fale conosco pelo SAC: 08007499090\u00a0ou Ouvidoria: 08007491212. Estamos sempre \u00e0 disposi\u00e7\u00e3o para esclarecer qualquer d\u00favida.","breadcrumb":{"@id":"https:\/\/sombreroseguros.com.br\/en\/contact-us\/#breadcrumb"},"inLanguage":"en-US","potentialAction":[{"@type":"ReadAction","target":["https:\/\/sombreroseguros.com.br\/en\/contact-us\/"]}]},{"@type":"ImageObject","inLanguage":"en-US","@id":"https:\/\/sombreroseguros.com.br\/en\/contact-us\/#primaryimage","url":"https:\/\/sombreroseguros.com.br\/wp-content\/uploads\/2023\/12\/whats_logo_sombrero_001.png","contentUrl":"https:\/\/sombreroseguros.com.br\/wp-content\/uploads\/2023\/12\/whats_logo_sombrero_001.png"},{"@type":"BreadcrumbList","@id":"https:\/\/sombreroseguros.com.br\/en\/contact-us\/#breadcrumb","itemListElement":[{"@type":"ListItem","position":1,"name":"In\u00edcio","item":"https:\/\/sombreroseguros.com.br\/en\/"},{"@type":"ListItem","position":2,"name":"Contact Us"}]},{"@type":"WebSite","@id":"https:\/\/sombreroseguros.com.br\/#website","url":"https:\/\/sombreroseguros.com.br\/","name":"Sombrero Seguradora","description":"Protege o futuro de quem produz.","publisher":{"@id":"https:\/\/sombreroseguros.com.br\/#organization"},"potentialAction":[{"@type":"SearchAction","target":{"@type":"EntryPoint","urlTemplate":"https:\/\/sombreroseguros.com.br\/?s={search_term_string}"},"query-input":{"@type":"PropertyValueSpecification","valueRequired":true,"valueName":"search_term_string"}}],"inLanguage":"en-US"},{"@type":"Organization","@id":"https:\/\/sombreroseguros.com.br\/#organization","name":"Sombrero Seguradora","url":"https:\/\/sombreroseguros.com.br\/","logo":{"@type":"ImageObject","inLanguage":"en-US","@id":"https:\/\/sombreroseguros.com.br\/#\/schema\/logo\/image\/","url":"https:\/\/sombreroseguros.com.br\/wp-content\/uploads\/2021\/04\/sombrero_logo.png","contentUrl":"https:\/\/sombreroseguros.com.br\/wp-content\/uploads\/2021\/04\/sombrero_logo.png","width":370,"height":100,"caption":"Sombrero Seguradora"},"image":{"@id":"https:\/\/sombreroseguros.com.br\/#\/schema\/logo\/image\/"},"sameAs":["https:\/\/www.facebook.com\/sombreroseguros","https:\/\/www.instagram.com\/sombreroseguros","https:\/\/www.linkedin.com\/company\/sombreroseguradora\/"]}]}},"_links":{"self":[{"href":"https:\/\/sombreroseguros.com.br\/en\/wp-json\/wp\/v2\/pages\/3123","targetHints":{"allow":["GET"]}}],"collection":[{"href":"https:\/\/sombreroseguros.com.br\/en\/wp-json\/wp\/v2\/pages"}],"about":[{"href":"https:\/\/sombreroseguros.com.br\/en\/wp-json\/wp\/v2\/types\/page"}],"author":[{"embeddable":true,"href":"https:\/\/sombreroseguros.com.br\/en\/wp-json\/wp\/v2\/users\/2"}],"replies":[{"embeddable":true,"href":"https:\/\/sombreroseguros.com.br\/en\/wp-json\/wp\/v2\/comments?post=3123"}],"version-history":[{"count":18,"href":"https:\/\/sombreroseguros.com.br\/en\/wp-json\/wp\/v2\/pages\/3123\/revisions"}],"predecessor-version":[{"id":5488,"href":"https:\/\/sombreroseguros.com.br\/en\/wp-json\/wp\/v2\/pages\/3123\/revisions\/5488"}],"wp:attachment":[{"href":"https:\/\/sombreroseguros.com.br\/en\/wp-json\/wp\/v2\/media?parent=3123"}],"curies":[{"name":"wp","href":"https:\/\/api.w.org\/{rel}","templated":true}]}}