{"id":3913,"date":"2022-05-24T11:06:49","date_gmt":"2022-05-24T14:06:49","guid":{"rendered":"https:\/\/sombreroseguros.com.br\/canal-de-denuncias\/"},"modified":"2023-04-27T23:26:46","modified_gmt":"2023-04-28T02:26:46","slug":"reporting-channel","status":"publish","type":"page","link":"https:\/\/sombreroseguros.com.br\/en\/reporting-channel\/","title":{"rendered":"Reporting Channel"},"content":{"rendered":"<p>[vc_row full_width=&#8221;stretch_row&#8221; css=&#8221;.vc_custom_1616677822275{margin-top: 0px !important;margin-bottom: 0px !important;border-top-width: 0px !important;border-bottom-width: 0px !important;padding-top: 40px !important;padding-bottom: 40px !important;background-color: #f7f7f7 !important;}&#8221; el_class=&#8221;overflow-hidden&#8221;][vc_column][vc_column_text]Reports and complaints may be submitted anonymously, or, if so wished, with identification. We ensure the confidentiality of the person\/entity identity, as well as impartiality, investigation, and the implementation of applicable measures, whether internal or from public authorities according to the report. Any form of retaliation will not be tolerated. This is our commitment.<\/p>\n<p><strong>Important: write your report as detailed and informative as possible.<\/strong>[\/vc_column_text][vc_column_text]<div class=\"frm_forms  with_frm_style frm_style_formidable-style\" id=\"frm_form_3_container\" >\n<form enctype=\"multipart\/form-data\" method=\"post\" class=\"frm-show-form  frm_pro_form \" id=\"form_canaldedenunciase45bde597b\" >\n<div class=\"frm_form_fields \">\n<fieldset>\n<legend class=\"frm_screen_reader\">Reporting Channel<\/legend>\r\n<h3 class=\"frm_form_title\">Reporting Channel<\/h3>\r\n<div class=\"frm_fields_container\">\n<input type=\"hidden\" name=\"frm_action\" value=\"create\" \/>\n<input type=\"hidden\" name=\"form_id\" value=\"3\" \/>\n<input type=\"hidden\" name=\"frm_hide_fields_3\" id=\"frm_hide_fields_3\" value=\"\" \/>\n<input type=\"hidden\" name=\"form_key\" value=\"canaldedenunciase45bde597b\" \/>\n<input type=\"hidden\" name=\"item_meta[0]\" value=\"\" \/>\n<input type=\"hidden\" id=\"frm_submit_entry_3\" name=\"frm_submit_entry_3\" value=\"909f18eaed\" \/><input type=\"hidden\" name=\"_wp_http_referer\" value=\"\/en\/wp-json\/wp\/v2\/pages\/3913\" \/><input type=\"hidden\" name=\"item_meta[22]\" id=\"field_nffr6e4f49d8a58\" value=\"\"     \/>\n<div id=\"frm_field_24_container\" class=\"frm_form_field form-field  frm_required_field frm_top_container\">\r\n    <label for=\"field_sb6u72dd7e46c88\" id=\"field_sb6u72dd7e46c88_label\" class=\"frm_primary_label\">Anonymous? \r\n        <span class=\"frm_required\" aria-hidden=\"true\">*<\/span>\r\n    <\/label>\r\n    \t\t<select name=\"item_meta[24]\" id=\"field_sb6u72dd7e46c88\"  data-reqmsg=\"Este campo n\u00e3o pode estar vazio.\" aria-required=\"true\" data-invmsg=\"Anonymous?  is invalid\" aria-invalid=\"false\"  >\n\t\t<option  value=\"Yes\">Yes<\/option><option  value=\"No\">No<\/option>\t<\/select>\n\t\r\n    \r\n    \r\n<\/div>\n<div id=\"frm_field_25_container\" class=\"frm_form_field frm_section_heading form-field \">\r\n<h3 class=\"frm_pos_top frm_section_spacing\">Personal Data<\/h3>\r\n\r\n\r\n<div id=\"frm_field_26_container\" class=\"frm_form_field form-field  frm_required_field frm_top_container frm_other_container\">\r\n    <label for=\"field_freg04b56251103\" id=\"field_freg04b56251103_label\" class=\"frm_primary_label\">You are a:\r\n        <span class=\"frm_required\" aria-hidden=\"true\">*<\/span>\r\n    <\/label>\r\n    \t\t<select name=\"item_meta[26]\" id=\"field_freg04b56251103\"  data-sectionid=\"25\"  data-reqmsg=\"Este campo n\u00e3o pode estar vazio.\" aria-required=\"true\" data-invmsg=\"You are a: is invalid\" aria-invalid=\"false\"  >\n\t\t<option  value=\"Client\">Client<\/option><option  value=\"Agent\">Agent<\/option><option  value=\"Employee \/ Partner\" class=\"frm_other_trigger\">Employee \/ Partner<\/option><option  value=\"Supplier \/ Service provider\">Supplier \/ Service provider<\/option><option  value=\"Expert\">Expert<\/option><option  value=\"Other\">Other<\/option>\t<\/select>\n\t<label for=\"field_freg04b56251103-otext\" class=\"frm_screen_reader frm_hidden\">You are a:<\/label><input type=\"text\" id=\"field_freg04b56251103-otext\" class=\"frm_other_input frm_pos_none\"  name=\"item_meta[other][26]\" value=\"\" \/>\r\n    \r\n    \r\n<\/div>\n<div id=\"frm_field_27_container\" class=\"frm_form_field form-field  frm_required_field frm_top_container frm12 frm_first\">\r\n    <label for=\"field_4a8q8cd9e73fe6a\" id=\"field_4a8q8cd9e73fe6a_label\" class=\"frm_primary_label\">Full name\r\n        <span class=\"frm_required\" aria-hidden=\"true\">*<\/span>\r\n    <\/label>\r\n    <input type=\"text\" id=\"field_4a8q8cd9e73fe6a\" name=\"item_meta[27]\" value=\"\"  data-sectionid=\"25\"  data-reqmsg=\"Este campo n\u00e3o pode estar vazio.\" aria-required=\"true\" data-invmsg=\"Text is invalid\" aria-invalid=\"false\"  \/>\r\n    \r\n    \r\n<\/div>\n<div id=\"frm_field_28_container\" class=\"frm_form_field form-field  frm_required_field frm_top_container frm12 frm_first\">\r\n    <label for=\"field_n9660f915838626\" id=\"field_n9660f915838626_label\" class=\"frm_primary_label\">Telephone number\r\n        <span class=\"frm_required\" aria-hidden=\"true\">*<\/span>\r\n    <\/label>\r\n    <input type=\"tel\" id=\"field_n9660f915838626\" name=\"item_meta[28]\" value=\"\"  data-sectionid=\"25\"  data-reqmsg=\"Este campo n\u00e3o pode estar vazio.\" aria-required=\"true\" data-invmsg=\"Phone is invalid\" aria-invalid=\"false\" pattern=\"((\\+\\d{1,3}(-|.| )?\\(?\\d\\)?(-| |.)?\\d{1,5})|(\\(?\\d{2,6}\\)?))(-|.| )?(\\d{3,4})(-|.| )?(\\d{4})(( x| ext)\\d{1,5}){0,1}$\"  \/>\r\n    \r\n    \r\n<\/div>\n<div id=\"frm_field_29_container\" class=\"frm_form_field form-field  frm_required_field frm_top_container frm12 frm_first\">\r\n    <label for=\"field_p6gkw499a79faaf\" id=\"field_p6gkw499a79faaf_label\" class=\"frm_primary_label\">E-mail\r\n        <span class=\"frm_required\" aria-hidden=\"true\">*<\/span>\r\n    <\/label>\r\n    <input type=\"email\" id=\"field_p6gkw499a79faaf\" name=\"item_meta[29]\" value=\"\"  data-sectionid=\"25\"  data-reqmsg=\"Este campo n\u00e3o pode estar vazio.\" aria-required=\"true\" data-invmsg=\"Email is invalid\" aria-invalid=\"false\"  \/>\r\n    \r\n    \r\n<\/div>\n<\/div>\n<div id=\"frm_field_31_container\" class=\"frm_form_field form-field  frm_required_field frm_top_container frm12\">\r\n    <label for=\"field_1wa4k729feb607e\" id=\"field_1wa4k729feb607e_label\" class=\"frm_primary_label\">Message\r\n        <span class=\"frm_required\" aria-hidden=\"true\">*<\/span>\r\n    <\/label>\r\n    <textarea name=\"item_meta[31]\" id=\"field_1wa4k729feb607e\" rows=\"5\"  data-reqmsg=\"Este campo n\u00e3o pode estar vazio.\" aria-required=\"true\" data-invmsg=\"Message is invalid\" aria-invalid=\"false\"  ><\/textarea>\r\n    \r\n    \r\n<\/div>\n<div id=\"frm_field_32_container\" class=\"frm_form_field form-field  frm_top_container frm12\">\r\n    <label for=\"field_jpb77d0e3a4ba5b\" id=\"field_jpb77d0e3a4ba5b_label\" class=\"frm_primary_label\">If you wish, you can attach a file to your message.\r\n        <span class=\"frm_required\" aria-hidden=\"true\"><\/span>\r\n    <\/label>\r\n    <input type=\"hidden\"  data-invmsg=\"Invalid File\" class=\"auto_width\" aria-invalid=\"false\"   name=\"item_meta[32][]\"  value=\"\" data-frmfile=\"32\" \/>\n\n<div class=\"frm_dropzone frm_multi_upload frm_clearfix\" id=\"file32_dropzone\" role=\"group\" >\n\t<div class=\"fallback\">\n\t\t<input type=\"file\" name=\"file32[]\" id=\"field_jpb77d0e3a4ba5b\"\n\t\t\t data-frmfile=\"32\" multiple=\"multiple\"  data-invmsg=\"Invalid File\" class=\"auto_width\" aria-invalid=\"false\"  \t\t\t\/>\n\t\t\t\t<div class=\"frm_clearfix \"><\/div>\n\t<\/div>\n\t<div class=\"dz-message needsclick\">\n\t\t\t\t<svg  viewBox=\"0 0 18 18\" class=\"frmsvg frm-svg-icon\">\n\t<path viewBox=\"0 0 18 18\" fill-rule=\"evenodd\" clip-rule=\"evenodd\" d=\"M8.2 4v8a.8.8 0 001.5 0V4l2.1 2.2A.7.7 0 1013 5L9.5 1.7a.7.7 0 00-1.1 0L5.1 5.2a.8.8 0 001 1l2.1-2zm7.6 4.3c.4 0 .7.3.7.7v6.8c0 .4-.3.7-.8.7H2.3a.8.8 0 01-.8-.8V9A.8.8 0 013 9v6h12V9c0-.4.3-.8.8-.8z\"><\/path>\n<\/svg>\t\t<span class=\"frm_upload_text\"><button type=\"button\" aria-label=\"If you wish, you can attach a file to your message.. Drop your file in this area or click here to select a file and upload it.. Maximum file size: 50MB\">Drop your file in this area or click here to select a file and upload it.<\/button><\/span>\n\t\t<span class=\"frm_compact_text\"><button type=\"button\" aria-label=\"If you wish, you can attach a file to your message.. Choose File. Maximum file size: 50MB\">Choose File<\/button><\/span>\n\t\t<div class=\"frm_small_text\">\n\t\t\t<p>Maximum file size: 50MB<\/p>\n\t\t<\/div>\n\t<\/div>\n<\/div>\n\t\r\n    \r\n    \r\n<\/div>\n<div id=\"frm_field_33_container\" class=\"frm_form_field form-field  frm_top_container\">\r\n    <label for=\"field_54m6l\" id=\"field_54m6l_label\" class=\"frm_primary_label\">Paragraph\r\n        <span class=\"frm_required\"><\/span>\r\n    <\/label>\r\n    <textarea name=\"item_meta[33]\" id=\"field_54m6l\" rows=\"5\"  data-invmsg=\"Paragraph is invalid\" aria-invalid=\"false\"  ><\/textarea>\r\n    \r\n    \r\n<\/div>\n<div id=\"frm_field_34_container\" class=\"frm_form_field form-field  frm_top_container\">\r\n    <label for=\"field_i8e5z\" id=\"field_i8e5z_label\" class=\"frm_primary_label\">Text\r\n        <span class=\"frm_required\"><\/span>\r\n    <\/label>\r\n    <input type=\"text\" id=\"field_i8e5z\" name=\"item_meta[34]\" value=\"\"  data-invmsg=\"Text is invalid\" aria-invalid=\"false\"  \/>\r\n    \r\n    \r\n<\/div>\n\t<input type=\"hidden\" name=\"item_key\" value=\"\" \/>\n\t\t\t<div id=\"frm_field_46_container\">\n\t\t\t<label for=\"field_9ltme\" >\n\t\t\t\tIf you are human, leave this field blank.\t\t\t<\/label>\n\t\t\t<input  id=\"field_9ltme\" type=\"text\" class=\"frm_form_field form-field frm_verify\" name=\"item_meta[46]\" value=\"\"  \/>\n\t\t<\/div>\n\t\t<input name=\"frm_state\" type=\"hidden\" value=\"eKln074oY5ULgj7I3zzmGEHVyDsdR5zqh\/U4aVfj1I6iO3Rt\/FF+xnpAKp4X\/Lxq\" \/><script>\r\nconst d = new Date();\r\nconst data = d.getTime();\r\njQuery(\"#field_nffr6\").val(data);\r\n<\/script><div class=\"frm_submit\">\r\n\r\n<button class=\"frm_button_submit frm_final_submit\" type=\"submit\"   formnovalidate=\"formnovalidate\">Send<\/button>\r\n\r\n<\/div><\/div>\n<\/fieldset>\n<\/div>\n\n<p style=\"display: none !important;\" class=\"akismet-fields-container\" data-prefix=\"ak_\"><label>&#916;<textarea name=\"ak_hp_textarea\" cols=\"45\" rows=\"8\" maxlength=\"100\"><\/textarea><\/label><input type=\"hidden\" id=\"ak_js_1\" name=\"ak_js\" value=\"157\"\/><script>document.getElementById( \"ak_js_1\" ).setAttribute( \"value\", ( new Date() ).getTime() );<\/script><\/p><\/form>\n<\/div>\n[\/vc_column_text][\/vc_column][\/vc_row]<\/p>\n","protected":false},"excerpt":{"rendered":"<p>[vc_row full_width=&#8221;stretch_row&#8221; css=&#8221;.vc_custom_1616677822275{margin-top: 0px !important;margin-bottom: 0px !important;border-top-width: 0px !important;border-bottom-width: 0px !important;padding-top: 40px !important;padding-bottom: 40px !important;background-color: #f7f7f7 !important;}&#8221; el_class=&#8221;overflow-hidden&#8221;][vc_column][vc_column_text]Reports and complaints may be submitted anonymously, or, if so wished, with identification. We ensure the confidentiality of the person\/entity identity, as well as impartiality, investigation, and the implementation of applicable measures, whether internal or from public authorities [&hellip;]<\/p>\n","protected":false},"author":1,"featured_media":0,"parent":0,"menu_order":0,"comment_status":"closed","ping_status":"closed","template":"","meta":{"footnotes":""},"class_list":["post-3913","page","type-page","status-publish","hentry"],"yoast_head":"<!-- This site is optimized with the Yoast SEO plugin v27.4 - https:\/\/yoast.com\/product\/yoast-seo-wordpress\/ -->\n<title>Reporting Channel - Sombrero Seguradora<\/title>\n<meta name=\"description\" content=\"Fale conosco pelo SAC: 08007499090\u00a0ou Ouvidoria: 08007491212. Estamos sempre \u00e0 disposi\u00e7\u00e3o para esclarecer qualquer d\u00favida.\" \/>\n<meta name=\"robots\" content=\"noindex, nofollow\" \/>\n<meta property=\"og:locale\" content=\"en_US\" \/>\n<meta property=\"og:type\" content=\"article\" \/>\n<meta property=\"og:title\" content=\"Reporting Channel - Sombrero Seguradora\" \/>\n<meta property=\"og:description\" content=\"Fale conosco pelo SAC: 08007499090\u00a0ou Ouvidoria: 08007491212. Estamos sempre \u00e0 disposi\u00e7\u00e3o para esclarecer qualquer d\u00favida.\" \/>\n<meta property=\"og:url\" content=\"https:\/\/sombreroseguros.com.br\/en\/reporting-channel\/\" \/>\n<meta property=\"og:site_name\" content=\"Sombrero Seguradora\" \/>\n<meta property=\"article:publisher\" content=\"https:\/\/www.facebook.com\/sombreroseguros\" \/>\n<meta property=\"article:modified_time\" content=\"2023-04-28T02:26:46+00:00\" \/>\n<meta name=\"twitter:card\" content=\"summary_large_image\" \/>\n<meta name=\"twitter:label1\" content=\"Est. reading time\" \/>\n\t<meta name=\"twitter:data1\" content=\"1 minute\" \/>\n<script type=\"application\/ld+json\" class=\"yoast-schema-graph\">{\"@context\":\"https:\\\/\\\/schema.org\",\"@graph\":[{\"@type\":[\"WebPage\",\"ContactPage\"],\"@id\":\"https:\\\/\\\/sombreroseguros.com.br\\\/en\\\/reporting-channel\\\/\",\"url\":\"https:\\\/\\\/sombreroseguros.com.br\\\/en\\\/reporting-channel\\\/\",\"name\":\"Reporting Channel - Sombrero Seguradora\",\"isPartOf\":{\"@id\":\"https:\\\/\\\/sombreroseguros.com.br\\\/#website\"},\"datePublished\":\"2022-05-24T14:06:49+00:00\",\"dateModified\":\"2023-04-28T02:26:46+00:00\",\"description\":\"Fale conosco pelo SAC: 08007499090\u00a0ou Ouvidoria: 08007491212. Estamos sempre \u00e0 disposi\u00e7\u00e3o para esclarecer qualquer d\u00favida.\",\"breadcrumb\":{\"@id\":\"https:\\\/\\\/sombreroseguros.com.br\\\/en\\\/reporting-channel\\\/#breadcrumb\"},\"inLanguage\":\"en-US\",\"potentialAction\":[{\"@type\":\"ReadAction\",\"target\":[\"https:\\\/\\\/sombreroseguros.com.br\\\/en\\\/reporting-channel\\\/\"]}]},{\"@type\":\"BreadcrumbList\",\"@id\":\"https:\\\/\\\/sombreroseguros.com.br\\\/en\\\/reporting-channel\\\/#breadcrumb\",\"itemListElement\":[{\"@type\":\"ListItem\",\"position\":1,\"name\":\"In\u00edcio\",\"item\":\"https:\\\/\\\/sombreroseguros.com.br\\\/en\\\/\"},{\"@type\":\"ListItem\",\"position\":2,\"name\":\"Reporting Channel\"}]},{\"@type\":\"WebSite\",\"@id\":\"https:\\\/\\\/sombreroseguros.com.br\\\/#website\",\"url\":\"https:\\\/\\\/sombreroseguros.com.br\\\/\",\"name\":\"Sombrero Seguradora\",\"description\":\"Protege o futuro de quem produz.\",\"publisher\":{\"@id\":\"https:\\\/\\\/sombreroseguros.com.br\\\/#organization\"},\"potentialAction\":[{\"@type\":\"SearchAction\",\"target\":{\"@type\":\"EntryPoint\",\"urlTemplate\":\"https:\\\/\\\/sombreroseguros.com.br\\\/?s={search_term_string}\"},\"query-input\":{\"@type\":\"PropertyValueSpecification\",\"valueRequired\":true,\"valueName\":\"search_term_string\"}}],\"inLanguage\":\"en-US\"},{\"@type\":\"Organization\",\"@id\":\"https:\\\/\\\/sombreroseguros.com.br\\\/#organization\",\"name\":\"Sombrero Seguradora\",\"url\":\"https:\\\/\\\/sombreroseguros.com.br\\\/\",\"logo\":{\"@type\":\"ImageObject\",\"inLanguage\":\"en-US\",\"@id\":\"https:\\\/\\\/sombreroseguros.com.br\\\/#\\\/schema\\\/logo\\\/image\\\/\",\"url\":\"https:\\\/\\\/sombreroseguros.com.br\\\/wp-content\\\/uploads\\\/2021\\\/04\\\/sombrero_logo.png\",\"contentUrl\":\"https:\\\/\\\/sombreroseguros.com.br\\\/wp-content\\\/uploads\\\/2021\\\/04\\\/sombrero_logo.png\",\"width\":370,\"height\":100,\"caption\":\"Sombrero Seguradora\"},\"image\":{\"@id\":\"https:\\\/\\\/sombreroseguros.com.br\\\/#\\\/schema\\\/logo\\\/image\\\/\"},\"sameAs\":[\"https:\\\/\\\/www.facebook.com\\\/sombreroseguros\",\"https:\\\/\\\/www.instagram.com\\\/sombreroseguros\",\"https:\\\/\\\/www.linkedin.com\\\/company\\\/sombreroseguradora\\\/\"]}]}<\/script>\n<!-- \/ Yoast SEO plugin. -->","yoast_head_json":{"title":"Reporting Channel - Sombrero Seguradora","description":"Fale conosco pelo SAC: 08007499090\u00a0ou Ouvidoria: 08007491212. Estamos sempre \u00e0 disposi\u00e7\u00e3o para esclarecer qualquer d\u00favida.","robots":{"index":"noindex","follow":"nofollow"},"og_locale":"en_US","og_type":"article","og_title":"Reporting Channel - Sombrero Seguradora","og_description":"Fale conosco pelo SAC: 08007499090\u00a0ou Ouvidoria: 08007491212. Estamos sempre \u00e0 disposi\u00e7\u00e3o para esclarecer qualquer d\u00favida.","og_url":"https:\/\/sombreroseguros.com.br\/en\/reporting-channel\/","og_site_name":"Sombrero Seguradora","article_publisher":"https:\/\/www.facebook.com\/sombreroseguros","article_modified_time":"2023-04-28T02:26:46+00:00","twitter_card":"summary_large_image","twitter_misc":{"Est. reading time":"1 minute"},"schema":{"@context":"https:\/\/schema.org","@graph":[{"@type":["WebPage","ContactPage"],"@id":"https:\/\/sombreroseguros.com.br\/en\/reporting-channel\/","url":"https:\/\/sombreroseguros.com.br\/en\/reporting-channel\/","name":"Reporting Channel - Sombrero Seguradora","isPartOf":{"@id":"https:\/\/sombreroseguros.com.br\/#website"},"datePublished":"2022-05-24T14:06:49+00:00","dateModified":"2023-04-28T02:26:46+00:00","description":"Fale conosco pelo SAC: 08007499090\u00a0ou Ouvidoria: 08007491212. Estamos sempre \u00e0 disposi\u00e7\u00e3o para esclarecer qualquer d\u00favida.","breadcrumb":{"@id":"https:\/\/sombreroseguros.com.br\/en\/reporting-channel\/#breadcrumb"},"inLanguage":"en-US","potentialAction":[{"@type":"ReadAction","target":["https:\/\/sombreroseguros.com.br\/en\/reporting-channel\/"]}]},{"@type":"BreadcrumbList","@id":"https:\/\/sombreroseguros.com.br\/en\/reporting-channel\/#breadcrumb","itemListElement":[{"@type":"ListItem","position":1,"name":"In\u00edcio","item":"https:\/\/sombreroseguros.com.br\/en\/"},{"@type":"ListItem","position":2,"name":"Reporting Channel"}]},{"@type":"WebSite","@id":"https:\/\/sombreroseguros.com.br\/#website","url":"https:\/\/sombreroseguros.com.br\/","name":"Sombrero Seguradora","description":"Protege o futuro de quem produz.","publisher":{"@id":"https:\/\/sombreroseguros.com.br\/#organization"},"potentialAction":[{"@type":"SearchAction","target":{"@type":"EntryPoint","urlTemplate":"https:\/\/sombreroseguros.com.br\/?s={search_term_string}"},"query-input":{"@type":"PropertyValueSpecification","valueRequired":true,"valueName":"search_term_string"}}],"inLanguage":"en-US"},{"@type":"Organization","@id":"https:\/\/sombreroseguros.com.br\/#organization","name":"Sombrero Seguradora","url":"https:\/\/sombreroseguros.com.br\/","logo":{"@type":"ImageObject","inLanguage":"en-US","@id":"https:\/\/sombreroseguros.com.br\/#\/schema\/logo\/image\/","url":"https:\/\/sombreroseguros.com.br\/wp-content\/uploads\/2021\/04\/sombrero_logo.png","contentUrl":"https:\/\/sombreroseguros.com.br\/wp-content\/uploads\/2021\/04\/sombrero_logo.png","width":370,"height":100,"caption":"Sombrero Seguradora"},"image":{"@id":"https:\/\/sombreroseguros.com.br\/#\/schema\/logo\/image\/"},"sameAs":["https:\/\/www.facebook.com\/sombreroseguros","https:\/\/www.instagram.com\/sombreroseguros","https:\/\/www.linkedin.com\/company\/sombreroseguradora\/"]}]}},"_links":{"self":[{"href":"https:\/\/sombreroseguros.com.br\/en\/wp-json\/wp\/v2\/pages\/3913","targetHints":{"allow":["GET"]}}],"collection":[{"href":"https:\/\/sombreroseguros.com.br\/en\/wp-json\/wp\/v2\/pages"}],"about":[{"href":"https:\/\/sombreroseguros.com.br\/en\/wp-json\/wp\/v2\/types\/page"}],"author":[{"embeddable":true,"href":"https:\/\/sombreroseguros.com.br\/en\/wp-json\/wp\/v2\/users\/1"}],"replies":[{"embeddable":true,"href":"https:\/\/sombreroseguros.com.br\/en\/wp-json\/wp\/v2\/comments?post=3913"}],"version-history":[{"count":2,"href":"https:\/\/sombreroseguros.com.br\/en\/wp-json\/wp\/v2\/pages\/3913\/revisions"}],"predecessor-version":[{"id":3939,"href":"https:\/\/sombreroseguros.com.br\/en\/wp-json\/wp\/v2\/pages\/3913\/revisions\/3939"}],"wp:attachment":[{"href":"https:\/\/sombreroseguros.com.br\/en\/wp-json\/wp\/v2\/media?parent=3913"}],"curies":[{"name":"wp","href":"https:\/\/api.w.org\/{rel}","templated":true}]}}