{"id":6457,"date":"2023-12-04T16:46:41","date_gmt":"2023-12-04T19:46:41","guid":{"rendered":"https:\/\/sombreroseguros.com.br\/seja-um-corretor-parceiro\/"},"modified":"2024-05-21T17:16:44","modified_gmt":"2024-05-21T20:16:44","slug":"sea-un-corredor-parceiro","status":"publish","type":"page","link":"https:\/\/sombreroseguros.com.br\/es\/sea-un-corredor-parceiro\/","title":{"rendered":"Sea un corredor"},"content":{"rendered":"<p>[vc_row full_width=&#8221;stretch_row&#8221; css=&#8221;.vc_custom_1616675217179{margin-top: 0px !important;margin-bottom: 0px !important;border-top-width: 0px !important;border-bottom-width: 0px !important;padding-top: 40px !important;padding-bottom: 40px !important;background-color: #f7f7f7 !important;}&#8221; el_class=&#8221;overflow-hidden&#8221;][vc_column][vc_row_inner][vc_column_inner width=&#8221;1\/2&#8243;][vc_single_image image=&#8221;4420&#8243; img_size=&#8221;full&#8221;][\/vc_column_inner][vc_column_inner width=&#8221;1\/2&#8243;][vc_custom_heading text=&#8221;H\u00e1gase Socio Colaborador de<br \/>\nSombrero Seguros&#8221; font_container=&#8221;tag:h2|text_align:left|color:%2314a19d&#8221; use_theme_fonts=&#8221;yes&#8221;][vc_column_text el_class=&#8221;mb-4&#8243;]Sombrero cree que los corredores son consultores de riesgos cuyo trabajo consiste en encontrar la mejor soluci\u00f3n aseguradora para sus clientes. Porque no basta con vender p\u00f3lizas. Tienen que conocer a fondo las necesidades del cliente y los productos del mercado.<\/p>\n<p>Sombrero re\u00fane a profesionales especializados capaces de desarrollar soluciones de mitigaci\u00f3n de riesgos adaptadas a cada situaci\u00f3n, proporcionando un servicio eficaz y fiable.<\/p>\n<p>Si adem\u00e1s quieres contar con una infraestructura de \u00faltima generaci\u00f3n y todo el apoyo que necesita para ofrecer r\u00e1pidamente las mejores soluciones a sus clientes, hazte socio de Sombrero Seguros.[\/vc_column_text][vc_btn title=&#8221;Reg\u00edstrese aqu\u00ed&#8221; shape=&#8221;round&#8221; color=&#8221;purple&#8221; size=&#8221;lg&#8221; align=&#8221;center&#8221; i_icon_fontawesome=&#8221;fas fa-external-link-alt&#8221; add_icon=&#8221;true&#8221; link=&#8221;url:https%3A%2F%2Fform.jotform.com%2F233255835535662|target:_blank&#8221; el_class=&#8221;botaoRoxoImagem&#8221;][\/vc_column_inner][\/vc_row_inner][\/vc_column][\/vc_row][vc_row][vc_column width=&#8221;1\/2&#8243;][vc_custom_heading text=&#8221;Acceso de los corredores al Portal de Garant\u00edas&#8221; font_container=&#8221;tag:h3|text_align:left|color:%2314a19d&#8221; use_theme_fonts=&#8221;yes&#8221;][vc_column_text]Para acceder al Portal de Garant\u00edas, haga <strong><a href=\"https:\/\/portalgarantias.sombreroseguros.com.br\/login?_ga=2.148493495.1617199467.1681849989-380570009.1667480400\" target=\"_blank\" rel=\"noopener\">click aqu\u00ed<\/a><\/strong>.[\/vc_column_text][vc_row_inner][vc_column_inner][vc_empty_space][\/vc_column_inner][vc_column_inner][vc_custom_heading text=&#8221;Acceso de los corredores al Portal Property&#8221; font_container=&#8221;tag:h3|text_align:left|color:%2314a19d&#8221; use_theme_fonts=&#8221;yes&#8221;][\/vc_column_inner][\/vc_row_inner][vc_column_text]Para acceder al Portal Property, haga <strong><a href=\"https:\/\/plataforma.mgucapital.com.br\/login\" target=\"_blank\" rel=\"noopener\">click aqu\u00ed<\/a><\/strong>.[\/vc_column_text][vc_row_inner][vc_column_inner][vc_empty_space][\/vc_column_inner][vc_column_inner][vc_custom_heading text=&#8221;Acceso al Portal de Maquinaria y Mejoras&#8221; font_container=&#8221;tag:h3|text_align:left|color:%2314a19d&#8221; use_theme_fonts=&#8221;yes&#8221;][\/vc_column_inner][\/vc_row_inner][vc_column_text]Para acceder al de Maquinaria y Mejoras, haga <strong><a href=\"https:\/\/maquinas.sombreroseguros.com.br\/login\" target=\"_blank\" rel=\"noopener\">click aqu\u00ed<\/a><\/strong>.[\/vc_column_text][\/vc_column][vc_column width=&#8221;1\/2&#8243;][vc_custom_heading text=&#8221;Descargar la gu\u00eda pr\u00e1ctica de acceso<br \/>\nal Portal de Garant\u00eda&#8221; font_container=&#8221;tag:h3|text_align:left|color:%2314a19d&#8221; use_theme_fonts=&#8221;yes&#8221;][vc_column_text]Emisi\u00f3n de una nueva propuesta[\/vc_column_text][vc_btn title=&#8221;Download 1&#8243; shape=&#8221;round&#8221; color=&#8221;turquoise&#8221; i_icon_fontawesome=&#8221;fas fa-download&#8221; add_icon=&#8221;true&#8221; link=&#8221;url:https%3A%2F%2Fsombreroseguros.com.br%2Fwp-content%2Fuploads%2F2023%2F08%2FSOMBRERO_-PORTAL-GARANTIA_CADASTRO-EMISSAO-DE-NOVA-PROPOSTA_v4.pdf|target:_blank&#8221;][vc_column_text]Primer acceso y registro de contrase\u00f1a[\/vc_column_text][vc_btn title=&#8221;Download 2&#8243; shape=&#8221;round&#8221; color=&#8221;turquoise&#8221; i_icon_fontawesome=&#8221;fas fa-download&#8221; add_icon=&#8221;true&#8221; link=&#8221;url:https%3A%2F%2Fsombreroseguros.com.br%2Fwp-content%2Fuploads%2F2023%2F08%2FSOMBRERO_-PORTAL-GARANTIA_PRIMEIRO-ACESSO_CADASTRO-COMO-FAZER_v4-1.pdf|target:_blank&#8221;][\/vc_column][\/vc_row]<\/p>\n","protected":false},"excerpt":{"rendered":"<p>[vc_row full_width=&#8221;stretch_row&#8221; css=&#8221;.vc_custom_1616675217179{margin-top: 0px !important;margin-bottom: 0px !important;border-top-width: 0px !important;border-bottom-width: 0px !important;padding-top: 40px !important;padding-bottom: 40px !important;background-color: #f7f7f7 !important;}&#8221; el_class=&#8221;overflow-hidden&#8221;][vc_column][vc_row_inner][vc_column_inner width=&#8221;1\/2&#8243;][vc_single_image image=&#8221;4420&#8243; img_size=&#8221;full&#8221;][\/vc_column_inner][vc_column_inner width=&#8221;1\/2&#8243;][vc_custom_heading text=&#8221;H\u00e1gase Socio Colaborador de Sombrero Seguros&#8221; font_container=&#8221;tag:h2|text_align:left|color:%2314a19d&#8221; use_theme_fonts=&#8221;yes&#8221;][vc_column_text el_class=&#8221;mb-4&#8243;]Sombrero cree que los corredores son consultores de riesgos cuyo trabajo consiste en encontrar la mejor soluci\u00f3n aseguradora para sus clientes. Porque no basta con [&hellip;]<\/p>\n","protected":false},"author":3,"featured_media":0,"parent":0,"menu_order":0,"comment_status":"closed","ping_status":"closed","template":"","meta":{"footnotes":""},"class_list":["post-6457","page","type-page","status-publish","hentry"],"yoast_head":"<!-- This site is optimized with the Yoast SEO plugin v27.3 - https:\/\/yoast.com\/product\/yoast-seo-wordpress\/ -->\n<title>Sea un corredor - Sombrero Seguradora<\/title>\n<meta name=\"description\" content=\"Seja um corretor Sombrero sEguros e conte com uma infraestrutura de ponta e suporte para oferecer as melhores solu\u00e7\u00f5es para os seus clientes\" \/>\n<meta name=\"robots\" content=\"index, follow, max-snippet:-1, max-image-preview:large, max-video-preview:-1\" \/>\n<link rel=\"canonical\" href=\"https:\/\/sombreroseguros.com.br\/es\/sea-un-corredor-parceiro\/\" \/>\n<meta property=\"og:locale\" content=\"es_ES\" \/>\n<meta property=\"og:type\" content=\"article\" \/>\n<meta property=\"og:title\" content=\"Sea un corredor - Sombrero Seguradora\" \/>\n<meta property=\"og:description\" content=\"Seja um corretor Sombrero sEguros e conte com uma infraestrutura de ponta e suporte para oferecer as melhores solu\u00e7\u00f5es para os seus clientes\" \/>\n<meta property=\"og:url\" content=\"https:\/\/sombreroseguros.com.br\/es\/sea-un-corredor-parceiro\/\" \/>\n<meta property=\"og:site_name\" content=\"Sombrero Seguradora\" \/>\n<meta property=\"article:publisher\" content=\"https:\/\/www.facebook.com\/sombreroseguros\" \/>\n<meta property=\"article:modified_time\" content=\"2024-05-21T20:16:44+00:00\" \/>\n<meta name=\"twitter:card\" content=\"summary_large_image\" \/>\n<meta name=\"twitter:label1\" content=\"Tiempo de lectura\" \/>\n\t<meta name=\"twitter:data1\" content=\"2 minutos\" \/>\n<script type=\"application\/ld+json\" class=\"yoast-schema-graph\">{\"@context\":\"https:\\\/\\\/schema.org\",\"@graph\":[{\"@type\":\"WebPage\",\"@id\":\"https:\\\/\\\/sombreroseguros.com.br\\\/es\\\/sea-un-corredor-parceiro\\\/\",\"url\":\"https:\\\/\\\/sombreroseguros.com.br\\\/es\\\/sea-un-corredor-parceiro\\\/\",\"name\":\"Sea un corredor - Sombrero Seguradora\",\"isPartOf\":{\"@id\":\"https:\\\/\\\/sombreroseguros.com.br\\\/#website\"},\"datePublished\":\"2023-12-04T19:46:41+00:00\",\"dateModified\":\"2024-05-21T20:16:44+00:00\",\"description\":\"Seja um corretor Sombrero sEguros e conte com uma infraestrutura de ponta e suporte para oferecer as melhores solu\u00e7\u00f5es para os seus clientes\",\"breadcrumb\":{\"@id\":\"https:\\\/\\\/sombreroseguros.com.br\\\/es\\\/sea-un-corredor-parceiro\\\/#breadcrumb\"},\"inLanguage\":\"es\",\"potentialAction\":[{\"@type\":\"ReadAction\",\"target\":[\"https:\\\/\\\/sombreroseguros.com.br\\\/es\\\/sea-un-corredor-parceiro\\\/\"]}]},{\"@type\":\"BreadcrumbList\",\"@id\":\"https:\\\/\\\/sombreroseguros.com.br\\\/es\\\/sea-un-corredor-parceiro\\\/#breadcrumb\",\"itemListElement\":[{\"@type\":\"ListItem\",\"position\":1,\"name\":\"In\u00edcio\",\"item\":\"https:\\\/\\\/sombreroseguros.com.br\\\/es\\\/\"},{\"@type\":\"ListItem\",\"position\":2,\"name\":\"Sea un corredor\"}]},{\"@type\":\"WebSite\",\"@id\":\"https:\\\/\\\/sombreroseguros.com.br\\\/#website\",\"url\":\"https:\\\/\\\/sombreroseguros.com.br\\\/\",\"name\":\"Sombrero Seguradora\",\"description\":\"Protege o futuro de quem produz.\",\"publisher\":{\"@id\":\"https:\\\/\\\/sombreroseguros.com.br\\\/#organization\"},\"potentialAction\":[{\"@type\":\"SearchAction\",\"target\":{\"@type\":\"EntryPoint\",\"urlTemplate\":\"https:\\\/\\\/sombreroseguros.com.br\\\/?s={search_term_string}\"},\"query-input\":{\"@type\":\"PropertyValueSpecification\",\"valueRequired\":true,\"valueName\":\"search_term_string\"}}],\"inLanguage\":\"es\"},{\"@type\":\"Organization\",\"@id\":\"https:\\\/\\\/sombreroseguros.com.br\\\/#organization\",\"name\":\"Sombrero Seguradora\",\"url\":\"https:\\\/\\\/sombreroseguros.com.br\\\/\",\"logo\":{\"@type\":\"ImageObject\",\"inLanguage\":\"es\",\"@id\":\"https:\\\/\\\/sombreroseguros.com.br\\\/#\\\/schema\\\/logo\\\/image\\\/\",\"url\":\"https:\\\/\\\/sombreroseguros.com.br\\\/wp-content\\\/uploads\\\/2021\\\/04\\\/sombrero_logo.png\",\"contentUrl\":\"https:\\\/\\\/sombreroseguros.com.br\\\/wp-content\\\/uploads\\\/2021\\\/04\\\/sombrero_logo.png\",\"width\":370,\"height\":100,\"caption\":\"Sombrero Seguradora\"},\"image\":{\"@id\":\"https:\\\/\\\/sombreroseguros.com.br\\\/#\\\/schema\\\/logo\\\/image\\\/\"},\"sameAs\":[\"https:\\\/\\\/www.facebook.com\\\/sombreroseguros\",\"https:\\\/\\\/www.instagram.com\\\/sombreroseguros\",\"https:\\\/\\\/www.linkedin.com\\\/company\\\/sombreroseguradora\\\/\"]}]}<\/script>\n<!-- \/ Yoast SEO plugin. -->","yoast_head_json":{"title":"Sea un corredor - Sombrero Seguradora","description":"Seja um corretor Sombrero sEguros e conte com uma infraestrutura de ponta e suporte para oferecer as melhores solu\u00e7\u00f5es para os seus clientes","robots":{"index":"index","follow":"follow","max-snippet":"max-snippet:-1","max-image-preview":"max-image-preview:large","max-video-preview":"max-video-preview:-1"},"canonical":"https:\/\/sombreroseguros.com.br\/es\/sea-un-corredor-parceiro\/","og_locale":"es_ES","og_type":"article","og_title":"Sea un corredor - Sombrero Seguradora","og_description":"Seja um corretor Sombrero sEguros e conte com uma infraestrutura de ponta e suporte para oferecer as melhores solu\u00e7\u00f5es para os seus clientes","og_url":"https:\/\/sombreroseguros.com.br\/es\/sea-un-corredor-parceiro\/","og_site_name":"Sombrero Seguradora","article_publisher":"https:\/\/www.facebook.com\/sombreroseguros","article_modified_time":"2024-05-21T20:16:44+00:00","twitter_card":"summary_large_image","twitter_misc":{"Tiempo de lectura":"2 minutos"},"schema":{"@context":"https:\/\/schema.org","@graph":[{"@type":"WebPage","@id":"https:\/\/sombreroseguros.com.br\/es\/sea-un-corredor-parceiro\/","url":"https:\/\/sombreroseguros.com.br\/es\/sea-un-corredor-parceiro\/","name":"Sea un corredor - Sombrero Seguradora","isPartOf":{"@id":"https:\/\/sombreroseguros.com.br\/#website"},"datePublished":"2023-12-04T19:46:41+00:00","dateModified":"2024-05-21T20:16:44+00:00","description":"Seja um corretor Sombrero sEguros e conte com uma infraestrutura de ponta e suporte para oferecer as melhores solu\u00e7\u00f5es para os seus clientes","breadcrumb":{"@id":"https:\/\/sombreroseguros.com.br\/es\/sea-un-corredor-parceiro\/#breadcrumb"},"inLanguage":"es","potentialAction":[{"@type":"ReadAction","target":["https:\/\/sombreroseguros.com.br\/es\/sea-un-corredor-parceiro\/"]}]},{"@type":"BreadcrumbList","@id":"https:\/\/sombreroseguros.com.br\/es\/sea-un-corredor-parceiro\/#breadcrumb","itemListElement":[{"@type":"ListItem","position":1,"name":"In\u00edcio","item":"https:\/\/sombreroseguros.com.br\/es\/"},{"@type":"ListItem","position":2,"name":"Sea un corredor"}]},{"@type":"WebSite","@id":"https:\/\/sombreroseguros.com.br\/#website","url":"https:\/\/sombreroseguros.com.br\/","name":"Sombrero Seguradora","description":"Protege o futuro de quem produz.","publisher":{"@id":"https:\/\/sombreroseguros.com.br\/#organization"},"potentialAction":[{"@type":"SearchAction","target":{"@type":"EntryPoint","urlTemplate":"https:\/\/sombreroseguros.com.br\/?s={search_term_string}"},"query-input":{"@type":"PropertyValueSpecification","valueRequired":true,"valueName":"search_term_string"}}],"inLanguage":"es"},{"@type":"Organization","@id":"https:\/\/sombreroseguros.com.br\/#organization","name":"Sombrero Seguradora","url":"https:\/\/sombreroseguros.com.br\/","logo":{"@type":"ImageObject","inLanguage":"es","@id":"https:\/\/sombreroseguros.com.br\/#\/schema\/logo\/image\/","url":"https:\/\/sombreroseguros.com.br\/wp-content\/uploads\/2021\/04\/sombrero_logo.png","contentUrl":"https:\/\/sombreroseguros.com.br\/wp-content\/uploads\/2021\/04\/sombrero_logo.png","width":370,"height":100,"caption":"Sombrero Seguradora"},"image":{"@id":"https:\/\/sombreroseguros.com.br\/#\/schema\/logo\/image\/"},"sameAs":["https:\/\/www.facebook.com\/sombreroseguros","https:\/\/www.instagram.com\/sombreroseguros","https:\/\/www.linkedin.com\/company\/sombreroseguradora\/"]}]}},"_links":{"self":[{"href":"https:\/\/sombreroseguros.com.br\/es\/wp-json\/wp\/v2\/pages\/6457","targetHints":{"allow":["GET"]}}],"collection":[{"href":"https:\/\/sombreroseguros.com.br\/es\/wp-json\/wp\/v2\/pages"}],"about":[{"href":"https:\/\/sombreroseguros.com.br\/es\/wp-json\/wp\/v2\/types\/page"}],"author":[{"embeddable":true,"href":"https:\/\/sombreroseguros.com.br\/es\/wp-json\/wp\/v2\/users\/3"}],"replies":[{"embeddable":true,"href":"https:\/\/sombreroseguros.com.br\/es\/wp-json\/wp\/v2\/comments?post=6457"}],"version-history":[{"count":8,"href":"https:\/\/sombreroseguros.com.br\/es\/wp-json\/wp\/v2\/pages\/6457\/revisions"}],"predecessor-version":[{"id":6458,"href":"https:\/\/sombreroseguros.com.br\/es\/wp-json\/wp\/v2\/pages\/6457\/revisions\/6458"}],"wp:attachment":[{"href":"https:\/\/sombreroseguros.com.br\/es\/wp-json\/wp\/v2\/media?parent=6457"}],"curies":[{"name":"wp","href":"https:\/\/api.w.org\/{rel}","templated":true}]}}