{"id":6478,"date":"2021-03-10T10:08:54","date_gmt":"2021-03-10T13:08:54","guid":{"rendered":"https:\/\/sombreroseguros.com.br\/sobre-a-sombrero\/"},"modified":"2024-05-22T22:05:52","modified_gmt":"2024-05-23T01:05:52","slug":"acerca-de-sombrero","status":"publish","type":"page","link":"https:\/\/sombreroseguros.com.br\/es\/acerca-de-sombrero\/","title":{"rendered":"Acerca de Sombrero"},"content":{"rendered":"<p>[vc_row][vc_column]\n        <div class=\"feedback-insuarance wow fadeInUp\" data-wow-duration=\"0.9s\">\n            <div id=\"carouselExampleFade\" class=\"carousel slide carousel-fade\" data-ride=\"carousel\">\n                <div class=\"carousel-inner\">\n                        <div class=\"carousel-item active feedback-insuarancebox\">\n                            <div class=\"row  align-items-center\">\n                                <div class=\"col-lg-6 col-md-12 col-sm-12 pr-lg-5\">\n                                    <i class=\"fas fa-quote-left mb-3\"><\/i>\n                                    <span class=\"title text-dark\">\"La misi\u00f3n de SOMBRERO es llevar tranquilidad a sus clientes, para que puedan concentrarse en producir y prosperar. Nuestro diferencial es que utilizamos la tecnolog\u00eda para desarrollar productos adecuados a las caracter\u00edsticas de cada productor, \u00a1con gran agilidad y excelencia en la atenci\u00f3n a nuestros socios comerciales!\"<\/span>\n                                    <div class=\"name mt-3\">\n                                        <h4 class=\"sub-title\">Leonardo A. Paix\u00e3o<\/h4><p>-Presidente SOMBRERO Seguros<\/p>\n                                    <\/div>\n                                <\/div>\n                                    <div class=\"col-lg-6 col-md-12 col-sm-12\">\n                                        <img decoding=\"async\" class=\"img-fluid\" src=\"https:\/\/sombreroseguros.com.br\/wp-content\/uploads\/2019\/11\/leonardo_002.jpg\" alt=\"image\">\n                                    <\/div>\n                            <\/div>\n                        <\/div>\n                    <div class=\"nav-controls\">\n                    <a class=\"carousel-control-prev\" href=\"#carouselExampleFade\" role=\"button\" data-slide=\"prev\">\n                        <i class=\"fas fa-arrow-left\"><\/i>\n                    <\/a>\n                    <a class=\"carousel-control-next\" href=\"#carouselExampleFade\" role=\"button\" data-slide=\"next\">\n                        <i class=\"fas fa-arrow-right\"><\/i>\n                    <\/a><\/div>\n                <\/div>\n            <\/div>\n        <\/div>[\/vc_column][\/vc_row][vc_row full_width=&#8221;stretch_row&#8221; disable_element=&#8221;yes&#8221; css=&#8221;.vc_custom_1710339197661{margin-top: 0px !important;margin-bottom: 0px !important;border-top-width: 0px !important;padding-top: 40px !important;padding-bottom: 40px !important;background-color: #f7f7f7 !important;}&#8221;][vc_column][vc_video link=&#8221;https:\/\/youtu.be\/uPB8gEUDuAA&#8221; el_width=&#8221;80&#8243; align=&#8221;center&#8221;][\/vc_column][\/vc_row][vc_row full_width=&#8221;stretch_row&#8221; css=&#8221;.vc_custom_1615772911567{margin-top: 0px !important;margin-bottom: 0px !important;border-top-width: 0px !important;border-bottom-width: 0px !important;padding-top: 40px !important;padding-bottom: 40px !important;}&#8221; el_class=&#8221;overflow-hidden&#8221;][vc_column][vc_row_inner][vc_column_inner offset=&#8221;vc_col-lg-6 vc_col-md-6&#8243;][vc_single_image image=&#8221;4426&#8243; img_size=&#8221;full&#8221;][\/vc_column_inner][vc_column_inner offset=&#8221;vc_col-lg-6 vc_col-md-6&#8243;][vc_custom_heading text=&#8221;Quem somos&#8221; font_container=&#8221;tag:h2|text_align:left|color:%2314a19d&#8221; use_theme_fonts=&#8221;yes&#8221;][vc_column_text el_class=&#8221;mb-4&#8243;]La funci\u00f3n de un sombrero es proteger y cuidar en todas las situaciones.<\/p>\n<p>De ah\u00ed viene nuestro nombre. <em><strong>Sombrero protege a quienes producen con la innovaci\u00f3n y la experiencia de quienes saben lo que hacen<\/strong><\/em>.<\/p>\n<p>Protege a quienes plantan, cosechan y crean. A quienes dise\u00f1an y construyen. A quienes acogen y sirven. A quienes generan riqueza y repercuten en la sociedad de forma sostenible.<\/p>\n<p>Y lo hacemos con <strong>excelencia, agilidad e innovaci\u00f3n<\/strong>.[\/vc_column_text][\/vc_column_inner][\/vc_row_inner][vc_column_text]Excelencia porque estamos preparados para entregar el mejor producto con calidad y alto rendimiento. Agilidad en el <strong>contacto cercano, humano e inmediato<\/strong>. Y la innovaci\u00f3n que nos gu\u00eda para anticiparnos a las tendencias y ofrecer siempre el mejor producto, centr\u00e1ndonos en el cliente y cumpliendo nuestros compromisos <strong>con \u00e9tica y transparencia<\/strong>.<\/p>\n<p>Estamos preparados para ofrecer la tranquilidad que productores y empresarios necesitan para prosperar, de una forma personalizada y <strong>respetuosa con el planeta<\/strong>. Nuestro principal objetivo es ser reconocidos como <strong>la compa\u00f1\u00eda de seguros que mejor a\u00f1ade valor y promueve la sostenibilidad empresarial. <\/strong>Junt\u00e9monos<strong>.<\/strong>[\/vc_column_text][\/vc_column][\/vc_row][vc_row full_width=&#8221;stretch_row&#8221; css=&#8221;.vc_custom_1615774281016{margin-top: 0px !important;margin-bottom: 0px !important;padding-top: 60px !important;padding-bottom: 0px !important;background-color: #f7f7f7 !important;background-position: 0 0 !important;background-repeat: no-repeat !important;}&#8221; el_id=&#8221;principal-ramo&#8221;][vc_column width=&#8221;1\/2&#8243;][vc_custom_heading text=&#8221;Trabajamos para proteger a quienes producen&#8221; font_container=&#8221;tag:h2|text_align:left|color:%2314a19d&#8221; use_theme_fonts=&#8221;yes&#8221;][vc_column_text el_class=&#8221;mb-4&#8243;]Con un equipo formado por profesionales experimentados en los distintos tipos de riesgos especiales en los segmentos corporativos, somos una compa\u00f1\u00eda de seguros independiente y multil\u00ednea especializada en seguros corporativos con especial atenci\u00f3n a la econom\u00eda real.<\/p>\n<p>Somos un equipo empresarial comprometido en la b\u00fasqueda de los mejores resultados para nuestros clientes y socios y, por ello, mediante la aplicaci\u00f3n de metodolog\u00edas enfocadas a perfiles individuales, ofrecemos coberturas que se ajustan a la realidad de cada negocio.[\/vc_column_text][\/vc_column][vc_column width=&#8221;1\/2&#8243;][vc_single_image image=&#8221;4669&#8243; img_size=&#8221;full&#8221;][\/vc_column][\/vc_row][vc_row disable_element=&#8221;yes&#8221; css=&#8221;.vc_custom_1710341265182{padding-top: 60px !important;}&#8221; el_class=&#8221;overflow-hidden&#8221;][vc_column][vc_custom_heading text=&#8221;TRABALHAMOS PARA PROTEGER QUEM PRODUZ&#8221; font_container=&#8221;tag:h2|text_align:left|color:%2314a19d&#8221; use_theme_fonts=&#8221;yes&#8221; css=&#8221;.vc_custom_1615773233123{margin-bottom: 20px !important;}&#8221;][vc_column_text el_class=&#8221;mb-4&#8243;]J\u00e1 parou para pensar no que um sombrero simboliza?<\/p>\n<p>Um sombrero \u00e9 feito para proteger e cuidar em todas as situa\u00e7\u00f5es.<\/p>\n<p>Por isso, se o seu trabalho \u00e9 gerar riqueza e impacto social de forma sustent\u00e1vel, a Sombrero \u00e9 para voc\u00ea!<\/p>\n<p>Se voc\u00ea planta, colhe e cria. Se voc\u00ea hospeda e atende. Se voc\u00ea projeta e constr\u00f3i, a Sombrero \u00e9 para voc\u00ea!<\/p>\n<p>Se voc\u00ea n\u00e3o tem tempo a perder, precisa de tranquilidade e previsibilidade para seguir em frente, a Sombrero \u00e9 para voc\u00ea!<\/p>\n<p>Se voc\u00ea acredita no relacionamento pr\u00f3ximo, humano, \u00e9tico, descomplicado e eficiente, a Sombrero com certeza \u00e9 para voc\u00ea!<\/p>\n<p>Porque a Sombrero acredita na for\u00e7a de quem movimenta a Economia Real do pa\u00eds.<\/p>\n<p>A Sombrero acredita em quem produz.<\/p>\n<p>Sombrero Seguros<br \/>\n<span class=\"texto-verde\">Protege quem produz<\/span>[\/vc_column_text][\/vc_column][\/vc_row]<\/p>\n","protected":false},"excerpt":{"rendered":"<p>[vc_row][vc_column][\/vc_column][\/vc_row][vc_row full_width=&#8221;stretch_row&#8221; disable_element=&#8221;yes&#8221; css=&#8221;.vc_custom_1710339197661{margin-top: 0px !important;margin-bottom: 0px !important;border-top-width: 0px !important;padding-top: 40px !important;padding-bottom: 40px !important;background-color: #f7f7f7 !important;}&#8221;][vc_column][vc_video link=&#8221;https:\/\/youtu.be\/uPB8gEUDuAA&#8221; el_width=&#8221;80&#8243; align=&#8221;center&#8221;][\/vc_column][\/vc_row][vc_row full_width=&#8221;stretch_row&#8221; css=&#8221;.vc_custom_1615772911567{margin-top: 0px !important;margin-bottom: 0px !important;border-top-width: 0px !important;border-bottom-width: 0px !important;padding-top: 40px !important;padding-bottom: 40px !important;}&#8221; el_class=&#8221;overflow-hidden&#8221;][vc_column][vc_row_inner][vc_column_inner offset=&#8221;vc_col-lg-6 vc_col-md-6&#8243;][vc_single_image image=&#8221;4426&#8243; img_size=&#8221;full&#8221;][\/vc_column_inner][vc_column_inner offset=&#8221;vc_col-lg-6 vc_col-md-6&#8243;][vc_custom_heading text=&#8221;Quem somos&#8221; font_container=&#8221;tag:h2|text_align:left|color:%2314a19d&#8221; use_theme_fonts=&#8221;yes&#8221;][vc_column_text el_class=&#8221;mb-4&#8243;]La funci\u00f3n de un sombrero es proteger y cuidar en todas [&hellip;]<\/p>\n","protected":false},"author":2,"featured_media":0,"parent":0,"menu_order":0,"comment_status":"closed","ping_status":"closed","template":"","meta":{"footnotes":""},"class_list":["post-6478","page","type-page","status-publish","hentry"],"yoast_head":"<!-- This site is optimized with the Yoast SEO plugin v27.3 - https:\/\/yoast.com\/product\/yoast-seo-wordpress\/ -->\n<title>Acerca de Sombrero - Sombrero Seguradora<\/title>\n<meta name=\"description\" content=\"A Sombrero protege quem produz com inova\u00e7\u00e3o e a experi\u00eancia de quem sabe o que faz. Saiba mais sobre a Sombrero.\" \/>\n<meta name=\"robots\" content=\"index, follow, max-snippet:-1, max-image-preview:large, max-video-preview:-1\" \/>\n<link rel=\"canonical\" href=\"https:\/\/sombreroseguros.com.br\/es\/acerca-de-sombrero\/\" \/>\n<meta property=\"og:locale\" content=\"es_ES\" \/>\n<meta property=\"og:type\" content=\"article\" \/>\n<meta property=\"og:title\" content=\"Acerca de Sombrero - Sombrero Seguradora\" \/>\n<meta property=\"og:description\" content=\"A Sombrero protege quem produz com inova\u00e7\u00e3o e a experi\u00eancia de quem sabe o que faz. Saiba mais sobre a Sombrero.\" \/>\n<meta property=\"og:url\" content=\"https:\/\/sombreroseguros.com.br\/es\/acerca-de-sombrero\/\" \/>\n<meta property=\"og:site_name\" content=\"Sombrero Seguradora\" \/>\n<meta property=\"article:publisher\" content=\"https:\/\/www.facebook.com\/sombreroseguros\" \/>\n<meta property=\"article:modified_time\" content=\"2024-05-23T01:05:52+00:00\" \/>\n<meta name=\"twitter:card\" content=\"summary_large_image\" \/>\n<meta name=\"twitter:label1\" content=\"Tiempo de lectura\" \/>\n\t<meta name=\"twitter:data1\" content=\"3 minutos\" \/>\n<script type=\"application\/ld+json\" class=\"yoast-schema-graph\">{\"@context\":\"https:\\\/\\\/schema.org\",\"@graph\":[{\"@type\":\"WebPage\",\"@id\":\"https:\\\/\\\/sombreroseguros.com.br\\\/es\\\/acerca-de-sombrero\\\/\",\"url\":\"https:\\\/\\\/sombreroseguros.com.br\\\/es\\\/acerca-de-sombrero\\\/\",\"name\":\"Acerca de Sombrero - Sombrero Seguradora\",\"isPartOf\":{\"@id\":\"https:\\\/\\\/sombreroseguros.com.br\\\/#website\"},\"datePublished\":\"2021-03-10T13:08:54+00:00\",\"dateModified\":\"2024-05-23T01:05:52+00:00\",\"description\":\"A Sombrero protege quem produz com inova\u00e7\u00e3o e a experi\u00eancia de quem sabe o que faz. Saiba mais sobre a Sombrero.\",\"breadcrumb\":{\"@id\":\"https:\\\/\\\/sombreroseguros.com.br\\\/es\\\/acerca-de-sombrero\\\/#breadcrumb\"},\"inLanguage\":\"es\",\"potentialAction\":[{\"@type\":\"ReadAction\",\"target\":[\"https:\\\/\\\/sombreroseguros.com.br\\\/es\\\/acerca-de-sombrero\\\/\"]}]},{\"@type\":\"BreadcrumbList\",\"@id\":\"https:\\\/\\\/sombreroseguros.com.br\\\/es\\\/acerca-de-sombrero\\\/#breadcrumb\",\"itemListElement\":[{\"@type\":\"ListItem\",\"position\":1,\"name\":\"In\u00edcio\",\"item\":\"https:\\\/\\\/sombreroseguros.com.br\\\/es\\\/\"},{\"@type\":\"ListItem\",\"position\":2,\"name\":\"Acerca de Sombrero\"}]},{\"@type\":\"WebSite\",\"@id\":\"https:\\\/\\\/sombreroseguros.com.br\\\/#website\",\"url\":\"https:\\\/\\\/sombreroseguros.com.br\\\/\",\"name\":\"Sombrero Seguradora\",\"description\":\"Protege o futuro de quem produz.\",\"publisher\":{\"@id\":\"https:\\\/\\\/sombreroseguros.com.br\\\/#organization\"},\"potentialAction\":[{\"@type\":\"SearchAction\",\"target\":{\"@type\":\"EntryPoint\",\"urlTemplate\":\"https:\\\/\\\/sombreroseguros.com.br\\\/?s={search_term_string}\"},\"query-input\":{\"@type\":\"PropertyValueSpecification\",\"valueRequired\":true,\"valueName\":\"search_term_string\"}}],\"inLanguage\":\"es\"},{\"@type\":\"Organization\",\"@id\":\"https:\\\/\\\/sombreroseguros.com.br\\\/#organization\",\"name\":\"Sombrero Seguradora\",\"url\":\"https:\\\/\\\/sombreroseguros.com.br\\\/\",\"logo\":{\"@type\":\"ImageObject\",\"inLanguage\":\"es\",\"@id\":\"https:\\\/\\\/sombreroseguros.com.br\\\/#\\\/schema\\\/logo\\\/image\\\/\",\"url\":\"https:\\\/\\\/sombreroseguros.com.br\\\/wp-content\\\/uploads\\\/2021\\\/04\\\/sombrero_logo.png\",\"contentUrl\":\"https:\\\/\\\/sombreroseguros.com.br\\\/wp-content\\\/uploads\\\/2021\\\/04\\\/sombrero_logo.png\",\"width\":370,\"height\":100,\"caption\":\"Sombrero Seguradora\"},\"image\":{\"@id\":\"https:\\\/\\\/sombreroseguros.com.br\\\/#\\\/schema\\\/logo\\\/image\\\/\"},\"sameAs\":[\"https:\\\/\\\/www.facebook.com\\\/sombreroseguros\",\"https:\\\/\\\/www.instagram.com\\\/sombreroseguros\",\"https:\\\/\\\/www.linkedin.com\\\/company\\\/sombreroseguradora\\\/\"]}]}<\/script>\n<!-- \/ Yoast SEO plugin. -->","yoast_head_json":{"title":"Acerca de Sombrero - Sombrero Seguradora","description":"A Sombrero protege quem produz com inova\u00e7\u00e3o e a experi\u00eancia de quem sabe o que faz. Saiba mais sobre a Sombrero.","robots":{"index":"index","follow":"follow","max-snippet":"max-snippet:-1","max-image-preview":"max-image-preview:large","max-video-preview":"max-video-preview:-1"},"canonical":"https:\/\/sombreroseguros.com.br\/es\/acerca-de-sombrero\/","og_locale":"es_ES","og_type":"article","og_title":"Acerca de Sombrero - Sombrero Seguradora","og_description":"A Sombrero protege quem produz com inova\u00e7\u00e3o e a experi\u00eancia de quem sabe o que faz. Saiba mais sobre a Sombrero.","og_url":"https:\/\/sombreroseguros.com.br\/es\/acerca-de-sombrero\/","og_site_name":"Sombrero Seguradora","article_publisher":"https:\/\/www.facebook.com\/sombreroseguros","article_modified_time":"2024-05-23T01:05:52+00:00","twitter_card":"summary_large_image","twitter_misc":{"Tiempo de lectura":"3 minutos"},"schema":{"@context":"https:\/\/schema.org","@graph":[{"@type":"WebPage","@id":"https:\/\/sombreroseguros.com.br\/es\/acerca-de-sombrero\/","url":"https:\/\/sombreroseguros.com.br\/es\/acerca-de-sombrero\/","name":"Acerca de Sombrero - Sombrero Seguradora","isPartOf":{"@id":"https:\/\/sombreroseguros.com.br\/#website"},"datePublished":"2021-03-10T13:08:54+00:00","dateModified":"2024-05-23T01:05:52+00:00","description":"A Sombrero protege quem produz com inova\u00e7\u00e3o e a experi\u00eancia de quem sabe o que faz. Saiba mais sobre a Sombrero.","breadcrumb":{"@id":"https:\/\/sombreroseguros.com.br\/es\/acerca-de-sombrero\/#breadcrumb"},"inLanguage":"es","potentialAction":[{"@type":"ReadAction","target":["https:\/\/sombreroseguros.com.br\/es\/acerca-de-sombrero\/"]}]},{"@type":"BreadcrumbList","@id":"https:\/\/sombreroseguros.com.br\/es\/acerca-de-sombrero\/#breadcrumb","itemListElement":[{"@type":"ListItem","position":1,"name":"In\u00edcio","item":"https:\/\/sombreroseguros.com.br\/es\/"},{"@type":"ListItem","position":2,"name":"Acerca de Sombrero"}]},{"@type":"WebSite","@id":"https:\/\/sombreroseguros.com.br\/#website","url":"https:\/\/sombreroseguros.com.br\/","name":"Sombrero Seguradora","description":"Protege o futuro de quem produz.","publisher":{"@id":"https:\/\/sombreroseguros.com.br\/#organization"},"potentialAction":[{"@type":"SearchAction","target":{"@type":"EntryPoint","urlTemplate":"https:\/\/sombreroseguros.com.br\/?s={search_term_string}"},"query-input":{"@type":"PropertyValueSpecification","valueRequired":true,"valueName":"search_term_string"}}],"inLanguage":"es"},{"@type":"Organization","@id":"https:\/\/sombreroseguros.com.br\/#organization","name":"Sombrero Seguradora","url":"https:\/\/sombreroseguros.com.br\/","logo":{"@type":"ImageObject","inLanguage":"es","@id":"https:\/\/sombreroseguros.com.br\/#\/schema\/logo\/image\/","url":"https:\/\/sombreroseguros.com.br\/wp-content\/uploads\/2021\/04\/sombrero_logo.png","contentUrl":"https:\/\/sombreroseguros.com.br\/wp-content\/uploads\/2021\/04\/sombrero_logo.png","width":370,"height":100,"caption":"Sombrero Seguradora"},"image":{"@id":"https:\/\/sombreroseguros.com.br\/#\/schema\/logo\/image\/"},"sameAs":["https:\/\/www.facebook.com\/sombreroseguros","https:\/\/www.instagram.com\/sombreroseguros","https:\/\/www.linkedin.com\/company\/sombreroseguradora\/"]}]}},"_links":{"self":[{"href":"https:\/\/sombreroseguros.com.br\/es\/wp-json\/wp\/v2\/pages\/6478","targetHints":{"allow":["GET"]}}],"collection":[{"href":"https:\/\/sombreroseguros.com.br\/es\/wp-json\/wp\/v2\/pages"}],"about":[{"href":"https:\/\/sombreroseguros.com.br\/es\/wp-json\/wp\/v2\/types\/page"}],"author":[{"embeddable":true,"href":"https:\/\/sombreroseguros.com.br\/es\/wp-json\/wp\/v2\/users\/2"}],"replies":[{"embeddable":true,"href":"https:\/\/sombreroseguros.com.br\/es\/wp-json\/wp\/v2\/comments?post=6478"}],"version-history":[{"count":6,"href":"https:\/\/sombreroseguros.com.br\/es\/wp-json\/wp\/v2\/pages\/6478\/revisions"}],"predecessor-version":[{"id":6491,"href":"https:\/\/sombreroseguros.com.br\/es\/wp-json\/wp\/v2\/pages\/6478\/revisions\/6491"}],"wp:attachment":[{"href":"https:\/\/sombreroseguros.com.br\/es\/wp-json\/wp\/v2\/media?parent=6478"}],"curies":[{"name":"wp","href":"https:\/\/api.w.org\/{rel}","templated":true}]}}