{"id":6492,"date":"2021-03-25T10:50:29","date_gmt":"2021-03-25T13:50:29","guid":{"rendered":"https:\/\/sombreroseguros.com.br\/seguro-de-custeio\/"},"modified":"2024-05-23T20:23:03","modified_gmt":"2024-05-23T23:23:03","slug":"seguro-de-costes","status":"publish","type":"page","link":"https:\/\/sombreroseguros.com.br\/es\/seguro-de-costes\/","title":{"rendered":"Seguro de costes"},"content":{"rendered":"<p>[vc_row full_width=&#8221;stretch_row&#8221; css=&#8221;.vc_custom_1624449743096{margin-top: -65px !important;padding-top: 60px !important;padding-bottom: 60px !important;background-color: #e5f6f6 !important;}&#8221;][vc_column width=&#8221;1\/2&#8243;][vc_single_image image=&#8221;4679&#8243; img_size=&#8221;full&#8221;][\/vc_column][vc_column width=&#8221;1\/2&#8243;][vc_custom_heading text=&#8221;Seguro de Costes&#8221; font_container=&#8221;tag:h2|text_align:left|color:%23000000&#8243; use_theme_fonts=&#8221;yes&#8221; css=&#8221;.vc_custom_1716430785475{border-bottom-width: 20px !important;}&#8221;][vc_column_text]El Seguro de Coste de Sombrero Seguros garantiza el valor del cr\u00e9dito de los costes financiados (pr\u00e9stamo) para la producci\u00f3n, resultantes de la ocurrencia de fen\u00f3menos clim\u00e1ticos que causen da\u00f1os al productor, siendo el l\u00edmite m\u00e1ximo de indemnizaci\u00f3n reflejo del valor del cr\u00e9dito, permiti\u00e9ndose una peque\u00f1a variaci\u00f3n en funci\u00f3n de las exigencias del agente concedente del cr\u00e9dito.[\/vc_column_text][\/vc_column][\/vc_row][vc_row full_width=&#8221;stretch_row&#8221; css=&#8221;.vc_custom_1624449753477{margin-top: 0px !important;border-top-width: 0px !important;padding-top: 50px !important;padding-bottom: 0px !important;}&#8221; el_class=&#8221;overflow-hidden&#8221;][vc_column][vc_custom_heading text=&#8221;Acerca de los seguros&#8221; font_container=&#8221;tag:h4|font_size:44|text_align:center|color:%23333333&#8243; use_theme_fonts=&#8221;yes&#8221;][vc_row_inner css=&#8221;.vc_custom_1615772441661{padding-top: 50px !important;}&#8221; el_class=&#8221;seguros-icones&#8221;][vc_column_inner width=&#8221;1\/2&#8243; offset=&#8221;vc_col-lg-6 vc_col-md-6&#8243;]\n        \n        <div class=\"iq-afford-services text-  \">\n        \t <div class=\"iq-afford-img\">\n\t\t\t\t<img decoding=\"async\" src=\"https:\/\/sombreroseguros.com.br\/wp-content\/uploads\/2021\/03\/SEGURO-AGRICOLA_icon_1-1.png\" alt=\"fancy\"\/>\n\t\t    <\/div>\n\t\t    <div class=\"afford-info \">\n                <h4 class=\"mb-2\">Asegurado:<\/h4>              \n\t\t\t    <p >Productores rurales prestatarios del Cr\u00e9dito Rural y Comercial.<\/p>\n            <\/div>\n           \n            \n\t    <\/div> \n        \n        <div class=\"iq-afford-services text-  \">\n        \t <div class=\"iq-afford-img\">\n\t\t\t\t<img decoding=\"async\" src=\"https:\/\/sombreroseguros.com.br\/wp-content\/uploads\/2021\/03\/SEGURO-AGRICOLA_icon_3-1.png\" alt=\"fancy\"\/>\n\t\t    <\/div>\n\t\t    <div class=\"afford-info \">\n                <h4 class=\"mb-2\">Cobertura:<\/h4>              \n\t\t\t    <p >C\u00e1lculo de costes de producci\u00f3n (costes variables).<\/p>\n            <\/div>\n           \n            \n\t    <\/div> \n        \n        <div class=\"iq-afford-services text-  \">\n        \t <div class=\"iq-afford-img\">\n\t\t\t\t<img decoding=\"async\" src=\"https:\/\/sombreroseguros.com.br\/wp-content\/uploads\/2021\/03\/SEGURO-AGRICOLA_icon_2-1.png\" alt=\"fancy\"\/>\n\t\t    <\/div>\n\t\t    <div class=\"afford-info \">\n                <h4 class=\"mb-2\">Riesgos cubiertos:<\/h4>              \n\t\t\t    <p >Incendios, rayos, tormentas el\u00e9ctricas, vientos fuertes (vendaval) y fr\u00edos, granizo, exceso de lluvia, sequ\u00eda, heladas y variaci\u00f3n excesiva de la temperatura.<\/p>\n            <\/div>\n           \n            \n\t    <\/div> [\/vc_column_inner][vc_column_inner width=&#8221;1\/2&#8243;]\n        \n        <div class=\"iq-afford-services text-  \">\n        \t <div class=\"iq-afford-img\">\n\t\t\t\t<img decoding=\"async\" src=\"https:\/\/sombreroseguros.com.br\/wp-content\/uploads\/2021\/03\/SEGURO-AGRICOLA_icon_1-1.png\" alt=\"fancy\"\/>\n\t\t    <\/div>\n\t\t    <div class=\"afford-info \">\n                <h4 class=\"mb-2\">Beneficiario:<\/h4>              \n\t\t\t    <p >Agentes de pr\u00e9stamos rurales y comerciales.<\/p>\n            <\/div>\n           \n            \n\t    <\/div> \n        \n        <div class=\"iq-afford-services text-  \">\n        \t <div class=\"iq-afford-img\">\n\t\t\t\t<img decoding=\"async\" src=\"https:\/\/sombreroseguros.com.br\/wp-content\/uploads\/2021\/03\/SEGURO-AGRICOLA_icon_4.png\" alt=\"fancy\"\/>\n\t\t    <\/div>\n\t\t    <div class=\"afford-info \">\n                <h4 class=\"mb-2\">Siniestro:<\/h4>              \n\t\t\t    <p >Se caracteriza por la concretizaci\u00f3n , durante el periodo de cobertura del cultivo asegurable, de uno (o m\u00e1s) riesgos cubiertos que causan una reducci\u00f3n de la productividad.<\/p>\n            <\/div>\n           \n            \n\t    <\/div> \n        \n        <div class=\"iq-afford-services text-  \">\n        \t <div class=\"iq-afford-img\">\n\t\t\t\t<img decoding=\"async\" src=\"https:\/\/sombreroseguros.com.br\/wp-content\/uploads\/2021\/03\/SEGURO-AGRICOLA_icon_4.png\" alt=\"fancy\"\/>\n\t\t    <\/div>\n\t\t    <div class=\"afford-info \">\n                <h4 class=\"mb-2\">Indemnizaci\u00f3n:<\/h4>              \n\t\t\t    <p >Cantidad de dinero indemnizable cuando el rendimiento obtenido es inferior al rendimiento asegurable.<\/p>\n            <\/div>\n           \n            \n\t    <\/div> [\/vc_column_inner][\/vc_row_inner][\/vc_column][\/vc_row][vc_row css=&#8221;.vc_custom_1615772188980{margin-top: 0px !important;margin-bottom: 20px !important;border-top-width: 0px !important;border-bottom-width: 0px !important;padding-top: 0px !important;padding-bottom: 0px !important;}&#8221;][vc_column][vc_column_text]Circular SUSEP 621\/2021 &#8211; Art. 5 La propuesta de seguro y las condiciones contractuales del plan deben incluir la siguiente informaci\u00f3n, sin perjuicio de los dem\u00e1s requisitos establecidos en la normativa vigente:<\/p>\n<p>I \u2013 la aceptaci\u00f3n de la propuesta de seguro est\u00e1 sujeta al an\u00e1lisis de riesgos;;<br \/>\nII \u2013 el registro del producto es autom\u00e1tico y no representa aprobaci\u00f3n o recomendaci\u00f3n alguna por parte de Susep; y<br \/>\nIII \u2013 el asegurado puede comprobar el estado de registro del corredor de seguros y de la compa\u00f1\u00eda de seguros en el sitio web www.susep.gov.br.<\/p>\n<p>P\u00e1rrafo 2 La informaci\u00f3n contenida en el punto II anterior debe incluirse necesariamente en todo el material de marketing y publicidad utilizado.[\/vc_column_text][\/vc_column][\/vc_row][vc_row css=&#8221;.vc_custom_1615772245954{padding-top: 40px !important;}&#8221; el_class=&#8221;blog-seguros2&#8243;][vc_column]\n\t\t\t<div class=\"title-box text-center\"><h2 class=\"title font-weight-bold\">BLOG SOMBRERO SEGUROS<\/h2><p class=\"sub-title\">Las principales noticias del mundo empresarial comentadas por expertos.<\/p>\n\t\t\t<\/div>\n        <div class=\"vizion-recentblog v1\"><div class=\"owl-carousel\" data-dots=\"false\" data-nav=\"false\" data-items=\"3\" data-items-laptop=\"3\" data-items-tab=\"2\" data-items-mobile=\"1\" data-items-mobile-sm=\"1\" data-autoplay=\"true\" data-loop=\"true\" data-margin=\"30\">\n        <\/div>\n        <\/div>[\/vc_column][\/vc_row]<\/p>\n","protected":false},"excerpt":{"rendered":"<p>[vc_row full_width=&#8221;stretch_row&#8221; css=&#8221;.vc_custom_1624449743096{margin-top: -65px !important;padding-top: 60px !important;padding-bottom: 60px !important;background-color: #e5f6f6 !important;}&#8221;][vc_column width=&#8221;1\/2&#8243;][vc_single_image image=&#8221;4679&#8243; img_size=&#8221;full&#8221;][\/vc_column][vc_column width=&#8221;1\/2&#8243;][vc_custom_heading text=&#8221;Seguro de Costes&#8221; font_container=&#8221;tag:h2|text_align:left|color:%23000000&#8243; use_theme_fonts=&#8221;yes&#8221; css=&#8221;.vc_custom_1716430785475{border-bottom-width: 20px !important;}&#8221;][vc_column_text]El Seguro de Coste de Sombrero Seguros garantiza el valor del cr\u00e9dito de los costes financiados (pr\u00e9stamo) para la producci\u00f3n, resultantes de la ocurrencia de fen\u00f3menos clim\u00e1ticos que causen da\u00f1os al productor, siendo [&hellip;]<\/p>\n","protected":false},"author":1,"featured_media":0,"parent":0,"menu_order":1,"comment_status":"closed","ping_status":"closed","template":"","meta":{"footnotes":""},"class_list":["post-6492","page","type-page","status-publish","hentry"],"yoast_head":"<!-- This site is optimized with the Yoast SEO plugin v27.4 - https:\/\/yoast.com\/product\/yoast-seo-wordpress\/ -->\n<title>Seguro de costes - Sombrero Seguradora<\/title>\n<meta name=\"description\" content=\"El Seguro de Coste de Sombrero Seguros garantiza el valor del cr\u00e9dito de los costes financiados (pr\u00e9stamo) para la producci\u00f3n, resultantes de la ocurrencia de fen\u00f3menos clim\u00e1ticos que causen da\u00f1os al productor.\" \/>\n<meta name=\"robots\" content=\"index, follow, max-snippet:-1, max-image-preview:large, max-video-preview:-1\" \/>\n<link rel=\"canonical\" href=\"https:\/\/sombreroseguros.com.br\/es\/seguro-de-costes\/\" \/>\n<meta property=\"og:locale\" content=\"es_ES\" \/>\n<meta property=\"og:type\" content=\"article\" \/>\n<meta property=\"og:title\" content=\"Seguro de costes - Sombrero Seguradora\" \/>\n<meta property=\"og:description\" content=\"El Seguro de Coste de Sombrero Seguros garantiza el valor del cr\u00e9dito de los costes financiados (pr\u00e9stamo) para la producci\u00f3n, resultantes de la ocurrencia de fen\u00f3menos clim\u00e1ticos que causen da\u00f1os al productor.\" \/>\n<meta property=\"og:url\" content=\"https:\/\/sombreroseguros.com.br\/es\/seguro-de-costes\/\" \/>\n<meta property=\"og:site_name\" content=\"Sombrero Seguradora\" \/>\n<meta property=\"article:publisher\" content=\"https:\/\/www.facebook.com\/sombreroseguros\" \/>\n<meta property=\"article:modified_time\" content=\"2024-05-23T23:23:03+00:00\" \/>\n<meta name=\"twitter:card\" content=\"summary_large_image\" \/>\n<meta name=\"twitter:label1\" content=\"Tiempo de lectura\" \/>\n\t<meta name=\"twitter:data1\" content=\"2 minutos\" \/>\n<script type=\"application\/ld+json\" class=\"yoast-schema-graph\">{\"@context\":\"https:\\\/\\\/schema.org\",\"@graph\":[{\"@type\":\"WebPage\",\"@id\":\"https:\\\/\\\/sombreroseguros.com.br\\\/es\\\/seguro-de-costes\\\/\",\"url\":\"https:\\\/\\\/sombreroseguros.com.br\\\/es\\\/seguro-de-costes\\\/\",\"name\":\"Seguro de costes - Sombrero Seguradora\",\"isPartOf\":{\"@id\":\"https:\\\/\\\/sombreroseguros.com.br\\\/#website\"},\"datePublished\":\"2021-03-25T13:50:29+00:00\",\"dateModified\":\"2024-05-23T23:23:03+00:00\",\"description\":\"El Seguro de Coste de Sombrero Seguros garantiza el valor del cr\u00e9dito de los costes financiados (pr\u00e9stamo) para la producci\u00f3n, resultantes de la ocurrencia de fen\u00f3menos clim\u00e1ticos que causen da\u00f1os al productor.\",\"breadcrumb\":{\"@id\":\"https:\\\/\\\/sombreroseguros.com.br\\\/es\\\/seguro-de-costes\\\/#breadcrumb\"},\"inLanguage\":\"es\",\"potentialAction\":[{\"@type\":\"ReadAction\",\"target\":[\"https:\\\/\\\/sombreroseguros.com.br\\\/es\\\/seguro-de-costes\\\/\"]}]},{\"@type\":\"BreadcrumbList\",\"@id\":\"https:\\\/\\\/sombreroseguros.com.br\\\/es\\\/seguro-de-costes\\\/#breadcrumb\",\"itemListElement\":[{\"@type\":\"ListItem\",\"position\":1,\"name\":\"In\u00edcio\",\"item\":\"https:\\\/\\\/sombreroseguros.com.br\\\/es\\\/\"},{\"@type\":\"ListItem\",\"position\":2,\"name\":\"Seguro de costes\"}]},{\"@type\":\"WebSite\",\"@id\":\"https:\\\/\\\/sombreroseguros.com.br\\\/#website\",\"url\":\"https:\\\/\\\/sombreroseguros.com.br\\\/\",\"name\":\"Sombrero Seguradora\",\"description\":\"Protege o futuro de quem produz.\",\"publisher\":{\"@id\":\"https:\\\/\\\/sombreroseguros.com.br\\\/#organization\"},\"potentialAction\":[{\"@type\":\"SearchAction\",\"target\":{\"@type\":\"EntryPoint\",\"urlTemplate\":\"https:\\\/\\\/sombreroseguros.com.br\\\/?s={search_term_string}\"},\"query-input\":{\"@type\":\"PropertyValueSpecification\",\"valueRequired\":true,\"valueName\":\"search_term_string\"}}],\"inLanguage\":\"es\"},{\"@type\":\"Organization\",\"@id\":\"https:\\\/\\\/sombreroseguros.com.br\\\/#organization\",\"name\":\"Sombrero Seguradora\",\"url\":\"https:\\\/\\\/sombreroseguros.com.br\\\/\",\"logo\":{\"@type\":\"ImageObject\",\"inLanguage\":\"es\",\"@id\":\"https:\\\/\\\/sombreroseguros.com.br\\\/#\\\/schema\\\/logo\\\/image\\\/\",\"url\":\"https:\\\/\\\/sombreroseguros.com.br\\\/wp-content\\\/uploads\\\/2021\\\/04\\\/sombrero_logo.png\",\"contentUrl\":\"https:\\\/\\\/sombreroseguros.com.br\\\/wp-content\\\/uploads\\\/2021\\\/04\\\/sombrero_logo.png\",\"width\":370,\"height\":100,\"caption\":\"Sombrero Seguradora\"},\"image\":{\"@id\":\"https:\\\/\\\/sombreroseguros.com.br\\\/#\\\/schema\\\/logo\\\/image\\\/\"},\"sameAs\":[\"https:\\\/\\\/www.facebook.com\\\/sombreroseguros\",\"https:\\\/\\\/www.instagram.com\\\/sombreroseguros\",\"https:\\\/\\\/www.linkedin.com\\\/company\\\/sombreroseguradora\\\/\"]}]}<\/script>\n<!-- \/ Yoast SEO plugin. -->","yoast_head_json":{"title":"Seguro de costes - Sombrero Seguradora","description":"El Seguro de Coste de Sombrero Seguros garantiza el valor del cr\u00e9dito de los costes financiados (pr\u00e9stamo) para la producci\u00f3n, resultantes de la ocurrencia de fen\u00f3menos clim\u00e1ticos que causen da\u00f1os al productor.","robots":{"index":"index","follow":"follow","max-snippet":"max-snippet:-1","max-image-preview":"max-image-preview:large","max-video-preview":"max-video-preview:-1"},"canonical":"https:\/\/sombreroseguros.com.br\/es\/seguro-de-costes\/","og_locale":"es_ES","og_type":"article","og_title":"Seguro de costes - Sombrero Seguradora","og_description":"El Seguro de Coste de Sombrero Seguros garantiza el valor del cr\u00e9dito de los costes financiados (pr\u00e9stamo) para la producci\u00f3n, resultantes de la ocurrencia de fen\u00f3menos clim\u00e1ticos que causen da\u00f1os al productor.","og_url":"https:\/\/sombreroseguros.com.br\/es\/seguro-de-costes\/","og_site_name":"Sombrero Seguradora","article_publisher":"https:\/\/www.facebook.com\/sombreroseguros","article_modified_time":"2024-05-23T23:23:03+00:00","twitter_card":"summary_large_image","twitter_misc":{"Tiempo de lectura":"2 minutos"},"schema":{"@context":"https:\/\/schema.org","@graph":[{"@type":"WebPage","@id":"https:\/\/sombreroseguros.com.br\/es\/seguro-de-costes\/","url":"https:\/\/sombreroseguros.com.br\/es\/seguro-de-costes\/","name":"Seguro de costes - Sombrero Seguradora","isPartOf":{"@id":"https:\/\/sombreroseguros.com.br\/#website"},"datePublished":"2021-03-25T13:50:29+00:00","dateModified":"2024-05-23T23:23:03+00:00","description":"El Seguro de Coste de Sombrero Seguros garantiza el valor del cr\u00e9dito de los costes financiados (pr\u00e9stamo) para la producci\u00f3n, resultantes de la ocurrencia de fen\u00f3menos clim\u00e1ticos que causen da\u00f1os al productor.","breadcrumb":{"@id":"https:\/\/sombreroseguros.com.br\/es\/seguro-de-costes\/#breadcrumb"},"inLanguage":"es","potentialAction":[{"@type":"ReadAction","target":["https:\/\/sombreroseguros.com.br\/es\/seguro-de-costes\/"]}]},{"@type":"BreadcrumbList","@id":"https:\/\/sombreroseguros.com.br\/es\/seguro-de-costes\/#breadcrumb","itemListElement":[{"@type":"ListItem","position":1,"name":"In\u00edcio","item":"https:\/\/sombreroseguros.com.br\/es\/"},{"@type":"ListItem","position":2,"name":"Seguro de costes"}]},{"@type":"WebSite","@id":"https:\/\/sombreroseguros.com.br\/#website","url":"https:\/\/sombreroseguros.com.br\/","name":"Sombrero Seguradora","description":"Protege o futuro de quem produz.","publisher":{"@id":"https:\/\/sombreroseguros.com.br\/#organization"},"potentialAction":[{"@type":"SearchAction","target":{"@type":"EntryPoint","urlTemplate":"https:\/\/sombreroseguros.com.br\/?s={search_term_string}"},"query-input":{"@type":"PropertyValueSpecification","valueRequired":true,"valueName":"search_term_string"}}],"inLanguage":"es"},{"@type":"Organization","@id":"https:\/\/sombreroseguros.com.br\/#organization","name":"Sombrero Seguradora","url":"https:\/\/sombreroseguros.com.br\/","logo":{"@type":"ImageObject","inLanguage":"es","@id":"https:\/\/sombreroseguros.com.br\/#\/schema\/logo\/image\/","url":"https:\/\/sombreroseguros.com.br\/wp-content\/uploads\/2021\/04\/sombrero_logo.png","contentUrl":"https:\/\/sombreroseguros.com.br\/wp-content\/uploads\/2021\/04\/sombrero_logo.png","width":370,"height":100,"caption":"Sombrero Seguradora"},"image":{"@id":"https:\/\/sombreroseguros.com.br\/#\/schema\/logo\/image\/"},"sameAs":["https:\/\/www.facebook.com\/sombreroseguros","https:\/\/www.instagram.com\/sombreroseguros","https:\/\/www.linkedin.com\/company\/sombreroseguradora\/"]}]}},"_links":{"self":[{"href":"https:\/\/sombreroseguros.com.br\/es\/wp-json\/wp\/v2\/pages\/6492","targetHints":{"allow":["GET"]}}],"collection":[{"href":"https:\/\/sombreroseguros.com.br\/es\/wp-json\/wp\/v2\/pages"}],"about":[{"href":"https:\/\/sombreroseguros.com.br\/es\/wp-json\/wp\/v2\/types\/page"}],"author":[{"embeddable":true,"href":"https:\/\/sombreroseguros.com.br\/es\/wp-json\/wp\/v2\/users\/1"}],"replies":[{"embeddable":true,"href":"https:\/\/sombreroseguros.com.br\/es\/wp-json\/wp\/v2\/comments?post=6492"}],"version-history":[{"count":5,"href":"https:\/\/sombreroseguros.com.br\/es\/wp-json\/wp\/v2\/pages\/6492\/revisions"}],"predecessor-version":[{"id":6582,"href":"https:\/\/sombreroseguros.com.br\/es\/wp-json\/wp\/v2\/pages\/6492\/revisions\/6582"}],"wp:attachment":[{"href":"https:\/\/sombreroseguros.com.br\/es\/wp-json\/wp\/v2\/media?parent=6492"}],"curies":[{"name":"wp","href":"https:\/\/api.w.org\/{rel}","templated":true}]}}