{"id":6624,"date":"2021-07-05T14:23:31","date_gmt":"2021-07-05T17:23:31","guid":{"rendered":"https:\/\/sombreroseguros.com.br\/seguro-garantia-contratual\/"},"modified":"2024-05-23T20:59:27","modified_gmt":"2024-05-23T23:59:27","slug":"seguro-de-garantia-contractual","status":"publish","type":"page","link":"https:\/\/sombreroseguros.com.br\/es\/seguro-de-garantia-contractual\/","title":{"rendered":"Seguro de garant\u00eda contractual"},"content":{"rendered":"<p>[vc_row full_width=&#8221;stretch_row&#8221; css=&#8221;.vc_custom_1624450072124{margin-top: -65px !important;padding-top: 60px !important;padding-bottom: 60px !important;background-color: #e5f6f6 !important;}&#8221;][vc_column width=&#8221;1\/2&#8243;][vc_single_image image=&#8221;4636&#8243; img_size=&#8221;full&#8221;][\/vc_column][vc_column width=&#8221;1\/2&#8243;][vc_custom_heading text=&#8221;Acerca de los seguros&#8221; font_container=&#8221;tag:h2|text_align:left|color:%23000000&#8243; use_theme_fonts=&#8221;yes&#8221; css=&#8221;.vc_custom_1716507050867{border-bottom-width: 20px !important;}&#8221;][vc_column_text]El Seguro de Garant\u00eda Contractual es una soluci\u00f3n econ\u00f3mica y eficaz para asegurar el cumplimiento de las obligaciones asumidas por la empresa contratante (Tomador) frente a su contratista (Asegurado), en los contratos de construcci\u00f3n, suministro de bienes y equipos, prestaci\u00f3n de servicios y concesiones de servicios p\u00fablicos, as\u00ed como la participaci\u00f3n en los concursos y licitaciones que preceden a estos contratos.<\/p>\n<p>El Seguro de Garant\u00eda Contractual consta de 3 partes:<\/p>\n<p>Asegurado: Es el acreedor de las obligaciones asumidas por el Tomador en el Contrato Principal. Puede ser la Administraci\u00f3n P\u00fablica o la Administraci\u00f3n Concedente, Beneficiario de la p\u00f3liza, propietario de la obra o contratista.<\/p>\n<p>Es la parte (persona f\u00edsica o jur\u00eddica) cuyos derechos est\u00e1n garantizados por la p\u00f3liza de Seguro de Garant\u00eda de Sombrero Seguros.<\/p>\n<p>Tomador del seguro: La empresa contratada responsable del cumplimiento de las obligaciones indicadas en el contrato que ser\u00e1n garantizadas por el Asegurador.<\/p>\n<p>Asegurador: Sombrero Seguros garantiza, seg\u00fan se establece en la p\u00f3liza, que en caso de incumplimiento de las obligaciones asumidas por el Tomador en el Contrato Principal, el Asegurado ser\u00e1 indemnizado por las p\u00e9rdidas.<\/p>\n<p>Pueden suscribirse los siguientes tipos de Seguro de Garant\u00eda Contractual:[\/vc_column_text][\/vc_column][\/vc_row][vc_row full_width=&#8221;stretch_row&#8221; css=&#8221;.vc_custom_1625505809850{margin-top: -65px !important;padding-top: 60px !important;padding-bottom: 60px !important;background-color: #ffffff !important;}&#8221;][vc_column width=&#8221;1\/2&#8243;][vc_custom_heading text=&#8221;Garant\u00eda del licitador&#8221; font_container=&#8221;tag:h2|text_align:left|color:%23000000&#8243; use_theme_fonts=&#8221;yes&#8221; css=&#8221;.vc_custom_1716507612490{border-bottom-width: 20px !important;}&#8221;][vc_column_text]Tambi\u00e9n conocida como &#8220;bid bond&#8221;, es habitual en las licitaciones p\u00fablicas y privadas. Sirve para garantizar que el adjudicatario mantiene su oferta y firma el contrato en las condiciones presentadas y dentro del plazo establecido en la licitaci\u00f3n.[\/vc_column_text][\/vc_column][vc_column width=&#8221;1\/2&#8243;][vc_single_image image=&#8221;4639&#8243; img_size=&#8221;full&#8221;][\/vc_column][\/vc_row][vc_row full_width=&#8221;stretch_row&#8221; css=&#8221;.vc_custom_1624450072124{margin-top: -65px !important;padding-top: 60px !important;padding-bottom: 60px !important;background-color: #e5f6f6 !important;}&#8221;][vc_column width=&#8221;1\/2&#8243;][vc_single_image image=&#8221;4641&#8243; img_size=&#8221;full&#8221;][\/vc_column][vc_column width=&#8221;1\/2&#8243;][vc_custom_heading text=&#8221;Garant\u00eda de construcci\u00f3n, suministro o instalaci\u00f3n de Servicios&#8221; font_container=&#8221;tag:h2|text_align:left|color:%23000000&#8243; use_theme_fonts=&#8221;yes&#8221; css=&#8221;.vc_custom_1716507961554{border-bottom-width: 20px !important;}&#8221;][vc_column_text]El Contratista Ejecutor garantiza que la empresa contratada cumplir\u00e1 sus obligaciones en virtud de los contratos de construcci\u00f3n, suministro o servicios. Tambi\u00e9n existe la posibilidad de cobertura adicional para demandas laborales, con el fin de proporcionar mayor seguridad al contratista.[\/vc_column_text][\/vc_column][\/vc_row][vc_row full_width=&#8221;stretch_row&#8221; css=&#8221;.vc_custom_1625505809850{margin-top: -65px !important;padding-top: 60px !important;padding-bottom: 60px !important;background-color: #ffffff !important;}&#8221;][vc_column width=&#8221;1\/2&#8243;][vc_custom_heading text=&#8221;Cobertura adicional de siniestros laborales y de Seguridad Social&#8221; font_container=&#8221;tag:h2|text_align:left|color:%23000000&#8243; use_theme_fonts=&#8221;yes&#8221; css=&#8221;.vc_custom_1716508073237{border-bottom-width: 20px !important;}&#8221;][vc_column_text]Puede suscribirse junto con la Garant\u00eda de Construcci\u00f3n, Suministro o Servicio y garantiza la indemnizaci\u00f3n al Asegurado por las p\u00e9rdidas probadas sufridas en relaci\u00f3n con obligaciones laborales y de seguridad social a cargo de del Prestatario.[\/vc_column_text][\/vc_column][vc_column width=&#8221;1\/2&#8243;][vc_single_image image=&#8221;4643&#8243; img_size=&#8221;full&#8221;][\/vc_column][\/vc_row][vc_row full_width=&#8221;stretch_row&#8221; css=&#8221;.vc_custom_1624450072124{margin-top: -65px !important;padding-top: 60px !important;padding-bottom: 60px !important;background-color: #e5f6f6 !important;}&#8221;][vc_column width=&#8221;1\/2&#8243;][vc_single_image image=&#8221;4645&#8243; img_size=&#8221;full&#8221;][\/vc_column][vc_column width=&#8221;1\/2&#8243;][vc_custom_heading text=&#8221;Garant\u00eda de retenci\u00f3n<br \/>\nde pagos&#8221; font_container=&#8221;tag:h2|text_align:left|color:%23000000&#8243; use_theme_fonts=&#8221;yes&#8221; css=&#8221;.vc_custom_1716508160053{border-bottom-width: 20px !important;}&#8221;][vc_column_text]Garantiza la indemnizaci\u00f3n, hasta el l\u00edmite definido en la p\u00f3liza, de las p\u00e9rdidas causadas por el incumplimiento de las obligaciones contractuales vinculadas a la retenci\u00f3n de pagos en los contratos de construcci\u00f3n, suministro y prestaci\u00f3n de servicios.[\/vc_column_text][\/vc_column][\/vc_row][vc_row full_width=&#8221;stretch_row&#8221; css=&#8221;.vc_custom_1625505809850{margin-top: -65px !important;padding-top: 60px !important;padding-bottom: 60px !important;background-color: #ffffff !important;}&#8221;][vc_column width=&#8221;1\/2&#8243;][vc_custom_heading text=&#8221;Garant\u00eda de anticipo<br \/>\nde pagos&#8221; font_container=&#8221;tag:h2|text_align:left|color:%23000000&#8243; use_theme_fonts=&#8221;yes&#8221; css=&#8221;.vc_custom_1716508196711{border-bottom-width: 20px !important;}&#8221;][vc_column_text]Muy utilizado en los contratos de construcci\u00f3n, garantiza que las cantidades adelantadas por el contratista se destinan a la ejecuci\u00f3n inmediata<br \/>\ndel objeto contractual, es decir, la realizaci\u00f3n de la etapa prevista hasta su finalizaci\u00f3n.[\/vc_column_text][\/vc_column][vc_column width=&#8221;1\/2&#8243;][vc_single_image image=&#8221;4647&#8243; img_size=&#8221;full&#8221;][\/vc_column][\/vc_row][vc_row full_width=&#8221;stretch_row&#8221; css=&#8221;.vc_custom_1624450072124{margin-top: -65px !important;padding-top: 60px !important;padding-bottom: 60px !important;background-color: #e5f6f6 !important;}&#8221;][vc_column width=&#8221;1\/2&#8243;][vc_single_image image=&#8221;4649&#8243; img_size=&#8221;full&#8221;][\/vc_column][vc_column width=&#8221;1\/2&#8243;][vc_custom_heading text=&#8221;Garant\u00eda de mantenimiento correctivo&#8221; font_container=&#8221;tag:h2|text_align:left|color:%23000000&#8243; use_theme_fonts=&#8221;yes&#8221; css=&#8221;.vc_custom_1716508235161{border-bottom-width: 20px !important;}&#8221;][vc_column_text]Tambi\u00e9n muy utilizado en los contratos de construcci\u00f3n, garantiza<br \/>\nllevar a cabo las medidas correctoras indicadas por el contratista<br \/>\ny necesarias para reparar los problemas que se hayan producido en el transcurso del contrato, por responsabilidad exclusiva del prestatario.[\/vc_column_text][\/vc_column][\/vc_row][vc_row full_width=&#8221;stretch_row&#8221; css=&#8221;.vc_custom_1625505809850{margin-top: -65px !important;padding-top: 60px !important;padding-bottom: 60px !important;background-color: #ffffff !important;}&#8221;][vc_column width=&#8221;1\/2&#8243;][vc_custom_heading text=&#8221;Garant\u00eda aduanera&#8221; font_container=&#8221;tag:h2|text_align:left|color:%23000000&#8243; use_theme_fonts=&#8221;yes&#8221; css=&#8221;.vc_custom_1716508387190{border-bottom-width: 20px !important;}&#8221;][vc_column_text]Se utiliza para la importaci\u00f3n temporal de maquinaria, equipos, piezas y componentes. Garantiza el Servicio de Impuestos Federales<br \/>\nel pago de impuestos de importaci\u00f3n, suspendido por inclusi\u00f3n<br \/>\ndel Tomador en un R\u00e9gimen Aduanero Especial, si el Tomador pasa a ser<br \/>\nincumplir las condiciones que permitieron beneficiarse de la suspensi\u00f3n.[\/vc_column_text][\/vc_column][vc_column width=&#8221;1\/2&#8243;][vc_single_image image=&#8221;4651&#8243; img_size=&#8221;full&#8221;][\/vc_column][\/vc_row][vc_row full_width=&#8221;stretch_row&#8221; css=&#8221;.vc_custom_1624450072124{margin-top: -65px !important;padding-top: 60px !important;padding-bottom: 60px !important;background-color: #e5f6f6 !important;}&#8221;][vc_column width=&#8221;1\/2&#8243;][vc_single_image image=&#8221;4789&#8243; img_size=&#8221;full&#8221;][\/vc_column][vc_column width=&#8221;1\/2&#8243;][vc_custom_heading text=&#8221;Garant\u00eda de propiedad&#8221; font_container=&#8221;tag:h2|text_align:left|color:%23000000&#8243; use_theme_fonts=&#8221;yes&#8221; css=&#8221;.vc_custom_1716508436740{border-bottom-width: 20px !important;}&#8221;][vc_column_text]Garantiza una indemnizaci\u00f3n a los compradores de unidades aut\u00f3nomas o al propietario del suelo (en caso de permuta de fincas) si el promotor o la constructora no construyen y entregan la promoci\u00f3n, seg\u00fan lo establecido en el Contrato Principal.[\/vc_column_text][\/vc_column][\/vc_row][vc_row full_width=&#8221;stretch_row&#8221; css=&#8221;.vc_custom_1625505809850{margin-top: -65px !important;padding-top: 60px !important;padding-bottom: 60px !important;background-color: #ffffff !important;}&#8221;][vc_column width=&#8221;1\/2&#8243;][vc_custom_heading text=&#8221;Garant\u00eda de pago&#8221; font_container=&#8221;tag:h2|text_align:left|color:%23000000&#8243; use_theme_fonts=&#8221;yes&#8221; css=&#8221;.vc_custom_1716508459807{border-bottom-width: 20px !important;}&#8221;][vc_column_text]Sirve para garantizar la indemnizaci\u00f3n al Asegurado, hasta el importe de la garant\u00eda establecida en la p\u00f3liza, por las p\u00e9rdidas que sufra como consecuencia del impago de las cuotas pecuniarias que se le adeuden y no sean satisfechas por el Tomador, seg\u00fan lo pactado en el contrato garantizado.[\/vc_column_text][\/vc_column][vc_column width=&#8221;1\/2&#8243;][vc_single_image image=&#8221;4653&#8243; img_size=&#8221;full&#8221;][\/vc_column][\/vc_row][vc_row full_width=&#8221;stretch_row&#8221; css=&#8221;.vc_custom_1625505809850{margin-top: -65px !important;padding-top: 60px !important;padding-bottom: 60px !important;background-color: #ffffff !important;}&#8221;][vc_column width=&#8221;1\/2&#8243;][vc_single_image image=&#8221;5072&#8243; img_size=&#8221;full&#8221;][\/vc_column][vc_column width=&#8221;1\/2&#8243;][vc_custom_heading text=&#8221;Compra y venta de energ\u00eda&#8221; font_container=&#8221;tag:h2|text_align:left|color:%23000000&#8243; use_theme_fonts=&#8221;yes&#8221; css=&#8221;.vc_custom_1716508480916{border-bottom-width: 20px !important;}&#8221;][vc_column_text]Se utiliza para garantizar los contratos de compraventa de energ\u00eda para empresas de diversos sectores que operan en el Entorno Libre de Contrataci\u00f3n.<\/p>\n<p>El seguro de garant\u00eda de compraventa de energ\u00eda es una protecci\u00f3n para que, en caso de impago por parte del comprador, se reembolse a la empresa suministradora de energ\u00eda.[\/vc_column_text][\/vc_column][\/vc_row][vc_row css=&#8221;.vc_custom_1615772188980{margin-top: 0px !important;margin-bottom: 20px !important;border-top-width: 0px !important;border-bottom-width: 0px !important;padding-top: 0px !important;padding-bottom: 0px !important;}&#8221;][vc_column][vc_column_text]Circular SUSEP 621\/2021 &#8211; Art. 5 La propuesta de seguro y las condiciones contractuales del plan deben incluir la siguiente informaci\u00f3n, sin perjuicio de los dem\u00e1s requisitos establecidos en la normativa vigente:<\/p>\n<p>I &#8211; la aceptaci\u00f3n de la propuesta de seguro est\u00e1 sujeta al an\u00e1lisis de riesgos;<br \/>\nII &#8211; el registro del producto es autom\u00e1tico y no representa aprobaci\u00f3n o recomendaci\u00f3n alguna por parte de Susep; y<br \/>\nIII &#8211; el asegurado puede comprobar el estado de registro del corredor de seguros y de la compa\u00f1\u00eda de seguros en el sitio web www.susep.gov.br.<\/p>\n<p>P\u00e1rrafo 2 La informaci\u00f3n contenida en el punto II anterior debe incluirse necesariamente en todo el material de marketing y publicidad utilizado.[\/vc_column_text][\/vc_column][\/vc_row][vc_row css=&#8221;.vc_custom_1615772245954{padding-top: 40px !important;}&#8221; el_class=&#8221;blog-seguros2&#8243;][vc_column]\n\t\t\t<div class=\"title-box text-center\"><h2 class=\"title font-weight-bold\">BLOG SOMBRERO SEGUROS<\/h2><p class=\"sub-title\">Las principales noticias del mundo empresarial comentadas por expertos.<\/p>\n\t\t\t<\/div>\n        <div class=\"vizion-recentblog v1\"><div class=\"owl-carousel\" data-dots=\"false\" data-nav=\"false\" data-items=\"3\" data-items-laptop=\"3\" data-items-tab=\"2\" data-items-mobile=\"1\" data-items-mobile-sm=\"1\" data-autoplay=\"true\" data-loop=\"true\" data-margin=\"30\">\n        <\/div>\n        <\/div>[\/vc_column][\/vc_row]<\/p>\n","protected":false},"excerpt":{"rendered":"<p>[vc_row full_width=&#8221;stretch_row&#8221; css=&#8221;.vc_custom_1624450072124{margin-top: -65px !important;padding-top: 60px !important;padding-bottom: 60px !important;background-color: #e5f6f6 !important;}&#8221;][vc_column width=&#8221;1\/2&#8243;][vc_single_image image=&#8221;4636&#8243; img_size=&#8221;full&#8221;][\/vc_column][vc_column width=&#8221;1\/2&#8243;][vc_custom_heading text=&#8221;Acerca de los seguros&#8221; font_container=&#8221;tag:h2|text_align:left|color:%23000000&#8243; use_theme_fonts=&#8221;yes&#8221; css=&#8221;.vc_custom_1716507050867{border-bottom-width: 20px !important;}&#8221;][vc_column_text]El Seguro de Garant\u00eda Contractual es una soluci\u00f3n econ\u00f3mica y eficaz para asegurar el cumplimiento de las obligaciones asumidas por la empresa contratante (Tomador) frente a su contratista (Asegurado), en los contratos [&hellip;]<\/p>\n","protected":false},"author":2,"featured_media":0,"parent":0,"menu_order":0,"comment_status":"closed","ping_status":"closed","template":"","meta":{"footnotes":""},"class_list":["post-6624","page","type-page","status-publish","hentry"],"yoast_head":"<!-- This site is optimized with the Yoast SEO plugin v27.3 - https:\/\/yoast.com\/product\/yoast-seo-wordpress\/ -->\n<title>Seguro de garant\u00eda contractual - Sombrero Seguradora<\/title>\n<meta name=\"description\" content=\"El Seguro de Garant\u00eda Contractual es una soluci\u00f3n econ\u00f3mica y eficaz para asegurar el cumplimiento de las obligaciones asumidas por la empresa...\" \/>\n<meta name=\"robots\" content=\"index, follow, max-snippet:-1, max-image-preview:large, max-video-preview:-1\" \/>\n<link rel=\"canonical\" href=\"https:\/\/sombreroseguros.com.br\/es\/seguro-de-garantia-contractual\/\" \/>\n<meta property=\"og:locale\" content=\"es_ES\" \/>\n<meta property=\"og:type\" content=\"article\" \/>\n<meta property=\"og:title\" content=\"Seguro de garant\u00eda contractual - Sombrero Seguradora\" \/>\n<meta property=\"og:description\" content=\"El Seguro de Garant\u00eda Contractual es una soluci\u00f3n econ\u00f3mica y eficaz para asegurar el cumplimiento de las obligaciones asumidas por la empresa...\" \/>\n<meta property=\"og:url\" content=\"https:\/\/sombreroseguros.com.br\/es\/seguro-de-garantia-contractual\/\" \/>\n<meta property=\"og:site_name\" content=\"Sombrero Seguradora\" \/>\n<meta property=\"article:publisher\" content=\"https:\/\/www.facebook.com\/sombreroseguros\" \/>\n<meta property=\"article:modified_time\" content=\"2024-05-23T23:59:27+00:00\" \/>\n<meta name=\"twitter:card\" content=\"summary_large_image\" \/>\n<meta name=\"twitter:label1\" content=\"Tiempo de lectura\" \/>\n\t<meta name=\"twitter:data1\" content=\"6 minutos\" \/>\n<script type=\"application\/ld+json\" class=\"yoast-schema-graph\">{\"@context\":\"https:\\\/\\\/schema.org\",\"@graph\":[{\"@type\":\"WebPage\",\"@id\":\"https:\\\/\\\/sombreroseguros.com.br\\\/es\\\/seguro-de-garantia-contractual\\\/\",\"url\":\"https:\\\/\\\/sombreroseguros.com.br\\\/es\\\/seguro-de-garantia-contractual\\\/\",\"name\":\"Seguro de garant\u00eda contractual - Sombrero Seguradora\",\"isPartOf\":{\"@id\":\"https:\\\/\\\/sombreroseguros.com.br\\\/#website\"},\"datePublished\":\"2021-07-05T17:23:31+00:00\",\"dateModified\":\"2024-05-23T23:59:27+00:00\",\"description\":\"El Seguro de Garant\u00eda Contractual es una soluci\u00f3n econ\u00f3mica y eficaz para asegurar el cumplimiento de las obligaciones asumidas por la empresa...\",\"breadcrumb\":{\"@id\":\"https:\\\/\\\/sombreroseguros.com.br\\\/es\\\/seguro-de-garantia-contractual\\\/#breadcrumb\"},\"inLanguage\":\"es\",\"potentialAction\":[{\"@type\":\"ReadAction\",\"target\":[\"https:\\\/\\\/sombreroseguros.com.br\\\/es\\\/seguro-de-garantia-contractual\\\/\"]}]},{\"@type\":\"BreadcrumbList\",\"@id\":\"https:\\\/\\\/sombreroseguros.com.br\\\/es\\\/seguro-de-garantia-contractual\\\/#breadcrumb\",\"itemListElement\":[{\"@type\":\"ListItem\",\"position\":1,\"name\":\"In\u00edcio\",\"item\":\"https:\\\/\\\/sombreroseguros.com.br\\\/es\\\/\"},{\"@type\":\"ListItem\",\"position\":2,\"name\":\"Seguro de garant\u00eda contractual\"}]},{\"@type\":\"WebSite\",\"@id\":\"https:\\\/\\\/sombreroseguros.com.br\\\/#website\",\"url\":\"https:\\\/\\\/sombreroseguros.com.br\\\/\",\"name\":\"Sombrero Seguradora\",\"description\":\"Protege o futuro de quem produz.\",\"publisher\":{\"@id\":\"https:\\\/\\\/sombreroseguros.com.br\\\/#organization\"},\"potentialAction\":[{\"@type\":\"SearchAction\",\"target\":{\"@type\":\"EntryPoint\",\"urlTemplate\":\"https:\\\/\\\/sombreroseguros.com.br\\\/?s={search_term_string}\"},\"query-input\":{\"@type\":\"PropertyValueSpecification\",\"valueRequired\":true,\"valueName\":\"search_term_string\"}}],\"inLanguage\":\"es\"},{\"@type\":\"Organization\",\"@id\":\"https:\\\/\\\/sombreroseguros.com.br\\\/#organization\",\"name\":\"Sombrero Seguradora\",\"url\":\"https:\\\/\\\/sombreroseguros.com.br\\\/\",\"logo\":{\"@type\":\"ImageObject\",\"inLanguage\":\"es\",\"@id\":\"https:\\\/\\\/sombreroseguros.com.br\\\/#\\\/schema\\\/logo\\\/image\\\/\",\"url\":\"https:\\\/\\\/sombreroseguros.com.br\\\/wp-content\\\/uploads\\\/2021\\\/04\\\/sombrero_logo.png\",\"contentUrl\":\"https:\\\/\\\/sombreroseguros.com.br\\\/wp-content\\\/uploads\\\/2021\\\/04\\\/sombrero_logo.png\",\"width\":370,\"height\":100,\"caption\":\"Sombrero Seguradora\"},\"image\":{\"@id\":\"https:\\\/\\\/sombreroseguros.com.br\\\/#\\\/schema\\\/logo\\\/image\\\/\"},\"sameAs\":[\"https:\\\/\\\/www.facebook.com\\\/sombreroseguros\",\"https:\\\/\\\/www.instagram.com\\\/sombreroseguros\",\"https:\\\/\\\/www.linkedin.com\\\/company\\\/sombreroseguradora\\\/\"]}]}<\/script>\n<!-- \/ Yoast SEO plugin. -->","yoast_head_json":{"title":"Seguro de garant\u00eda contractual - Sombrero Seguradora","description":"El Seguro de Garant\u00eda Contractual es una soluci\u00f3n econ\u00f3mica y eficaz para asegurar el cumplimiento de las obligaciones asumidas por la empresa...","robots":{"index":"index","follow":"follow","max-snippet":"max-snippet:-1","max-image-preview":"max-image-preview:large","max-video-preview":"max-video-preview:-1"},"canonical":"https:\/\/sombreroseguros.com.br\/es\/seguro-de-garantia-contractual\/","og_locale":"es_ES","og_type":"article","og_title":"Seguro de garant\u00eda contractual - Sombrero Seguradora","og_description":"El Seguro de Garant\u00eda Contractual es una soluci\u00f3n econ\u00f3mica y eficaz para asegurar el cumplimiento de las obligaciones asumidas por la empresa...","og_url":"https:\/\/sombreroseguros.com.br\/es\/seguro-de-garantia-contractual\/","og_site_name":"Sombrero Seguradora","article_publisher":"https:\/\/www.facebook.com\/sombreroseguros","article_modified_time":"2024-05-23T23:59:27+00:00","twitter_card":"summary_large_image","twitter_misc":{"Tiempo de lectura":"6 minutos"},"schema":{"@context":"https:\/\/schema.org","@graph":[{"@type":"WebPage","@id":"https:\/\/sombreroseguros.com.br\/es\/seguro-de-garantia-contractual\/","url":"https:\/\/sombreroseguros.com.br\/es\/seguro-de-garantia-contractual\/","name":"Seguro de garant\u00eda contractual - Sombrero Seguradora","isPartOf":{"@id":"https:\/\/sombreroseguros.com.br\/#website"},"datePublished":"2021-07-05T17:23:31+00:00","dateModified":"2024-05-23T23:59:27+00:00","description":"El Seguro de Garant\u00eda Contractual es una soluci\u00f3n econ\u00f3mica y eficaz para asegurar el cumplimiento de las obligaciones asumidas por la empresa...","breadcrumb":{"@id":"https:\/\/sombreroseguros.com.br\/es\/seguro-de-garantia-contractual\/#breadcrumb"},"inLanguage":"es","potentialAction":[{"@type":"ReadAction","target":["https:\/\/sombreroseguros.com.br\/es\/seguro-de-garantia-contractual\/"]}]},{"@type":"BreadcrumbList","@id":"https:\/\/sombreroseguros.com.br\/es\/seguro-de-garantia-contractual\/#breadcrumb","itemListElement":[{"@type":"ListItem","position":1,"name":"In\u00edcio","item":"https:\/\/sombreroseguros.com.br\/es\/"},{"@type":"ListItem","position":2,"name":"Seguro de garant\u00eda contractual"}]},{"@type":"WebSite","@id":"https:\/\/sombreroseguros.com.br\/#website","url":"https:\/\/sombreroseguros.com.br\/","name":"Sombrero Seguradora","description":"Protege o futuro de quem produz.","publisher":{"@id":"https:\/\/sombreroseguros.com.br\/#organization"},"potentialAction":[{"@type":"SearchAction","target":{"@type":"EntryPoint","urlTemplate":"https:\/\/sombreroseguros.com.br\/?s={search_term_string}"},"query-input":{"@type":"PropertyValueSpecification","valueRequired":true,"valueName":"search_term_string"}}],"inLanguage":"es"},{"@type":"Organization","@id":"https:\/\/sombreroseguros.com.br\/#organization","name":"Sombrero Seguradora","url":"https:\/\/sombreroseguros.com.br\/","logo":{"@type":"ImageObject","inLanguage":"es","@id":"https:\/\/sombreroseguros.com.br\/#\/schema\/logo\/image\/","url":"https:\/\/sombreroseguros.com.br\/wp-content\/uploads\/2021\/04\/sombrero_logo.png","contentUrl":"https:\/\/sombreroseguros.com.br\/wp-content\/uploads\/2021\/04\/sombrero_logo.png","width":370,"height":100,"caption":"Sombrero Seguradora"},"image":{"@id":"https:\/\/sombreroseguros.com.br\/#\/schema\/logo\/image\/"},"sameAs":["https:\/\/www.facebook.com\/sombreroseguros","https:\/\/www.instagram.com\/sombreroseguros","https:\/\/www.linkedin.com\/company\/sombreroseguradora\/"]}]}},"_links":{"self":[{"href":"https:\/\/sombreroseguros.com.br\/es\/wp-json\/wp\/v2\/pages\/6624","targetHints":{"allow":["GET"]}}],"collection":[{"href":"https:\/\/sombreroseguros.com.br\/es\/wp-json\/wp\/v2\/pages"}],"about":[{"href":"https:\/\/sombreroseguros.com.br\/es\/wp-json\/wp\/v2\/types\/page"}],"author":[{"embeddable":true,"href":"https:\/\/sombreroseguros.com.br\/es\/wp-json\/wp\/v2\/users\/2"}],"replies":[{"embeddable":true,"href":"https:\/\/sombreroseguros.com.br\/es\/wp-json\/wp\/v2\/comments?post=6624"}],"version-history":[{"count":8,"href":"https:\/\/sombreroseguros.com.br\/es\/wp-json\/wp\/v2\/pages\/6624\/revisions"}],"predecessor-version":[{"id":6625,"href":"https:\/\/sombreroseguros.com.br\/es\/wp-json\/wp\/v2\/pages\/6624\/revisions\/6625"}],"wp:attachment":[{"href":"https:\/\/sombreroseguros.com.br\/es\/wp-json\/wp\/v2\/media?parent=6624"}],"curies":[{"name":"wp","href":"https:\/\/api.w.org\/{rel}","templated":true}]}}