{"id":6637,"date":"2021-07-05T14:39:52","date_gmt":"2021-07-05T17:39:52","guid":{"rendered":"https:\/\/sombreroseguros.com.br\/seguro-garantia-judicial\/"},"modified":"2024-05-23T22:18:51","modified_gmt":"2024-05-24T01:18:51","slug":"seguro-de-garantia-judicial","status":"publish","type":"page","link":"https:\/\/sombreroseguros.com.br\/es\/seguro-de-garantia-judicial\/","title":{"rendered":"Seguro de Garant\u00eda Judicial"},"content":{"rendered":"<p>[vc_row full_width=&#8221;stretch_row&#8221; css=&#8221;.vc_custom_1624450166060{margin-top: -65px !important;padding-top: 60px !important;padding-bottom: 60px !important;background-color: #e5f6f6 !important;}&#8221;][vc_column width=&#8221;1\/2&#8243;][vc_single_image image=&#8221;4622&#8243; img_size=&#8221;full&#8221;][\/vc_column][vc_column width=&#8221;1\/2&#8243;][vc_custom_heading text=&#8221;Acerca de los seguros&#8221; font_container=&#8221;tag:h2|text_align:left|color:%23000000&#8243; use_theme_fonts=&#8221;yes&#8221; css=&#8221;.vc_custom_1716513095487{border-bottom-width: 20px !important;}&#8221;][vc_column_text]Puede utilizarse en procedimientos judiciales o administrativos, sustituyendo a los dep\u00f3sitos judiciales que el Tomador necesite realizar en el curso de procedimientos judiciales en los \u00e1mbitos civil, laboral y fiscal, con la ventaja de no comprometer la tesorer\u00eda de la empresa ni su l\u00edmite de cr\u00e9dito bancario.<\/p>\n<p>El Seguro de Garant\u00eda Judicial consta de 3 partes:<\/p>\n<p>Asegurado: En el Seguro de Garant\u00eda Judicial, es el \u00f3rgano jurisdiccional. Es el beneficiario del seguro en caso de indemnizaci\u00f3n y el acreedor de las obligaciones del Tomador.<\/p>\n<p>Tomador del seguro: es la persona que suscribe la p\u00f3liza de seguro con la aseguradora, es el deudor de las obligaciones administrativas o procesales asumidas por \u00e9l, la parte que quiere poder discutir sus derechos en los \u00e1mbitos administrativo y judicial.<\/p>\n<p>Asegurador: Sombrero Seguros garantiza, seg\u00fan lo establecido en la p\u00f3liza, que en caso de incumplimiento de las obligaciones asumidas por el Tomador, el Asegurado ser\u00e1 indemnizado de las p\u00e9rdidas.<\/p>\n<p>El Seguro de Garant\u00eda Judicial puede suscribirse en las siguientes modalidades:[\/vc_column_text][\/vc_column][\/vc_row][vc_row full_width=&#8221;stretch_row&#8221; css=&#8221;.vc_custom_1625507053940{margin-top: -65px !important;padding-top: 60px !important;padding-bottom: 60px !important;background-color: #ffffff !important;}&#8221;][vc_column width=&#8221;1\/2&#8243;][vc_custom_heading text=&#8221;Garant\u00eda Judicial&#8221; font_container=&#8221;tag:h2|text_align:left|color:%23000000&#8243; use_theme_fonts=&#8221;yes&#8221; css=&#8221;.vc_custom_1716513264455{border-bottom-width: 20px !important;}&#8221;][vc_column_text]Lo utilizan empresas de todos los segmentos y garantiza valor<br \/>\nen discusi\u00f3n en demandas que requieren un dep\u00f3sito ante el tribunal.<br \/>\nEs una opci\u00f3n econ\u00f3mica que no afecta a la tesorer\u00eda de la empresa y ofrece seguridad y agilidad. Se puede utilizar en juicios civiles y laborales, medidas cautelares y tambi\u00e9n en dep\u00f3sitos de recursos.[\/vc_column_text][\/vc_column][vc_column width=&#8221;1\/2&#8243;][vc_single_image image=&#8221;4624&#8243; img_size=&#8221;full&#8221;][\/vc_column][\/vc_row][vc_row full_width=&#8221;stretch_row&#8221; css=&#8221;.vc_custom_1624450166060{margin-top: -65px !important;padding-top: 60px !important;padding-bottom: 60px !important;background-color: #e5f6f6 !important;}&#8221;][vc_column width=&#8221;1\/2&#8243;][vc_single_image image=&#8221;4627&#8243; img_size=&#8221;full&#8221;][\/vc_column][vc_column width=&#8221;1\/2&#8243;][vc_custom_heading text=&#8221;Garant\u00eda Judicial para la Ejecuci\u00f3n Fiscal (Tributaria)&#8221; font_container=&#8221;tag:h2|text_align:left|color:%23000000&#8243; use_theme_fonts=&#8221;yes&#8221; css=&#8221;.vc_custom_1716513346974{border-bottom-width: 20px !important;}&#8221;][vc_column_text]Modalidad espec\u00edfica para garantizar los procedimientos judiciales relacionados con<br \/>\nlas deudas tributarias, sustituye el dep\u00f3sito judicial para garantizar el pago del importe a la Uni\u00f3n Federal, Estados, Municipios y Autoridades Aut\u00f3nomas de la condena o de la cantidad determinada en un acuerdo.[\/vc_column_text][\/vc_column][\/vc_row][vc_row full_width=&#8221;stretch_row&#8221; css=&#8221;.vc_custom_1625507066621{margin-top: -65px !important;padding-top: 60px !important;padding-bottom: 60px !important;background-color: #ffffff !important;}&#8221;][vc_column width=&#8221;1\/2&#8243;][vc_custom_heading text=&#8221;Garant\u00eda administrativa<br \/>\npara cr\u00e9ditos fiscales&#8221; font_container=&#8221;tag:h2|text_align:left|color:%23000000&#8243; use_theme_fonts=&#8221;yes&#8221; css=&#8221;.vc_custom_1716513423237{border-bottom-width: 20px !important;}&#8221;][vc_column_text]Puede ser contratada por empresas de todos los sectores para liberar cr\u00e9ditos fiscales y cubrir la permanencia del Prestatario en reg\u00edmenes fiscales especiales. Garant\u00eda que acredita la veracidad de los cr\u00e9ditos fiscales en procedimientos administrativos a nivel federal, estatal y local o municipio.[\/vc_column_text][\/vc_column][vc_column width=&#8221;1\/2&#8243;][vc_single_image image=&#8221;4629&#8243; img_size=&#8221;full&#8221;][\/vc_column][\/vc_row][vc_row css=&#8221;.vc_custom_1615772188980{margin-top: 0px !important;margin-bottom: 20px !important;border-top-width: 0px !important;border-bottom-width: 0px !important;padding-top: 0px !important;padding-bottom: 0px !important;}&#8221;][vc_column][vc_column_text]Circular SUSEP 621\/2021 &#8211; Art. 5 La propuesta de seguro y las condiciones contractuales del plan deben incluir la siguiente informaci\u00f3n, sin perjuicio de los dem\u00e1s requisitos establecidos en la normativa vigente:<\/p>\n<p>I &#8211; la aceptaci\u00f3n de la propuesta de seguro est\u00e1 sujeta al an\u00e1lisis de riesgos;<br \/>\nII &#8211; el registro del producto es autom\u00e1tico y no representa aprobaci\u00f3n o recomendaci\u00f3n alguna por parte de Susep; y<br \/>\nIII &#8211; el asegurado puede comprobar el estado de registro del corredor de seguros y de la compa\u00f1\u00eda de seguros en el sitio web www.susep.gov.br.<\/p>\n<p>P\u00e1rrafo 2 La informaci\u00f3n contenida en el punto II anterior debe incluirse necesariamente en todo el material de marketing y publicidad utilizado.[\/vc_column_text][\/vc_column][\/vc_row][vc_row css=&#8221;.vc_custom_1615772245954{padding-top: 40px !important;}&#8221; el_class=&#8221;blog-seguros2&#8243;][vc_column]\n\t\t\t<div class=\"title-box text-center\"><h2 class=\"title font-weight-bold\">BLOG SOMBRERO SEGUROS<\/h2><p class=\"sub-title\">Las principales noticias del mundo empresarial comentadas por expertos.<\/p>\n\t\t\t<\/div>\n        <div class=\"vizion-recentblog v1\"><div class=\"owl-carousel\" data-dots=\"false\" data-nav=\"false\" data-items=\"3\" data-items-laptop=\"3\" data-items-tab=\"2\" data-items-mobile=\"1\" data-items-mobile-sm=\"1\" data-autoplay=\"true\" data-loop=\"true\" data-margin=\"30\">\n        <\/div>\n        <\/div>[\/vc_column][\/vc_row]<\/p>\n","protected":false},"excerpt":{"rendered":"<p>[vc_row full_width=&#8221;stretch_row&#8221; css=&#8221;.vc_custom_1624450166060{margin-top: -65px !important;padding-top: 60px !important;padding-bottom: 60px !important;background-color: #e5f6f6 !important;}&#8221;][vc_column width=&#8221;1\/2&#8243;][vc_single_image image=&#8221;4622&#8243; img_size=&#8221;full&#8221;][\/vc_column][vc_column width=&#8221;1\/2&#8243;][vc_custom_heading text=&#8221;Acerca de los seguros&#8221; font_container=&#8221;tag:h2|text_align:left|color:%23000000&#8243; use_theme_fonts=&#8221;yes&#8221; css=&#8221;.vc_custom_1716513095487{border-bottom-width: 20px !important;}&#8221;][vc_column_text]Puede utilizarse en procedimientos judiciales o administrativos, sustituyendo a los dep\u00f3sitos judiciales que el Tomador necesite realizar en el curso de procedimientos judiciales en los \u00e1mbitos civil, laboral y fiscal, con la [&hellip;]<\/p>\n","protected":false},"author":2,"featured_media":0,"parent":0,"menu_order":0,"comment_status":"closed","ping_status":"closed","template":"","meta":{"footnotes":""},"class_list":["post-6637","page","type-page","status-publish","hentry"],"yoast_head":"<!-- This site is optimized with the Yoast SEO plugin v27.4 - https:\/\/yoast.com\/product\/yoast-seo-wordpress\/ -->\n<title>Seguro de Garant\u00eda Judicial - Sombrero Seguradora<\/title>\n<meta name=\"description\" content=\"Puede utilizarse en procedimientos judiciales o administrativos, sustituyendo a los dep\u00f3sitos judiciales que el Tomador necesite realizar en el curso...\" \/>\n<meta name=\"robots\" content=\"index, follow, max-snippet:-1, max-image-preview:large, max-video-preview:-1\" \/>\n<link rel=\"canonical\" href=\"https:\/\/sombreroseguros.com.br\/es\/seguro-de-garantia-judicial\/\" \/>\n<meta property=\"og:locale\" content=\"es_ES\" \/>\n<meta property=\"og:type\" content=\"article\" \/>\n<meta property=\"og:title\" content=\"Seguro de Garant\u00eda Judicial - Sombrero Seguradora\" \/>\n<meta property=\"og:description\" content=\"Puede utilizarse en procedimientos judiciales o administrativos, sustituyendo a los dep\u00f3sitos judiciales que el Tomador necesite realizar en el curso...\" \/>\n<meta property=\"og:url\" content=\"https:\/\/sombreroseguros.com.br\/es\/seguro-de-garantia-judicial\/\" \/>\n<meta property=\"og:site_name\" content=\"Sombrero Seguradora\" \/>\n<meta property=\"article:publisher\" content=\"https:\/\/www.facebook.com\/sombreroseguros\" \/>\n<meta property=\"article:modified_time\" content=\"2024-05-24T01:18:51+00:00\" \/>\n<meta name=\"twitter:card\" content=\"summary_large_image\" \/>\n<meta name=\"twitter:label1\" content=\"Tiempo de lectura\" \/>\n\t<meta name=\"twitter:data1\" content=\"4 minutos\" \/>\n<script type=\"application\/ld+json\" class=\"yoast-schema-graph\">{\"@context\":\"https:\\\/\\\/schema.org\",\"@graph\":[{\"@type\":\"WebPage\",\"@id\":\"https:\\\/\\\/sombreroseguros.com.br\\\/es\\\/seguro-de-garantia-judicial\\\/\",\"url\":\"https:\\\/\\\/sombreroseguros.com.br\\\/es\\\/seguro-de-garantia-judicial\\\/\",\"name\":\"Seguro de Garant\u00eda Judicial - Sombrero Seguradora\",\"isPartOf\":{\"@id\":\"https:\\\/\\\/sombreroseguros.com.br\\\/#website\"},\"datePublished\":\"2021-07-05T17:39:52+00:00\",\"dateModified\":\"2024-05-24T01:18:51+00:00\",\"description\":\"Puede utilizarse en procedimientos judiciales o administrativos, sustituyendo a los dep\u00f3sitos judiciales que el Tomador necesite realizar en el curso...\",\"breadcrumb\":{\"@id\":\"https:\\\/\\\/sombreroseguros.com.br\\\/es\\\/seguro-de-garantia-judicial\\\/#breadcrumb\"},\"inLanguage\":\"es\",\"potentialAction\":[{\"@type\":\"ReadAction\",\"target\":[\"https:\\\/\\\/sombreroseguros.com.br\\\/es\\\/seguro-de-garantia-judicial\\\/\"]}]},{\"@type\":\"BreadcrumbList\",\"@id\":\"https:\\\/\\\/sombreroseguros.com.br\\\/es\\\/seguro-de-garantia-judicial\\\/#breadcrumb\",\"itemListElement\":[{\"@type\":\"ListItem\",\"position\":1,\"name\":\"In\u00edcio\",\"item\":\"https:\\\/\\\/sombreroseguros.com.br\\\/es\\\/\"},{\"@type\":\"ListItem\",\"position\":2,\"name\":\"Seguro de Garant\u00eda Judicial\"}]},{\"@type\":\"WebSite\",\"@id\":\"https:\\\/\\\/sombreroseguros.com.br\\\/#website\",\"url\":\"https:\\\/\\\/sombreroseguros.com.br\\\/\",\"name\":\"Sombrero Seguradora\",\"description\":\"Protege o futuro de quem produz.\",\"publisher\":{\"@id\":\"https:\\\/\\\/sombreroseguros.com.br\\\/#organization\"},\"potentialAction\":[{\"@type\":\"SearchAction\",\"target\":{\"@type\":\"EntryPoint\",\"urlTemplate\":\"https:\\\/\\\/sombreroseguros.com.br\\\/?s={search_term_string}\"},\"query-input\":{\"@type\":\"PropertyValueSpecification\",\"valueRequired\":true,\"valueName\":\"search_term_string\"}}],\"inLanguage\":\"es\"},{\"@type\":\"Organization\",\"@id\":\"https:\\\/\\\/sombreroseguros.com.br\\\/#organization\",\"name\":\"Sombrero Seguradora\",\"url\":\"https:\\\/\\\/sombreroseguros.com.br\\\/\",\"logo\":{\"@type\":\"ImageObject\",\"inLanguage\":\"es\",\"@id\":\"https:\\\/\\\/sombreroseguros.com.br\\\/#\\\/schema\\\/logo\\\/image\\\/\",\"url\":\"https:\\\/\\\/sombreroseguros.com.br\\\/wp-content\\\/uploads\\\/2021\\\/04\\\/sombrero_logo.png\",\"contentUrl\":\"https:\\\/\\\/sombreroseguros.com.br\\\/wp-content\\\/uploads\\\/2021\\\/04\\\/sombrero_logo.png\",\"width\":370,\"height\":100,\"caption\":\"Sombrero Seguradora\"},\"image\":{\"@id\":\"https:\\\/\\\/sombreroseguros.com.br\\\/#\\\/schema\\\/logo\\\/image\\\/\"},\"sameAs\":[\"https:\\\/\\\/www.facebook.com\\\/sombreroseguros\",\"https:\\\/\\\/www.instagram.com\\\/sombreroseguros\",\"https:\\\/\\\/www.linkedin.com\\\/company\\\/sombreroseguradora\\\/\"]}]}<\/script>\n<!-- \/ Yoast SEO plugin. -->","yoast_head_json":{"title":"Seguro de Garant\u00eda Judicial - Sombrero Seguradora","description":"Puede utilizarse en procedimientos judiciales o administrativos, sustituyendo a los dep\u00f3sitos judiciales que el Tomador necesite realizar en el curso...","robots":{"index":"index","follow":"follow","max-snippet":"max-snippet:-1","max-image-preview":"max-image-preview:large","max-video-preview":"max-video-preview:-1"},"canonical":"https:\/\/sombreroseguros.com.br\/es\/seguro-de-garantia-judicial\/","og_locale":"es_ES","og_type":"article","og_title":"Seguro de Garant\u00eda Judicial - Sombrero Seguradora","og_description":"Puede utilizarse en procedimientos judiciales o administrativos, sustituyendo a los dep\u00f3sitos judiciales que el Tomador necesite realizar en el curso...","og_url":"https:\/\/sombreroseguros.com.br\/es\/seguro-de-garantia-judicial\/","og_site_name":"Sombrero Seguradora","article_publisher":"https:\/\/www.facebook.com\/sombreroseguros","article_modified_time":"2024-05-24T01:18:51+00:00","twitter_card":"summary_large_image","twitter_misc":{"Tiempo de lectura":"4 minutos"},"schema":{"@context":"https:\/\/schema.org","@graph":[{"@type":"WebPage","@id":"https:\/\/sombreroseguros.com.br\/es\/seguro-de-garantia-judicial\/","url":"https:\/\/sombreroseguros.com.br\/es\/seguro-de-garantia-judicial\/","name":"Seguro de Garant\u00eda Judicial - Sombrero Seguradora","isPartOf":{"@id":"https:\/\/sombreroseguros.com.br\/#website"},"datePublished":"2021-07-05T17:39:52+00:00","dateModified":"2024-05-24T01:18:51+00:00","description":"Puede utilizarse en procedimientos judiciales o administrativos, sustituyendo a los dep\u00f3sitos judiciales que el Tomador necesite realizar en el curso...","breadcrumb":{"@id":"https:\/\/sombreroseguros.com.br\/es\/seguro-de-garantia-judicial\/#breadcrumb"},"inLanguage":"es","potentialAction":[{"@type":"ReadAction","target":["https:\/\/sombreroseguros.com.br\/es\/seguro-de-garantia-judicial\/"]}]},{"@type":"BreadcrumbList","@id":"https:\/\/sombreroseguros.com.br\/es\/seguro-de-garantia-judicial\/#breadcrumb","itemListElement":[{"@type":"ListItem","position":1,"name":"In\u00edcio","item":"https:\/\/sombreroseguros.com.br\/es\/"},{"@type":"ListItem","position":2,"name":"Seguro de Garant\u00eda Judicial"}]},{"@type":"WebSite","@id":"https:\/\/sombreroseguros.com.br\/#website","url":"https:\/\/sombreroseguros.com.br\/","name":"Sombrero Seguradora","description":"Protege o futuro de quem produz.","publisher":{"@id":"https:\/\/sombreroseguros.com.br\/#organization"},"potentialAction":[{"@type":"SearchAction","target":{"@type":"EntryPoint","urlTemplate":"https:\/\/sombreroseguros.com.br\/?s={search_term_string}"},"query-input":{"@type":"PropertyValueSpecification","valueRequired":true,"valueName":"search_term_string"}}],"inLanguage":"es"},{"@type":"Organization","@id":"https:\/\/sombreroseguros.com.br\/#organization","name":"Sombrero Seguradora","url":"https:\/\/sombreroseguros.com.br\/","logo":{"@type":"ImageObject","inLanguage":"es","@id":"https:\/\/sombreroseguros.com.br\/#\/schema\/logo\/image\/","url":"https:\/\/sombreroseguros.com.br\/wp-content\/uploads\/2021\/04\/sombrero_logo.png","contentUrl":"https:\/\/sombreroseguros.com.br\/wp-content\/uploads\/2021\/04\/sombrero_logo.png","width":370,"height":100,"caption":"Sombrero Seguradora"},"image":{"@id":"https:\/\/sombreroseguros.com.br\/#\/schema\/logo\/image\/"},"sameAs":["https:\/\/www.facebook.com\/sombreroseguros","https:\/\/www.instagram.com\/sombreroseguros","https:\/\/www.linkedin.com\/company\/sombreroseguradora\/"]}]}},"_links":{"self":[{"href":"https:\/\/sombreroseguros.com.br\/es\/wp-json\/wp\/v2\/pages\/6637","targetHints":{"allow":["GET"]}}],"collection":[{"href":"https:\/\/sombreroseguros.com.br\/es\/wp-json\/wp\/v2\/pages"}],"about":[{"href":"https:\/\/sombreroseguros.com.br\/es\/wp-json\/wp\/v2\/types\/page"}],"author":[{"embeddable":true,"href":"https:\/\/sombreroseguros.com.br\/es\/wp-json\/wp\/v2\/users\/2"}],"replies":[{"embeddable":true,"href":"https:\/\/sombreroseguros.com.br\/es\/wp-json\/wp\/v2\/comments?post=6637"}],"version-history":[{"count":4,"href":"https:\/\/sombreroseguros.com.br\/es\/wp-json\/wp\/v2\/pages\/6637\/revisions"}],"predecessor-version":[{"id":6638,"href":"https:\/\/sombreroseguros.com.br\/es\/wp-json\/wp\/v2\/pages\/6637\/revisions\/6638"}],"wp:attachment":[{"href":"https:\/\/sombreroseguros.com.br\/es\/wp-json\/wp\/v2\/media?parent=6637"}],"curies":[{"name":"wp","href":"https:\/\/api.w.org\/{rel}","templated":true}]}}