{"id":6688,"date":"2024-01-31T17:28:16","date_gmt":"2024-01-31T20:28:16","guid":{"rendered":"https:\/\/sombreroseguros.com.br\/sinistros-sombrero-seguros\/"},"modified":"2024-09-03T23:21:37","modified_gmt":"2024-09-04T02:21:37","slug":"siniestros","status":"publish","type":"page","link":"https:\/\/sombreroseguros.com.br\/es\/siniestros\/","title":{"rendered":"Siniestros"},"content":{"rendered":"<p>[vc_row full_width=&#8221;stretch_row&#8221; css=&#8221;.vc_custom_1616675217179{margin-top: 0px !important;margin-bottom: 0px !important;border-top-width: 0px !important;border-bottom-width: 0px !important;padding-top: 40px !important;padding-bottom: 40px !important;background-color: #f7f7f7 !important;}&#8221; el_class=&#8221;overflow-hidden&#8221;][vc_column][vc_row_inner][vc_column_inner width=&#8221;1\/2&#8243;][vc_single_image image=&#8221;7195&#8243; img_size=&#8221;full&#8221; alignment=&#8221;center&#8221;][\/vc_column_inner][vc_column_inner width=&#8221;1\/2&#8243;][vc_column_text el_class=&#8221;mb-4&#8243;]Sombrero es una aseguradora que busca la excelencia en el servicio a sus socios y asegurados. Por eso, el proceso de siniestros es analizado por un equipo que combina experiencia, agilidad y tecnolog\u00eda, para que el asegurado tenga la seguridad de que recibir\u00e1 un an\u00e1lisis t\u00e9cnico y ser\u00e1 atendido con rapidez.<\/p>\n<p>El pago de un siniestro es el servicio m\u00e1s importante que puede prestar una compa\u00f1\u00eda de seguros, ya que sirve para compensar la p\u00e9rdida sufrida por el asegurado que busc\u00f3 en el seguro protecci\u00f3n, tranquilidad y capacidad de planificaci\u00f3n.[\/vc_column_text][\/vc_column_inner][\/vc_row_inner][vc_row_inner][vc_column_inner][vc_custom_heading text=&#8221;Siniestros:&#8221; font_container=&#8221;tag:h2|text_align:left|color:%2314a19d&#8221; use_theme_fonts=&#8221;yes&#8221;][vc_column_text]Nuestra Central de Siniestros est\u00e1 disponible 24 horas al d\u00eda, 7 d\u00edas a la semana. As\u00ed, podemos atenderle con la agilidad Sombrero que ya conoce.<\/p>\n<p>Para la notificaci\u00f3n inmediata de un siniestro, ll\u00e1menos o p\u00f3ngase en contacto con nosotros por <a href=\"https:\/\/api.whatsapp.com\/send?phone=5508007499090&amp;text=Ol%C3%A1,%20gostaria%20de%20informa%C3%A7%C3%B5es%20sobre%20meu%20Sinistro.\" target=\"_blank\" rel=\"noopener\">WhatsApp<\/a>:<\/p>\n<h2><span style=\"color: #14a19d;\">0800-749 90 90 <\/span><a href=\"https:\/\/api.whatsapp.com\/send?phone=5508007499090&amp;text=Ol%C3%A1,%20gostaria%20de%20informa%C3%A7%C3%B5es%20sobre%20meu%20Sinistro.\"><img decoding=\"async\" style=\"margin-bottom: 10px;\" src=\"https:\/\/sombreroseguros.com.br\/wp-content\/uploads\/2023\/12\/whats_logo_sombrero_001.png\" \/><\/a><\/h2>\n<p>[\/vc_column_text][\/vc_column_inner][\/vc_row_inner][\/vc_column][\/vc_row][vc_row][vc_column width=&#8221;1\/2&#8243;][vc_single_image image=&#8221;5315&#8243; img_size=&#8221;full&#8221;][\/vc_column][vc_column width=&#8221;1\/2&#8243;][vc_custom_heading text=&#8221;AGILIDAD Y EXCELENCIA<br \/>\nEN PRIMER LUGAR&#8221; font_container=&#8221;tag:h2|text_align:left|color:%2314a19d&#8221; use_theme_fonts=&#8221;yes&#8221;][vc_column_text el_class=&#8221;mb-4&#8243;]La rapidez es lo m\u00e1s importante para nosotros. Porque sabemos que tambi\u00e9n lo es para usted.[\/vc_column_text][vc_empty_space height=&#8221;20&#8243;]\n\t\t\t<div class=\"iq-insuarance-fancybox bg-show wow fadeInUp text-  \" data-wow-duration=\"0.9s\">\n\t\t    <div class=\"insua-icon-bg\">\n                <img decoding=\"async\" src=\"https:\/\/sombreroseguros.com.br\/wp-content\/uploads\/2024\/01\/icone_2_2_002.png\" alt=\"fancy\"\/>\n\t\t    <\/div>\n\t\t    <div class=\"insua-detail\">\n\t\t\t    <h5 class=\" mb-1\">Transparencia de punta a punta<\/h5>\n\t\t\t    <p class=\"mb-0\">Acceso r\u00e1pido a todas las condiciones de su p\u00f3liza y a todas las etapas del proceso de pago de siniestros.<\/p>\n\t\t\t<\/div>    \n\t\t<\/div>\n\t\t\t<div class=\"iq-insuarance-fancybox bg-show wow fadeInUp text-  \" data-wow-duration=\"0.9s\">\n\t\t    <div class=\"insua-icon-bg\">\n                <img decoding=\"async\" src=\"https:\/\/sombreroseguros.com.br\/wp-content\/uploads\/2024\/01\/icone_2_3_002.png\" alt=\"fancy\"\/>\n\t\t    <\/div>\n\t\t    <div class=\"insua-detail\">\n\t\t\t    <h5 class=\" mb-1\">Protege a quienes producen<\/h5>\n\t\t\t    <p class=\"mb-0\">Tranquilidad y previsibilidad para avanzar sin poner en peligro la continuidad de su negocio.<\/p>\n\t\t\t<\/div>    \n\t\t<\/div>[\/vc_column][\/vc_row]<\/p>\n","protected":false},"excerpt":{"rendered":"<p>[vc_row full_width=&#8221;stretch_row&#8221; css=&#8221;.vc_custom_1616675217179{margin-top: 0px !important;margin-bottom: 0px !important;border-top-width: 0px !important;border-bottom-width: 0px !important;padding-top: 40px !important;padding-bottom: 40px !important;background-color: #f7f7f7 !important;}&#8221; el_class=&#8221;overflow-hidden&#8221;][vc_column][vc_row_inner][vc_column_inner width=&#8221;1\/2&#8243;][vc_single_image image=&#8221;7195&#8243; img_size=&#8221;full&#8221; alignment=&#8221;center&#8221;][\/vc_column_inner][vc_column_inner width=&#8221;1\/2&#8243;][vc_column_text el_class=&#8221;mb-4&#8243;]Sombrero es una aseguradora que busca la excelencia en el servicio a sus socios y asegurados. Por eso, el proceso de siniestros es analizado por un equipo que combina experiencia, agilidad y [&hellip;]<\/p>\n","protected":false},"author":3,"featured_media":0,"parent":0,"menu_order":0,"comment_status":"closed","ping_status":"closed","template":"","meta":{"footnotes":""},"class_list":["post-6688","page","type-page","status-publish","hentry"],"yoast_head":"<!-- This site is optimized with the Yoast SEO plugin v27.3 - https:\/\/yoast.com\/product\/yoast-seo-wordpress\/ -->\n<title>Siniestros - Sombrero Seguradora<\/title>\n<meta name=\"description\" content=\"Sombrero es una compa\u00f1\u00eda de seguros que busca la excelencia en el servicio a sus socios y asegurados.\" \/>\n<meta name=\"robots\" content=\"index, follow, max-snippet:-1, max-image-preview:large, max-video-preview:-1\" \/>\n<link rel=\"canonical\" href=\"https:\/\/sombreroseguros.com.br\/es\/siniestros\/\" \/>\n<meta property=\"og:locale\" content=\"es_ES\" \/>\n<meta property=\"og:type\" content=\"article\" \/>\n<meta property=\"og:title\" content=\"Siniestros - Sombrero Seguradora\" \/>\n<meta property=\"og:description\" content=\"Sombrero es una compa\u00f1\u00eda de seguros que busca la excelencia en el servicio a sus socios y asegurados.\" \/>\n<meta property=\"og:url\" content=\"https:\/\/sombreroseguros.com.br\/es\/siniestros\/\" \/>\n<meta property=\"og:site_name\" content=\"Sombrero Seguradora\" \/>\n<meta property=\"article:publisher\" content=\"https:\/\/www.facebook.com\/sombreroseguros\" \/>\n<meta property=\"article:modified_time\" content=\"2024-09-04T02:21:37+00:00\" \/>\n<meta property=\"og:image\" content=\"https:\/\/sombreroseguros.com.br\/wp-content\/uploads\/2023\/12\/whats_logo_sombrero_001.png\" \/>\n<meta name=\"twitter:card\" content=\"summary_large_image\" \/>\n<meta name=\"twitter:label1\" content=\"Tiempo de lectura\" \/>\n\t<meta name=\"twitter:data1\" content=\"2 minutos\" \/>\n<script type=\"application\/ld+json\" class=\"yoast-schema-graph\">{\"@context\":\"https:\\\/\\\/schema.org\",\"@graph\":[{\"@type\":\"WebPage\",\"@id\":\"https:\\\/\\\/sombreroseguros.com.br\\\/es\\\/siniestros\\\/\",\"url\":\"https:\\\/\\\/sombreroseguros.com.br\\\/es\\\/siniestros\\\/\",\"name\":\"Siniestros - Sombrero Seguradora\",\"isPartOf\":{\"@id\":\"https:\\\/\\\/sombreroseguros.com.br\\\/#website\"},\"primaryImageOfPage\":{\"@id\":\"https:\\\/\\\/sombreroseguros.com.br\\\/es\\\/siniestros\\\/#primaryimage\"},\"image\":{\"@id\":\"https:\\\/\\\/sombreroseguros.com.br\\\/es\\\/siniestros\\\/#primaryimage\"},\"thumbnailUrl\":\"https:\\\/\\\/sombreroseguros.com.br\\\/wp-content\\\/uploads\\\/2023\\\/12\\\/whats_logo_sombrero_001.png\",\"datePublished\":\"2024-01-31T20:28:16+00:00\",\"dateModified\":\"2024-09-04T02:21:37+00:00\",\"description\":\"Sombrero es una compa\u00f1\u00eda de seguros que busca la excelencia en el servicio a sus socios y asegurados.\",\"breadcrumb\":{\"@id\":\"https:\\\/\\\/sombreroseguros.com.br\\\/es\\\/siniestros\\\/#breadcrumb\"},\"inLanguage\":\"es\",\"potentialAction\":[{\"@type\":\"ReadAction\",\"target\":[\"https:\\\/\\\/sombreroseguros.com.br\\\/es\\\/siniestros\\\/\"]}]},{\"@type\":\"ImageObject\",\"inLanguage\":\"es\",\"@id\":\"https:\\\/\\\/sombreroseguros.com.br\\\/es\\\/siniestros\\\/#primaryimage\",\"url\":\"https:\\\/\\\/sombreroseguros.com.br\\\/wp-content\\\/uploads\\\/2023\\\/12\\\/whats_logo_sombrero_001.png\",\"contentUrl\":\"https:\\\/\\\/sombreroseguros.com.br\\\/wp-content\\\/uploads\\\/2023\\\/12\\\/whats_logo_sombrero_001.png\"},{\"@type\":\"BreadcrumbList\",\"@id\":\"https:\\\/\\\/sombreroseguros.com.br\\\/es\\\/siniestros\\\/#breadcrumb\",\"itemListElement\":[{\"@type\":\"ListItem\",\"position\":1,\"name\":\"In\u00edcio\",\"item\":\"https:\\\/\\\/sombreroseguros.com.br\\\/es\\\/\"},{\"@type\":\"ListItem\",\"position\":2,\"name\":\"Siniestros\"}]},{\"@type\":\"WebSite\",\"@id\":\"https:\\\/\\\/sombreroseguros.com.br\\\/#website\",\"url\":\"https:\\\/\\\/sombreroseguros.com.br\\\/\",\"name\":\"Sombrero Seguradora\",\"description\":\"Protege o futuro de quem produz.\",\"publisher\":{\"@id\":\"https:\\\/\\\/sombreroseguros.com.br\\\/#organization\"},\"potentialAction\":[{\"@type\":\"SearchAction\",\"target\":{\"@type\":\"EntryPoint\",\"urlTemplate\":\"https:\\\/\\\/sombreroseguros.com.br\\\/?s={search_term_string}\"},\"query-input\":{\"@type\":\"PropertyValueSpecification\",\"valueRequired\":true,\"valueName\":\"search_term_string\"}}],\"inLanguage\":\"es\"},{\"@type\":\"Organization\",\"@id\":\"https:\\\/\\\/sombreroseguros.com.br\\\/#organization\",\"name\":\"Sombrero Seguradora\",\"url\":\"https:\\\/\\\/sombreroseguros.com.br\\\/\",\"logo\":{\"@type\":\"ImageObject\",\"inLanguage\":\"es\",\"@id\":\"https:\\\/\\\/sombreroseguros.com.br\\\/#\\\/schema\\\/logo\\\/image\\\/\",\"url\":\"https:\\\/\\\/sombreroseguros.com.br\\\/wp-content\\\/uploads\\\/2021\\\/04\\\/sombrero_logo.png\",\"contentUrl\":\"https:\\\/\\\/sombreroseguros.com.br\\\/wp-content\\\/uploads\\\/2021\\\/04\\\/sombrero_logo.png\",\"width\":370,\"height\":100,\"caption\":\"Sombrero Seguradora\"},\"image\":{\"@id\":\"https:\\\/\\\/sombreroseguros.com.br\\\/#\\\/schema\\\/logo\\\/image\\\/\"},\"sameAs\":[\"https:\\\/\\\/www.facebook.com\\\/sombreroseguros\",\"https:\\\/\\\/www.instagram.com\\\/sombreroseguros\",\"https:\\\/\\\/www.linkedin.com\\\/company\\\/sombreroseguradora\\\/\"]}]}<\/script>\n<!-- \/ Yoast SEO plugin. -->","yoast_head_json":{"title":"Siniestros - Sombrero Seguradora","description":"Sombrero es una compa\u00f1\u00eda de seguros que busca la excelencia en el servicio a sus socios y asegurados.","robots":{"index":"index","follow":"follow","max-snippet":"max-snippet:-1","max-image-preview":"max-image-preview:large","max-video-preview":"max-video-preview:-1"},"canonical":"https:\/\/sombreroseguros.com.br\/es\/siniestros\/","og_locale":"es_ES","og_type":"article","og_title":"Siniestros - Sombrero Seguradora","og_description":"Sombrero es una compa\u00f1\u00eda de seguros que busca la excelencia en el servicio a sus socios y asegurados.","og_url":"https:\/\/sombreroseguros.com.br\/es\/siniestros\/","og_site_name":"Sombrero Seguradora","article_publisher":"https:\/\/www.facebook.com\/sombreroseguros","article_modified_time":"2024-09-04T02:21:37+00:00","og_image":[{"url":"https:\/\/sombreroseguros.com.br\/wp-content\/uploads\/2023\/12\/whats_logo_sombrero_001.png","type":"","width":"","height":""}],"twitter_card":"summary_large_image","twitter_misc":{"Tiempo de lectura":"2 minutos"},"schema":{"@context":"https:\/\/schema.org","@graph":[{"@type":"WebPage","@id":"https:\/\/sombreroseguros.com.br\/es\/siniestros\/","url":"https:\/\/sombreroseguros.com.br\/es\/siniestros\/","name":"Siniestros - Sombrero Seguradora","isPartOf":{"@id":"https:\/\/sombreroseguros.com.br\/#website"},"primaryImageOfPage":{"@id":"https:\/\/sombreroseguros.com.br\/es\/siniestros\/#primaryimage"},"image":{"@id":"https:\/\/sombreroseguros.com.br\/es\/siniestros\/#primaryimage"},"thumbnailUrl":"https:\/\/sombreroseguros.com.br\/wp-content\/uploads\/2023\/12\/whats_logo_sombrero_001.png","datePublished":"2024-01-31T20:28:16+00:00","dateModified":"2024-09-04T02:21:37+00:00","description":"Sombrero es una compa\u00f1\u00eda de seguros que busca la excelencia en el servicio a sus socios y asegurados.","breadcrumb":{"@id":"https:\/\/sombreroseguros.com.br\/es\/siniestros\/#breadcrumb"},"inLanguage":"es","potentialAction":[{"@type":"ReadAction","target":["https:\/\/sombreroseguros.com.br\/es\/siniestros\/"]}]},{"@type":"ImageObject","inLanguage":"es","@id":"https:\/\/sombreroseguros.com.br\/es\/siniestros\/#primaryimage","url":"https:\/\/sombreroseguros.com.br\/wp-content\/uploads\/2023\/12\/whats_logo_sombrero_001.png","contentUrl":"https:\/\/sombreroseguros.com.br\/wp-content\/uploads\/2023\/12\/whats_logo_sombrero_001.png"},{"@type":"BreadcrumbList","@id":"https:\/\/sombreroseguros.com.br\/es\/siniestros\/#breadcrumb","itemListElement":[{"@type":"ListItem","position":1,"name":"In\u00edcio","item":"https:\/\/sombreroseguros.com.br\/es\/"},{"@type":"ListItem","position":2,"name":"Siniestros"}]},{"@type":"WebSite","@id":"https:\/\/sombreroseguros.com.br\/#website","url":"https:\/\/sombreroseguros.com.br\/","name":"Sombrero Seguradora","description":"Protege o futuro de quem produz.","publisher":{"@id":"https:\/\/sombreroseguros.com.br\/#organization"},"potentialAction":[{"@type":"SearchAction","target":{"@type":"EntryPoint","urlTemplate":"https:\/\/sombreroseguros.com.br\/?s={search_term_string}"},"query-input":{"@type":"PropertyValueSpecification","valueRequired":true,"valueName":"search_term_string"}}],"inLanguage":"es"},{"@type":"Organization","@id":"https:\/\/sombreroseguros.com.br\/#organization","name":"Sombrero Seguradora","url":"https:\/\/sombreroseguros.com.br\/","logo":{"@type":"ImageObject","inLanguage":"es","@id":"https:\/\/sombreroseguros.com.br\/#\/schema\/logo\/image\/","url":"https:\/\/sombreroseguros.com.br\/wp-content\/uploads\/2021\/04\/sombrero_logo.png","contentUrl":"https:\/\/sombreroseguros.com.br\/wp-content\/uploads\/2021\/04\/sombrero_logo.png","width":370,"height":100,"caption":"Sombrero Seguradora"},"image":{"@id":"https:\/\/sombreroseguros.com.br\/#\/schema\/logo\/image\/"},"sameAs":["https:\/\/www.facebook.com\/sombreroseguros","https:\/\/www.instagram.com\/sombreroseguros","https:\/\/www.linkedin.com\/company\/sombreroseguradora\/"]}]}},"_links":{"self":[{"href":"https:\/\/sombreroseguros.com.br\/es\/wp-json\/wp\/v2\/pages\/6688","targetHints":{"allow":["GET"]}}],"collection":[{"href":"https:\/\/sombreroseguros.com.br\/es\/wp-json\/wp\/v2\/pages"}],"about":[{"href":"https:\/\/sombreroseguros.com.br\/es\/wp-json\/wp\/v2\/types\/page"}],"author":[{"embeddable":true,"href":"https:\/\/sombreroseguros.com.br\/es\/wp-json\/wp\/v2\/users\/3"}],"replies":[{"embeddable":true,"href":"https:\/\/sombreroseguros.com.br\/es\/wp-json\/wp\/v2\/comments?post=6688"}],"version-history":[{"count":6,"href":"https:\/\/sombreroseguros.com.br\/es\/wp-json\/wp\/v2\/pages\/6688\/revisions"}],"predecessor-version":[{"id":7200,"href":"https:\/\/sombreroseguros.com.br\/es\/wp-json\/wp\/v2\/pages\/6688\/revisions\/7200"}],"wp:attachment":[{"href":"https:\/\/sombreroseguros.com.br\/es\/wp-json\/wp\/v2\/media?parent=6688"}],"curies":[{"name":"wp","href":"https:\/\/api.w.org\/{rel}","templated":true}]}}