{"id":6695,"date":"2021-03-25T10:04:36","date_gmt":"2021-03-25T13:04:36","guid":{"rendered":"https:\/\/sombreroseguros.com.br\/trabalhe-conosco\/"},"modified":"2024-05-27T18:03:34","modified_gmt":"2024-05-27T21:03:34","slug":"trabaje-con-nosotros","status":"publish","type":"page","link":"https:\/\/sombreroseguros.com.br\/es\/trabaje-con-nosotros\/","title":{"rendered":"Trabaje con nosotros"},"content":{"rendered":"<p>[vc_row full_width=&#8221;stretch_row&#8221; css=&#8221;.vc_custom_1616677822275{margin-top: 0px !important;margin-bottom: 0px !important;border-top-width: 0px !important;border-bottom-width: 0px !important;padding-top: 40px !important;padding-bottom: 40px !important;background-color: #f7f7f7 !important;}&#8221; el_class=&#8221;overflow-hidden&#8221;][vc_column][vc_row_inner][vc_column_inner width=&#8221;1\/2&#8243;][vc_single_image image=&#8221;4431&#8243; img_size=&#8221;full&#8221;][\/vc_column_inner][vc_column_inner width=&#8221;1\/2&#8243;][vc_custom_heading text=&#8221;Venga y \u00fanase a<br \/>\nnuestro equipo.&#8221; font_container=&#8221;tag:h2|text_align:left|color:%2314a19d&#8221; use_theme_fonts=&#8221;yes&#8221;][vc_column_text el_class=&#8221;mb-4&#8243;]Con un equipo formado por profesionales experimentados en los distintos tipos de riesgo en los segmentos empresarial y rural, nacimos de la visi\u00f3n de crear una compa\u00f1\u00eda de seguros centrada en la INNOVACI\u00d3N, la EXPERIENCIA y la AGILIDAD.<\/p>\n<p>A trav\u00e9s de estos tres pilares fundamentales, queremos ser algo m\u00e1s que una compa\u00f1\u00eda de seguros. Queremos ser un socio empresarial comprometido con los resultados de nuestros clientes y socios.<\/p>\n<p>Porque para Sombrero, lo importante es ofrecer las mejores soluciones para cada asegurado, construyendo relaciones s\u00f3lidas y duraderas con cada socio y cliente.<\/p>\n<p>Si te apasiona hacer un trabajo \u00fanico y buscas toda la infraestructura y el apoyo que necesitas para ofrecer r\u00e1pidamente las mejores soluciones para cada cliente, \u00fanete al equipo de Sombrero Seguros.[\/vc_column_text][\/vc_column_inner][\/vc_row_inner][\/vc_column][\/vc_row][vc_row full_width=&#8221;stretch_row&#8221; css=&#8221;.vc_custom_1616676463943{margin-top: 0px !important;margin-bottom: 80px !important;padding-top: 60px !important;padding-bottom: 0px !important;background-position: 0 0 !important;background-repeat: no-repeat !important;}&#8221;][vc_column width=&#8221;1\/2&#8243;][vc_custom_heading text=&#8221;Env\u00ede su CV&#8221; font_container=&#8221;tag:h2|text_align:left|color:%2314a19d&#8221; use_theme_fonts=&#8221;yes&#8221;][vc_column_text]Para enviar su CV, haga <strong><a href=\"https:\/\/atendimento.sombreroseguros.com.br\/form\/7037\/\" target=\"_blank\" rel=\"noopener\">click aqu\u00ed<\/a><\/strong>.[\/vc_column_text][\/vc_column][vc_column width=&#8221;1\/2&#8243;][\/vc_column][\/vc_row]<\/p>\n","protected":false},"excerpt":{"rendered":"<p>[vc_row full_width=&#8221;stretch_row&#8221; css=&#8221;.vc_custom_1616677822275{margin-top: 0px !important;margin-bottom: 0px !important;border-top-width: 0px !important;border-bottom-width: 0px !important;padding-top: 40px !important;padding-bottom: 40px !important;background-color: #f7f7f7 !important;}&#8221; el_class=&#8221;overflow-hidden&#8221;][vc_column][vc_row_inner][vc_column_inner width=&#8221;1\/2&#8243;][vc_single_image image=&#8221;4431&#8243; img_size=&#8221;full&#8221;][\/vc_column_inner][vc_column_inner width=&#8221;1\/2&#8243;][vc_custom_heading text=&#8221;Venga y \u00fanase a nuestro equipo.&#8221; font_container=&#8221;tag:h2|text_align:left|color:%2314a19d&#8221; use_theme_fonts=&#8221;yes&#8221;][vc_column_text el_class=&#8221;mb-4&#8243;]Con un equipo formado por profesionales experimentados en los distintos tipos de riesgo en los segmentos empresarial y rural, nacimos de la visi\u00f3n de crear [&hellip;]<\/p>\n","protected":false},"author":1,"featured_media":0,"parent":0,"menu_order":0,"comment_status":"closed","ping_status":"closed","template":"","meta":{"footnotes":""},"class_list":["post-6695","page","type-page","status-publish","hentry"],"yoast_head":"<!-- This site is optimized with the Yoast SEO plugin v27.4 - https:\/\/yoast.com\/product\/yoast-seo-wordpress\/ -->\n<title>Trabaje con nosotros - Sombrero Seguradora<\/title>\n<meta name=\"description\" content=\"Trabaja con nosotros, env\u00eda tu CV y \u200b\u200b\u00fanete al equipo de expertos enfocados en Innovaci\u00f3n, Experiencia y Agilidad.\" \/>\n<meta name=\"robots\" content=\"index, follow, max-snippet:-1, max-image-preview:large, max-video-preview:-1\" \/>\n<link rel=\"canonical\" href=\"https:\/\/sombreroseguros.com.br\/es\/trabaje-con-nosotros\/\" \/>\n<meta property=\"og:locale\" content=\"es_ES\" \/>\n<meta property=\"og:type\" content=\"article\" \/>\n<meta property=\"og:title\" content=\"Trabaje con nosotros - Sombrero Seguradora\" \/>\n<meta property=\"og:description\" content=\"Trabaja con nosotros, env\u00eda tu CV y \u200b\u200b\u00fanete al equipo de expertos enfocados en Innovaci\u00f3n, Experiencia y Agilidad.\" \/>\n<meta property=\"og:url\" content=\"https:\/\/sombreroseguros.com.br\/es\/trabaje-con-nosotros\/\" \/>\n<meta property=\"og:site_name\" content=\"Sombrero Seguradora\" \/>\n<meta property=\"article:publisher\" content=\"https:\/\/www.facebook.com\/sombreroseguros\" \/>\n<meta property=\"article:modified_time\" content=\"2024-05-27T21:03:34+00:00\" \/>\n<meta name=\"twitter:card\" content=\"summary_large_image\" \/>\n<meta name=\"twitter:label1\" content=\"Tiempo de lectura\" \/>\n\t<meta name=\"twitter:data1\" content=\"2 minutos\" \/>\n<script type=\"application\/ld+json\" class=\"yoast-schema-graph\">{\"@context\":\"https:\\\/\\\/schema.org\",\"@graph\":[{\"@type\":\"WebPage\",\"@id\":\"https:\\\/\\\/sombreroseguros.com.br\\\/es\\\/trabaje-con-nosotros\\\/\",\"url\":\"https:\\\/\\\/sombreroseguros.com.br\\\/es\\\/trabaje-con-nosotros\\\/\",\"name\":\"Trabaje con nosotros - Sombrero Seguradora\",\"isPartOf\":{\"@id\":\"https:\\\/\\\/sombreroseguros.com.br\\\/#website\"},\"datePublished\":\"2021-03-25T13:04:36+00:00\",\"dateModified\":\"2024-05-27T21:03:34+00:00\",\"description\":\"Trabaja con nosotros, env\u00eda tu CV y \u200b\u200b\u00fanete al equipo de expertos enfocados en Innovaci\u00f3n, Experiencia y Agilidad.\",\"breadcrumb\":{\"@id\":\"https:\\\/\\\/sombreroseguros.com.br\\\/es\\\/trabaje-con-nosotros\\\/#breadcrumb\"},\"inLanguage\":\"es\",\"potentialAction\":[{\"@type\":\"ReadAction\",\"target\":[\"https:\\\/\\\/sombreroseguros.com.br\\\/es\\\/trabaje-con-nosotros\\\/\"]}]},{\"@type\":\"BreadcrumbList\",\"@id\":\"https:\\\/\\\/sombreroseguros.com.br\\\/es\\\/trabaje-con-nosotros\\\/#breadcrumb\",\"itemListElement\":[{\"@type\":\"ListItem\",\"position\":1,\"name\":\"In\u00edcio\",\"item\":\"https:\\\/\\\/sombreroseguros.com.br\\\/es\\\/\"},{\"@type\":\"ListItem\",\"position\":2,\"name\":\"Trabaje con nosotros\"}]},{\"@type\":\"WebSite\",\"@id\":\"https:\\\/\\\/sombreroseguros.com.br\\\/#website\",\"url\":\"https:\\\/\\\/sombreroseguros.com.br\\\/\",\"name\":\"Sombrero Seguradora\",\"description\":\"Protege o futuro de quem produz.\",\"publisher\":{\"@id\":\"https:\\\/\\\/sombreroseguros.com.br\\\/#organization\"},\"potentialAction\":[{\"@type\":\"SearchAction\",\"target\":{\"@type\":\"EntryPoint\",\"urlTemplate\":\"https:\\\/\\\/sombreroseguros.com.br\\\/?s={search_term_string}\"},\"query-input\":{\"@type\":\"PropertyValueSpecification\",\"valueRequired\":true,\"valueName\":\"search_term_string\"}}],\"inLanguage\":\"es\"},{\"@type\":\"Organization\",\"@id\":\"https:\\\/\\\/sombreroseguros.com.br\\\/#organization\",\"name\":\"Sombrero Seguradora\",\"url\":\"https:\\\/\\\/sombreroseguros.com.br\\\/\",\"logo\":{\"@type\":\"ImageObject\",\"inLanguage\":\"es\",\"@id\":\"https:\\\/\\\/sombreroseguros.com.br\\\/#\\\/schema\\\/logo\\\/image\\\/\",\"url\":\"https:\\\/\\\/sombreroseguros.com.br\\\/wp-content\\\/uploads\\\/2021\\\/04\\\/sombrero_logo.png\",\"contentUrl\":\"https:\\\/\\\/sombreroseguros.com.br\\\/wp-content\\\/uploads\\\/2021\\\/04\\\/sombrero_logo.png\",\"width\":370,\"height\":100,\"caption\":\"Sombrero Seguradora\"},\"image\":{\"@id\":\"https:\\\/\\\/sombreroseguros.com.br\\\/#\\\/schema\\\/logo\\\/image\\\/\"},\"sameAs\":[\"https:\\\/\\\/www.facebook.com\\\/sombreroseguros\",\"https:\\\/\\\/www.instagram.com\\\/sombreroseguros\",\"https:\\\/\\\/www.linkedin.com\\\/company\\\/sombreroseguradora\\\/\"]}]}<\/script>\n<!-- \/ Yoast SEO plugin. -->","yoast_head_json":{"title":"Trabaje con nosotros - Sombrero Seguradora","description":"Trabaja con nosotros, env\u00eda tu CV y \u200b\u200b\u00fanete al equipo de expertos enfocados en Innovaci\u00f3n, Experiencia y Agilidad.","robots":{"index":"index","follow":"follow","max-snippet":"max-snippet:-1","max-image-preview":"max-image-preview:large","max-video-preview":"max-video-preview:-1"},"canonical":"https:\/\/sombreroseguros.com.br\/es\/trabaje-con-nosotros\/","og_locale":"es_ES","og_type":"article","og_title":"Trabaje con nosotros - Sombrero Seguradora","og_description":"Trabaja con nosotros, env\u00eda tu CV y \u200b\u200b\u00fanete al equipo de expertos enfocados en Innovaci\u00f3n, Experiencia y Agilidad.","og_url":"https:\/\/sombreroseguros.com.br\/es\/trabaje-con-nosotros\/","og_site_name":"Sombrero Seguradora","article_publisher":"https:\/\/www.facebook.com\/sombreroseguros","article_modified_time":"2024-05-27T21:03:34+00:00","twitter_card":"summary_large_image","twitter_misc":{"Tiempo de lectura":"2 minutos"},"schema":{"@context":"https:\/\/schema.org","@graph":[{"@type":"WebPage","@id":"https:\/\/sombreroseguros.com.br\/es\/trabaje-con-nosotros\/","url":"https:\/\/sombreroseguros.com.br\/es\/trabaje-con-nosotros\/","name":"Trabaje con nosotros - Sombrero Seguradora","isPartOf":{"@id":"https:\/\/sombreroseguros.com.br\/#website"},"datePublished":"2021-03-25T13:04:36+00:00","dateModified":"2024-05-27T21:03:34+00:00","description":"Trabaja con nosotros, env\u00eda tu CV y \u200b\u200b\u00fanete al equipo de expertos enfocados en Innovaci\u00f3n, Experiencia y Agilidad.","breadcrumb":{"@id":"https:\/\/sombreroseguros.com.br\/es\/trabaje-con-nosotros\/#breadcrumb"},"inLanguage":"es","potentialAction":[{"@type":"ReadAction","target":["https:\/\/sombreroseguros.com.br\/es\/trabaje-con-nosotros\/"]}]},{"@type":"BreadcrumbList","@id":"https:\/\/sombreroseguros.com.br\/es\/trabaje-con-nosotros\/#breadcrumb","itemListElement":[{"@type":"ListItem","position":1,"name":"In\u00edcio","item":"https:\/\/sombreroseguros.com.br\/es\/"},{"@type":"ListItem","position":2,"name":"Trabaje con nosotros"}]},{"@type":"WebSite","@id":"https:\/\/sombreroseguros.com.br\/#website","url":"https:\/\/sombreroseguros.com.br\/","name":"Sombrero Seguradora","description":"Protege o futuro de quem produz.","publisher":{"@id":"https:\/\/sombreroseguros.com.br\/#organization"},"potentialAction":[{"@type":"SearchAction","target":{"@type":"EntryPoint","urlTemplate":"https:\/\/sombreroseguros.com.br\/?s={search_term_string}"},"query-input":{"@type":"PropertyValueSpecification","valueRequired":true,"valueName":"search_term_string"}}],"inLanguage":"es"},{"@type":"Organization","@id":"https:\/\/sombreroseguros.com.br\/#organization","name":"Sombrero Seguradora","url":"https:\/\/sombreroseguros.com.br\/","logo":{"@type":"ImageObject","inLanguage":"es","@id":"https:\/\/sombreroseguros.com.br\/#\/schema\/logo\/image\/","url":"https:\/\/sombreroseguros.com.br\/wp-content\/uploads\/2021\/04\/sombrero_logo.png","contentUrl":"https:\/\/sombreroseguros.com.br\/wp-content\/uploads\/2021\/04\/sombrero_logo.png","width":370,"height":100,"caption":"Sombrero Seguradora"},"image":{"@id":"https:\/\/sombreroseguros.com.br\/#\/schema\/logo\/image\/"},"sameAs":["https:\/\/www.facebook.com\/sombreroseguros","https:\/\/www.instagram.com\/sombreroseguros","https:\/\/www.linkedin.com\/company\/sombreroseguradora\/"]}]}},"_links":{"self":[{"href":"https:\/\/sombreroseguros.com.br\/es\/wp-json\/wp\/v2\/pages\/6695","targetHints":{"allow":["GET"]}}],"collection":[{"href":"https:\/\/sombreroseguros.com.br\/es\/wp-json\/wp\/v2\/pages"}],"about":[{"href":"https:\/\/sombreroseguros.com.br\/es\/wp-json\/wp\/v2\/types\/page"}],"author":[{"embeddable":true,"href":"https:\/\/sombreroseguros.com.br\/es\/wp-json\/wp\/v2\/users\/1"}],"replies":[{"embeddable":true,"href":"https:\/\/sombreroseguros.com.br\/es\/wp-json\/wp\/v2\/comments?post=6695"}],"version-history":[{"count":3,"href":"https:\/\/sombreroseguros.com.br\/es\/wp-json\/wp\/v2\/pages\/6695\/revisions"}],"predecessor-version":[{"id":6696,"href":"https:\/\/sombreroseguros.com.br\/es\/wp-json\/wp\/v2\/pages\/6695\/revisions\/6696"}],"wp:attachment":[{"href":"https:\/\/sombreroseguros.com.br\/es\/wp-json\/wp\/v2\/media?parent=6695"}],"curies":[{"name":"wp","href":"https:\/\/api.w.org\/{rel}","templated":true}]}}