{"id":6751,"date":"2024-05-03T15:21:58","date_gmt":"2024-05-03T18:21:58","guid":{"rendered":"https:\/\/sombreroseguros.com.br\/portal-de-maquinas-e-benfeitorias\/"},"modified":"2024-06-03T20:22:01","modified_gmt":"2024-06-03T23:22:01","slug":"portal-maquinaria-y-mejoras","status":"publish","type":"page","link":"https:\/\/sombreroseguros.com.br\/es\/portal-maquinaria-y-mejoras\/","title":{"rendered":"Portal de Maquinaria y mejoras"},"content":{"rendered":"<p>[vc_row full_width=&#8221;stretch_row&#8221; css=&#8221;.vc_custom_1624449743096{margin-top: -65px !important;padding-top: 60px !important;padding-bottom: 60px !important;background-color: #e5f6f6 !important;}&#8221;][vc_column width=&#8221;1\/2&#8243;][vc_single_image image=&#8221;4977&#8243; img_size=&#8221;full&#8221;][\/vc_column][vc_column width=&#8221;1\/2&#8243;][vc_custom_heading text=&#8221;Portal de Maquinaria y mejoras&#8221; font_container=&#8221;tag:h2|text_align:left|color:%2314a19d&#8221; use_theme_fonts=&#8221;yes&#8221;][vc_column_text]<strong>Accede al Portal de Maquinaria y Mejoras <a href=\"https:\/\/maquinas.sombreroseguros.com.br\/login\">haciendo clic aqu\u00ed<\/a>.<\/strong>[\/vc_column_text][vc_custom_heading text=&#8221;Si no eres socio de Sombrero:&#8221; font_container=&#8221;tag:h3|text_align:left|color:%23777777&#8243; use_theme_fonts=&#8221;yes&#8221;][vc_column_text]<a href=\"https:\/\/sombreroseguros.com.br\/es\/sea-un-corredor-parceiro\/\"><strong>Haga clic aqu\u00ed<\/strong><\/a> y reg\u00edstrese.[\/vc_column_text][vc_custom_heading text=&#8221;Para primer acceso o si tiene alguna pregunta, env\u00ede un correo electr\u00f3nico a:&#8221; font_container=&#8221;tag:h3|text_align:left|color:%23777777&#8243; use_theme_fonts=&#8221;yes&#8221;][vc_column_text]<strong><a href=\"mailto:comercial@sombreroseguros.com.br\" target=\"_blank\" rel=\"noopener\">comercial@sombreroseguros.com.br<\/a><\/strong>[\/vc_column_text][\/vc_column][\/vc_row][vc_row full_width=&#8221;stretch_row&#8221; css=&#8221;.vc_custom_1624449743096{margin-top: -65px !important;padding-top: 60px !important;padding-bottom: 60px !important;background-color: #e5f6f6 !important;}&#8221;][vc_column width=&#8221;1\/2&#8243;][\/vc_column][vc_column width=&#8221;1\/2&#8243;][\/vc_column][\/vc_row][vc_row disable_element=&#8221;yes&#8221;][vc_column width=&#8221;1\/2&#8243;][vc_custom_heading text=&#8221;Seguro M\u00e1quinas e Benfeitorias Rurais&#8221; font_container=&#8221;tag:h2|text_align:left|color:%23000000&#8243; use_theme_fonts=&#8221;yes&#8221; css=&#8221;.vc_custom_1695251611422{border-bottom-width: 20px !important;}&#8221;][vc_column_text]Este seguro tem por objetivo cobrir perdas e\/ou danos causados aos bens diretamente relacionados \u00e0s atividades agr\u00edcola, pecu\u00e1ria, aqu\u00edcola ou florestal <strong>que n\u00e3o tenham sido oferecidos em garantia de opera\u00e7\u00f5es de cr\u00e9dito rural<\/strong>.[\/vc_column_text][vc_custom_heading text=&#8221;Seguro de Penhor Rural&#8221; font_container=&#8221;tag:h2|text_align:left|color:%23000000&#8243; use_theme_fonts=&#8221;yes&#8221; css=&#8221;.vc_custom_1695251658141{border-bottom-width: 20px !important;}&#8221;][vc_column_text]O Seguro de Penhor Rural tem por objetivo cobrir perdas e\/ou danos causados aos bens diretamente relacionados \u00e0s atividades agr\u00edcola, pecu\u00e1ria, aqu\u00edcola ou florestal <strong>que tenham sido oferecidos em garantia de opera\u00e7\u00f5es de cr\u00e9dito rural<\/strong>.[\/vc_column_text][\/vc_column][vc_column width=&#8221;1\/2&#8243;][vc_single_image image=&#8221;4979&#8243; img_size=&#8221;full&#8221;][\/vc_column][\/vc_row][vc_row full_width=&#8221;stretch_row&#8221; disable_element=&#8221;yes&#8221; css=&#8221;.vc_custom_1714760252022{margin-top: 0px !important;border-top-width: 0px !important;padding-top: 50px !important;padding-bottom: 0px !important;}&#8221; el_class=&#8221;overflow-hidden&#8221;][vc_column][vc_custom_heading text=&#8221;Sobre o Seguro&#8221; font_container=&#8221;tag:h4|font_size:44|text_align:center|color:%23333333&#8243; use_theme_fonts=&#8221;yes&#8221;][vc_row_inner css=&#8221;.vc_custom_1615772441661{padding-top: 50px !important;}&#8221; el_class=&#8221;seguros-icones&#8221;][vc_column_inner width=&#8221;1\/2&#8243; offset=&#8221;vc_col-lg-6 vc_col-md-6&#8243;]\n        \n        <div class=\"iq-afford-services text-  \">\n        \t <div class=\"iq-afford-img\">\n\t\t\t\t<img decoding=\"async\" src=\"https:\/\/sombreroseguros.com.br\/wp-content\/uploads\/2021\/03\/SEGURO-AGRICOLA_icon_1-1.png\" alt=\"fancy\"\/>\n\t\t    <\/div>\n\t\t    <div class=\"afford-info \">\n                <h4 class=\"mb-2\">Segurado:<\/h4>              \n\t\t\t    <p >Pequenos, m\u00e9dios e grandes produtores rurais.<\/p>\n            <\/div>\n           \n            \n\t    <\/div> \n        \n        <div class=\"iq-afford-services text-  \">\n        \t <div class=\"iq-afford-img\">\n\t\t\t\t<img decoding=\"async\" src=\"https:\/\/sombreroseguros.com.br\/wp-content\/uploads\/2021\/03\/SEGURO-AGRICOLA_icon_3-1.png\" alt=\"fancy\"\/>\n\t\t    <\/div>\n\t\t    <div class=\"afford-info \">\n                <h4 class=\"mb-2\">Cobertura:<\/h4>              \n\t\t\t    <p >Dividida em M\u00e1quinas e Equipamentos, Placas Solares e Benfeitorias.<\/p>\n            <\/div>\n           \n            \n\t    <\/div> \n        \n        <div class=\"iq-afford-services text-  \">\n        \t <div class=\"iq-afford-img\">\n\t\t\t\t<img decoding=\"async\" src=\"https:\/\/sombreroseguros.com.br\/wp-content\/uploads\/2021\/03\/SEGURO-AGRICOLA_icon_2-1.png\" alt=\"fancy\"\/>\n\t\t    <\/div>\n\t\t    <div class=\"afford-info \">\n                <h4 class=\"mb-2\">Riscos Cobertos:<\/h4>              \n\t\t\t    <p >M\u00e1quinas e equipamentos - cobertura b\u00e1sica.<br \/>\nPlacas solares - cobertura b\u00e1sica.<br \/>\nBenfeitorias - cobertura b\u00e1sica.<br \/>\n* Para mais informa\u00e7\u00f5es sobre coberturas adicionais, entre em contato.<\/p>\n            <\/div>\n           \n            \n\t    <\/div> [\/vc_column_inner][vc_column_inner width=&#8221;1\/2&#8243;]\n        \n        <div class=\"iq-afford-services text-  \">\n        \t <div class=\"iq-afford-img\">\n\t\t\t\t<img decoding=\"async\" src=\"https:\/\/sombreroseguros.com.br\/wp-content\/uploads\/2021\/03\/SEGURO-AGRICOLA_icon_1-1.png\" alt=\"fancy\"\/>\n\t\t    <\/div>\n\t\t    <div class=\"afford-info \">\n                <h4 class=\"mb-2\">Benefici\u00e1rio:<\/h4>              \n\t\t\t    <p >Pessoas f\u00edsicas ou jur\u00eddicas (Bancos, por exemplo).<\/p>\n            <\/div>\n           \n            \n\t    <\/div> \n        \n        <div class=\"iq-afford-services text-  \">\n        \t <div class=\"iq-afford-img\">\n\t\t\t\t<img decoding=\"async\" src=\"https:\/\/sombreroseguros.com.br\/wp-content\/uploads\/2021\/03\/SEGURO-AGRICOLA_icon_4.png\" alt=\"fancy\"\/>\n\t\t    <\/div>\n\t\t    <div class=\"afford-info \">\n                <h4 class=\"mb-2\">Sinistro:<\/h4>              \n\t\t\t    <p >Se caracteriza com a concretiza\u00e7\u00e3o de um dos riscos cobertos pelo produto, acarretando danos causados aos bens descritos na ap\u00f3lice, quando estes estejam diretamente relacionados \u00e0s atividades agr\u00edcola, pecu\u00e1ria, aqu\u00edcola e florestal, e sejam de propriedade do segurado ou estejam comprovadamente sob a sua responsabilidade.<\/p>\n            <\/div>\n           \n            \n\t    <\/div> \n        \n        <div class=\"iq-afford-services text-  \">\n        \t <div class=\"iq-afford-img\">\n\t\t\t\t<img decoding=\"async\" src=\"https:\/\/sombreroseguros.com.br\/wp-content\/uploads\/2021\/03\/SEGURO-AGRICOLA_icon_4.png\" alt=\"fancy\"\/>\n\t\t    <\/div>\n\t\t    <div class=\"afford-info \">\n                <h4 class=\"mb-2\">Indeniza\u00e7\u00e3o:<\/h4>              \n\t\t\t    <p >O pagamento da indeniza\u00e7\u00e3o decorre da caracteriza\u00e7\u00e3o de evento de sinistro coberto por este seguro e corresponder\u00e1 ao valor dos preju\u00edzos indeniz\u00e1veis causados aos bens cobertos descritos na ap\u00f3lice, limitado ao Limite M\u00e1ximo de Indeniza\u00e7\u00e3o contratado para cada cobertura.<\/p>\n            <\/div>\n           \n            \n\t    <\/div> [\/vc_column_inner][\/vc_row_inner][\/vc_column][\/vc_row][vc_row disable_element=&#8221;yes&#8221; css=&#8221;.vc_custom_1714760273814{margin-top: 0px !important;margin-bottom: 20px !important;border-top-width: 0px !important;border-bottom-width: 0px !important;padding-top: 0px !important;padding-bottom: 0px !important;}&#8221;][vc_column][vc_column_text]Circular SUSEP 621\/2021 \u2013 Art. 5o Da proposta de seguro e das condi\u00e7\u00f5es contratuais do plano dever\u00e3o constar, observadas as demais exig\u00eancias previstas na regulamenta\u00e7\u00e3o vigente, as seguintes informa\u00e7\u00f5es:<\/p>\n<p>I \u2013 a aceita\u00e7\u00e3o da proposta de seguro est\u00e1 sujeita \u00e0 an\u00e1lise do risco;<br \/>\nII \u2013 o registro do produto \u00e9 autom\u00e1tico e n\u00e3o representa aprova\u00e7\u00e3o ou recomenda\u00e7\u00e3o por parte da Susep; e<br \/>\nIII \u2013 o segurado poder\u00e1 consultar a situa\u00e7\u00e3o cadastral do corretor de seguros e da sociedade seguradora no s\u00edtio eletr\u00f4nico www.susep.gov.br.<\/p>\n<p>Par\u00e1grafo 2\u00ba A informa\u00e7\u00e3o contida no inciso II acima dever\u00e1 ser inserida, necessariamente, em todo e qualquer material de comercializa\u00e7\u00e3o e publicidade utilizado.[\/vc_column_text][\/vc_column][\/vc_row][vc_row css=&#8221;.vc_custom_1615772245954{padding-top: 40px !important;}&#8221; el_class=&#8221;blog-seguros2&#8243;][vc_column]\n\t\t\t<div class=\"title-box text-center\"><h2 class=\"title font-weight-bold\">BLOG SOMBRERO SEGUROS<\/h2><p class=\"sub-title\">As principais not\u00edcias do mundo dos neg\u00f3cios comentadas por especialistas.<\/p>\n\t\t\t<\/div>\n        <div class=\"vizion-recentblog v1\"><div class=\"owl-carousel\" data-dots=\"false\" data-nav=\"false\" data-items=\"3\" data-items-laptop=\"3\" data-items-tab=\"2\" data-items-mobile=\"1\" data-items-mobile-sm=\"1\" data-autoplay=\"true\" data-loop=\"true\" data-margin=\"30\">\n        <\/div>\n        <\/div>[\/vc_column][\/vc_row]<\/p>\n","protected":false},"excerpt":{"rendered":"<p>[vc_row full_width=&#8221;stretch_row&#8221; css=&#8221;.vc_custom_1624449743096{margin-top: -65px !important;padding-top: 60px !important;padding-bottom: 60px !important;background-color: #e5f6f6 !important;}&#8221;][vc_column width=&#8221;1\/2&#8243;][vc_single_image image=&#8221;4977&#8243; img_size=&#8221;full&#8221;][\/vc_column][vc_column width=&#8221;1\/2&#8243;][vc_custom_heading text=&#8221;Portal de Maquinaria y mejoras&#8221; font_container=&#8221;tag:h2|text_align:left|color:%2314a19d&#8221; use_theme_fonts=&#8221;yes&#8221;][vc_column_text]Accede al Portal de Maquinaria y Mejoras haciendo clic aqu\u00ed.[\/vc_column_text][vc_custom_heading text=&#8221;Si no eres socio de Sombrero:&#8221; font_container=&#8221;tag:h3|text_align:left|color:%23777777&#8243; use_theme_fonts=&#8221;yes&#8221;][vc_column_text]Haga clic aqu\u00ed y reg\u00edstrese.[\/vc_column_text][vc_custom_heading text=&#8221;Para primer acceso o si tiene alguna pregunta, env\u00ede un correo electr\u00f3nico [&hellip;]<\/p>\n","protected":false},"author":3,"featured_media":0,"parent":0,"menu_order":1,"comment_status":"closed","ping_status":"closed","template":"","meta":{"footnotes":""},"class_list":["post-6751","page","type-page","status-publish","hentry"],"yoast_head":"<!-- This site is optimized with the Yoast SEO plugin v27.4 - https:\/\/yoast.com\/product\/yoast-seo-wordpress\/ -->\n<title>Portal de Maquinaria y mejoras - Sombrero Seguradora<\/title>\n<meta name=\"description\" content=\"Os seguros M\u00e1quinas e Benfeitorias Rurais ou Penhor Rural abrangem atividades agr\u00edcolas e pecu\u00e1rias e o patrim\u00f4nio dos produtores rurais, trazendo seguran\u00e7a a quem empreende nessas atividades, mitigando os riscos do capital investido.\" \/>\n<meta name=\"robots\" content=\"index, follow, max-snippet:-1, max-image-preview:large, max-video-preview:-1\" \/>\n<link rel=\"canonical\" href=\"https:\/\/sombreroseguros.com.br\/es\/portal-maquinaria-y-mejoras\/\" \/>\n<meta property=\"og:locale\" content=\"es_ES\" \/>\n<meta property=\"og:type\" content=\"article\" \/>\n<meta property=\"og:title\" content=\"Portal de Maquinaria y mejoras - Sombrero Seguradora\" \/>\n<meta property=\"og:description\" content=\"Os seguros M\u00e1quinas e Benfeitorias Rurais ou Penhor Rural abrangem atividades agr\u00edcolas e pecu\u00e1rias e o patrim\u00f4nio dos produtores rurais, trazendo seguran\u00e7a a quem empreende nessas atividades, mitigando os riscos do capital investido.\" \/>\n<meta property=\"og:url\" content=\"https:\/\/sombreroseguros.com.br\/es\/portal-maquinaria-y-mejoras\/\" \/>\n<meta property=\"og:site_name\" content=\"Sombrero Seguradora\" \/>\n<meta property=\"article:publisher\" content=\"https:\/\/www.facebook.com\/sombreroseguros\" \/>\n<meta property=\"article:modified_time\" content=\"2024-06-03T23:22:01+00:00\" \/>\n<meta name=\"twitter:card\" content=\"summary_large_image\" \/>\n<meta name=\"twitter:label1\" content=\"Tiempo de lectura\" \/>\n\t<meta name=\"twitter:data1\" content=\"3 minutos\" \/>\n<script type=\"application\/ld+json\" class=\"yoast-schema-graph\">{\"@context\":\"https:\\\/\\\/schema.org\",\"@graph\":[{\"@type\":\"WebPage\",\"@id\":\"https:\\\/\\\/sombreroseguros.com.br\\\/es\\\/portal-maquinaria-y-mejoras\\\/\",\"url\":\"https:\\\/\\\/sombreroseguros.com.br\\\/es\\\/portal-maquinaria-y-mejoras\\\/\",\"name\":\"Portal de Maquinaria y mejoras - Sombrero Seguradora\",\"isPartOf\":{\"@id\":\"https:\\\/\\\/sombreroseguros.com.br\\\/#website\"},\"datePublished\":\"2024-05-03T18:21:58+00:00\",\"dateModified\":\"2024-06-03T23:22:01+00:00\",\"description\":\"Os seguros M\u00e1quinas e Benfeitorias Rurais ou Penhor Rural abrangem atividades agr\u00edcolas e pecu\u00e1rias e o patrim\u00f4nio dos produtores rurais, trazendo seguran\u00e7a a quem empreende nessas atividades, mitigando os riscos do capital investido.\",\"breadcrumb\":{\"@id\":\"https:\\\/\\\/sombreroseguros.com.br\\\/es\\\/portal-maquinaria-y-mejoras\\\/#breadcrumb\"},\"inLanguage\":\"es\",\"potentialAction\":[{\"@type\":\"ReadAction\",\"target\":[\"https:\\\/\\\/sombreroseguros.com.br\\\/es\\\/portal-maquinaria-y-mejoras\\\/\"]}]},{\"@type\":\"BreadcrumbList\",\"@id\":\"https:\\\/\\\/sombreroseguros.com.br\\\/es\\\/portal-maquinaria-y-mejoras\\\/#breadcrumb\",\"itemListElement\":[{\"@type\":\"ListItem\",\"position\":1,\"name\":\"In\u00edcio\",\"item\":\"https:\\\/\\\/sombreroseguros.com.br\\\/es\\\/\"},{\"@type\":\"ListItem\",\"position\":2,\"name\":\"Portal de Maquinaria y mejoras\"}]},{\"@type\":\"WebSite\",\"@id\":\"https:\\\/\\\/sombreroseguros.com.br\\\/#website\",\"url\":\"https:\\\/\\\/sombreroseguros.com.br\\\/\",\"name\":\"Sombrero Seguradora\",\"description\":\"Protege o futuro de quem produz.\",\"publisher\":{\"@id\":\"https:\\\/\\\/sombreroseguros.com.br\\\/#organization\"},\"potentialAction\":[{\"@type\":\"SearchAction\",\"target\":{\"@type\":\"EntryPoint\",\"urlTemplate\":\"https:\\\/\\\/sombreroseguros.com.br\\\/?s={search_term_string}\"},\"query-input\":{\"@type\":\"PropertyValueSpecification\",\"valueRequired\":true,\"valueName\":\"search_term_string\"}}],\"inLanguage\":\"es\"},{\"@type\":\"Organization\",\"@id\":\"https:\\\/\\\/sombreroseguros.com.br\\\/#organization\",\"name\":\"Sombrero Seguradora\",\"url\":\"https:\\\/\\\/sombreroseguros.com.br\\\/\",\"logo\":{\"@type\":\"ImageObject\",\"inLanguage\":\"es\",\"@id\":\"https:\\\/\\\/sombreroseguros.com.br\\\/#\\\/schema\\\/logo\\\/image\\\/\",\"url\":\"https:\\\/\\\/sombreroseguros.com.br\\\/wp-content\\\/uploads\\\/2021\\\/04\\\/sombrero_logo.png\",\"contentUrl\":\"https:\\\/\\\/sombreroseguros.com.br\\\/wp-content\\\/uploads\\\/2021\\\/04\\\/sombrero_logo.png\",\"width\":370,\"height\":100,\"caption\":\"Sombrero Seguradora\"},\"image\":{\"@id\":\"https:\\\/\\\/sombreroseguros.com.br\\\/#\\\/schema\\\/logo\\\/image\\\/\"},\"sameAs\":[\"https:\\\/\\\/www.facebook.com\\\/sombreroseguros\",\"https:\\\/\\\/www.instagram.com\\\/sombreroseguros\",\"https:\\\/\\\/www.linkedin.com\\\/company\\\/sombreroseguradora\\\/\"]}]}<\/script>\n<!-- \/ Yoast SEO plugin. -->","yoast_head_json":{"title":"Portal de Maquinaria y mejoras - Sombrero Seguradora","description":"Os seguros M\u00e1quinas e Benfeitorias Rurais ou Penhor Rural abrangem atividades agr\u00edcolas e pecu\u00e1rias e o patrim\u00f4nio dos produtores rurais, trazendo seguran\u00e7a a quem empreende nessas atividades, mitigando os riscos do capital investido.","robots":{"index":"index","follow":"follow","max-snippet":"max-snippet:-1","max-image-preview":"max-image-preview:large","max-video-preview":"max-video-preview:-1"},"canonical":"https:\/\/sombreroseguros.com.br\/es\/portal-maquinaria-y-mejoras\/","og_locale":"es_ES","og_type":"article","og_title":"Portal de Maquinaria y mejoras - Sombrero Seguradora","og_description":"Os seguros M\u00e1quinas e Benfeitorias Rurais ou Penhor Rural abrangem atividades agr\u00edcolas e pecu\u00e1rias e o patrim\u00f4nio dos produtores rurais, trazendo seguran\u00e7a a quem empreende nessas atividades, mitigando os riscos do capital investido.","og_url":"https:\/\/sombreroseguros.com.br\/es\/portal-maquinaria-y-mejoras\/","og_site_name":"Sombrero Seguradora","article_publisher":"https:\/\/www.facebook.com\/sombreroseguros","article_modified_time":"2024-06-03T23:22:01+00:00","twitter_card":"summary_large_image","twitter_misc":{"Tiempo de lectura":"3 minutos"},"schema":{"@context":"https:\/\/schema.org","@graph":[{"@type":"WebPage","@id":"https:\/\/sombreroseguros.com.br\/es\/portal-maquinaria-y-mejoras\/","url":"https:\/\/sombreroseguros.com.br\/es\/portal-maquinaria-y-mejoras\/","name":"Portal de Maquinaria y mejoras - Sombrero Seguradora","isPartOf":{"@id":"https:\/\/sombreroseguros.com.br\/#website"},"datePublished":"2024-05-03T18:21:58+00:00","dateModified":"2024-06-03T23:22:01+00:00","description":"Os seguros M\u00e1quinas e Benfeitorias Rurais ou Penhor Rural abrangem atividades agr\u00edcolas e pecu\u00e1rias e o patrim\u00f4nio dos produtores rurais, trazendo seguran\u00e7a a quem empreende nessas atividades, mitigando os riscos do capital investido.","breadcrumb":{"@id":"https:\/\/sombreroseguros.com.br\/es\/portal-maquinaria-y-mejoras\/#breadcrumb"},"inLanguage":"es","potentialAction":[{"@type":"ReadAction","target":["https:\/\/sombreroseguros.com.br\/es\/portal-maquinaria-y-mejoras\/"]}]},{"@type":"BreadcrumbList","@id":"https:\/\/sombreroseguros.com.br\/es\/portal-maquinaria-y-mejoras\/#breadcrumb","itemListElement":[{"@type":"ListItem","position":1,"name":"In\u00edcio","item":"https:\/\/sombreroseguros.com.br\/es\/"},{"@type":"ListItem","position":2,"name":"Portal de Maquinaria y mejoras"}]},{"@type":"WebSite","@id":"https:\/\/sombreroseguros.com.br\/#website","url":"https:\/\/sombreroseguros.com.br\/","name":"Sombrero Seguradora","description":"Protege o futuro de quem produz.","publisher":{"@id":"https:\/\/sombreroseguros.com.br\/#organization"},"potentialAction":[{"@type":"SearchAction","target":{"@type":"EntryPoint","urlTemplate":"https:\/\/sombreroseguros.com.br\/?s={search_term_string}"},"query-input":{"@type":"PropertyValueSpecification","valueRequired":true,"valueName":"search_term_string"}}],"inLanguage":"es"},{"@type":"Organization","@id":"https:\/\/sombreroseguros.com.br\/#organization","name":"Sombrero Seguradora","url":"https:\/\/sombreroseguros.com.br\/","logo":{"@type":"ImageObject","inLanguage":"es","@id":"https:\/\/sombreroseguros.com.br\/#\/schema\/logo\/image\/","url":"https:\/\/sombreroseguros.com.br\/wp-content\/uploads\/2021\/04\/sombrero_logo.png","contentUrl":"https:\/\/sombreroseguros.com.br\/wp-content\/uploads\/2021\/04\/sombrero_logo.png","width":370,"height":100,"caption":"Sombrero Seguradora"},"image":{"@id":"https:\/\/sombreroseguros.com.br\/#\/schema\/logo\/image\/"},"sameAs":["https:\/\/www.facebook.com\/sombreroseguros","https:\/\/www.instagram.com\/sombreroseguros","https:\/\/www.linkedin.com\/company\/sombreroseguradora\/"]}]}},"_links":{"self":[{"href":"https:\/\/sombreroseguros.com.br\/es\/wp-json\/wp\/v2\/pages\/6751","targetHints":{"allow":["GET"]}}],"collection":[{"href":"https:\/\/sombreroseguros.com.br\/es\/wp-json\/wp\/v2\/pages"}],"about":[{"href":"https:\/\/sombreroseguros.com.br\/es\/wp-json\/wp\/v2\/types\/page"}],"author":[{"embeddable":true,"href":"https:\/\/sombreroseguros.com.br\/es\/wp-json\/wp\/v2\/users\/3"}],"replies":[{"embeddable":true,"href":"https:\/\/sombreroseguros.com.br\/es\/wp-json\/wp\/v2\/comments?post=6751"}],"version-history":[{"count":3,"href":"https:\/\/sombreroseguros.com.br\/es\/wp-json\/wp\/v2\/pages\/6751\/revisions"}],"predecessor-version":[{"id":6783,"href":"https:\/\/sombreroseguros.com.br\/es\/wp-json\/wp\/v2\/pages\/6751\/revisions\/6783"}],"wp:attachment":[{"href":"https:\/\/sombreroseguros.com.br\/es\/wp-json\/wp\/v2\/media?parent=6751"}],"curies":[{"name":"wp","href":"https:\/\/api.w.org\/{rel}","templated":true}]}}