{"id":6758,"date":"2023-08-15T08:44:44","date_gmt":"2023-08-15T11:44:44","guid":{"rendered":"https:\/\/sombreroseguros.com.br\/telemedicina-sombrero-seguros\/"},"modified":"2024-05-30T19:09:21","modified_gmt":"2024-05-30T22:09:21","slug":"telemedicina-sombrero-seguros","status":"publish","type":"page","link":"https:\/\/sombreroseguros.com.br\/es\/telemedicina-sombrero-seguros\/","title":{"rendered":"Telemedicina"},"content":{"rendered":"<p>[vc_row full_width=&#8221;stretch_row&#8221; css=&#8221;.vc_custom_1615771566839{padding-top: 60px !important;padding-bottom: 60px !important;background-color: #e5f6f6 !important;}&#8221;][vc_column width=&#8221;1\/2&#8243;][vc_single_image image=&#8221;4861&#8243; img_size=&#8221;full&#8221;][\/vc_column][vc_column width=&#8221;1\/2&#8243;][vc_custom_heading text=&#8221;\u00bfQuiere concertar una cita sin salir de casa? Ahora puede hacerlo.&#8221; font_container=&#8221;tag:h2|text_align:left|color:%23000000&#8243; use_theme_fonts=&#8221;yes&#8221; css=&#8221;.vc_custom_1717106651423{border-bottom-width: 20px !important;}&#8221;][vc_column_text]La protecci\u00f3n de su empresa s\u00f3lo es completa cuando usted tambi\u00e9n est\u00e1 protegido.<br \/>\nCon la Telemedicina, nuestros asegurados disponen de una alternativa \u00e1gil para recibir atenci\u00f3n m\u00e9dica a trav\u00e9s de videollamada, sin necesidad de desplazarse a una cl\u00ednica u hospital.<br \/>\nEl primer paso es acceder al sitio web y concertar su cita. El d\u00eda de su cita, esta se realizar\u00e1 en l\u00ednea de forma pr\u00e1ctica, ahorr\u00e1ndole tiempo y ayud\u00e1ndole a cuidarse.[\/vc_column_text]<div class=\"text-left\">\n\t\t\t\t<a class=\"button button-icon botaoAcesseAqui\" href=\"https:\/\/telemedicina.sombreroseguros.com.br\/\">  Haga click aqu\u00ed<\/a>\n\t\t\t<\/div>[vc_raw_js]JTNDc2NyaXB0JTNFJTIwJTBBalF1ZXJ5JTI4ZG9jdW1lbnQlMjkucmVhZHklMjhmdW5jdGlvbiUyOCUyOSU3QiUwQSUyMCUyMCUyMGpRdWVyeSUyOCUyMmEuYm90YW9BY2Vzc2VBcXVpJTIyJTI5LmF0dHIlMjglMjJ0YXJnZXQlMjIlMkMlMjAlMjJfYmxhbmslMjIlMjklM0IlMEElN0QlMjklM0IlMEElM0MlMkZzY3JpcHQlM0U=[\/vc_raw_js][\/vc_column][\/vc_row][vc_row css=&#8221;.vc_custom_1615772245954{padding-top: 40px !important;}&#8221; el_class=&#8221;blog-seguros2&#8243;][vc_column][vc_custom_heading text=&#8221;Acerca del beneficio&#8221; font_container=&#8221;tag:h4|font_size:44|text_align:center|color:%23333333&#8243; use_theme_fonts=&#8221;yes&#8221;][vc_row_inner css=&#8221;.vc_custom_1615772441661{padding-top: 50px !important;}&#8221; el_class=&#8221;seguros-icones&#8221;][vc_column_inner width=&#8221;1\/2&#8243; offset=&#8221;vc_col-lg-6 vc_col-md-6&#8243;]\n        \n        <div class=\"iq-afford-services text-  \">\n        \t <div class=\"iq-afford-img\">\n\t\t\t\t<img decoding=\"async\" src=\"https:\/\/sombreroseguros.com.br\/wp-content\/uploads\/2021\/03\/SEGURO-AGRICOLA_icon_1-1.png\" alt=\"fancy\"\/>\n\t\t    <\/div>\n\t\t    <div class=\"afford-info \">\n                <h4 class=\"mb-2\">Qu\u00e9 es: <\/h4>              \n\t\t\t    <p >Videoconsultas con m\u00e9dicos de familia, pediatras y m\u00e9dicos generalistas.<\/p>\n            <\/div>\n           \n            \n\t    <\/div> \n        \n        <div class=\"iq-afford-services text-  \">\n        \t <div class=\"iq-afford-img\">\n\t\t\t\t<img decoding=\"async\" src=\"https:\/\/sombreroseguros.com.br\/wp-content\/uploads\/2021\/03\/SEGURO-AGRICOLA_icon_2-1.png\" alt=\"fancy\"\/>\n\t\t    <\/div>\n\t\t    <div class=\"afford-info \">\n                <h4 class=\"mb-2\">Qui\u00e9n tiene derecho:<\/h4>              \n\t\t\t    <p >Asegurado de un producto Agro y una persona a su cargo durante la vigencia de la p\u00f3liza.<\/p>\n            <\/div>\n           \n            \n\t    <\/div> [\/vc_column_inner][vc_column_inner width=&#8221;1\/2&#8243;]\n        \n        <div class=\"iq-afford-services text-  \">\n        \t <div class=\"iq-afford-img\">\n\t\t\t\t<img decoding=\"async\" src=\"https:\/\/sombreroseguros.com.br\/wp-content\/uploads\/2021\/03\/SEGURO-AGRICOLA_icon_3-1.png\" alt=\"fancy\"\/>\n\t\t    <\/div>\n\t\t    <div class=\"afford-info \">\n                <h4 class=\"mb-2\">Horarios disponibles:<\/h4>              \n\t\t\t    <p >M\u00e9dicos disponibles 24 horas al d\u00eda, siete d\u00edas a la semana.<\/p>\n            <\/div>\n           \n            \n\t    <\/div> \n        \n        <div class=\"iq-afford-services text-  \">\n        \t <div class=\"iq-afford-img\">\n\t\t\t\t<img decoding=\"async\" src=\"https:\/\/sombreroseguros.com.br\/wp-content\/uploads\/2021\/03\/SEGURO-AGRICOLA_icon_4.png\" alt=\"fancy\"\/>\n\t\t    <\/div>\n\t\t    <div class=\"afford-info \">\n                <h4 class=\"mb-2\">Dispositivos de acceso:<\/h4>              \n\t\t\t    <p >Tel\u00e9fono m\u00f3vil, tableta u ordenador.<\/p>\n            <\/div>\n           \n            \n\t    <\/div> [\/vc_column_inner][\/vc_row_inner][\/vc_column][\/vc_row][vc_row css=&#8221;.vc_custom_1615772188980{margin-top: 0px !important;margin-bottom: 20px !important;border-top-width: 0px !important;border-bottom-width: 0px !important;padding-top: 0px !important;padding-bottom: 0px !important;}&#8221;][vc_column][vc_column_text]Circular SUSEP 621\/2021 &#8211; Art. 5 La propuesta de seguro y las condiciones contractuales del plan deben incluir la siguiente informaci\u00f3n, sin perjuicio de los dem\u00e1s requisitos establecidos en la normativa vigente:<\/p>\n<p>I &#8211; la aceptaci\u00f3n de la propuesta de seguro est\u00e1 sujeta al an\u00e1lisis de riesgos;<br \/>\nII &#8211; el registro del producto es autom\u00e1tico y no representa aprobaci\u00f3n o recomendaci\u00f3n alguna por parte de Susep; y<br \/>\nIII &#8211; el asegurado puede comprobar el estado de registro del corredor de seguros y de la compa\u00f1\u00eda de seguros en el sitio web www.susep.gov.br.<\/p>\n<p>P\u00e1rrafo 2 La informaci\u00f3n contenida en el punto II anterior debe incluirse necesariamente en todo el material de marketing y publicidad utilizado.[\/vc_column_text]\n\t\t\t<div class=\"title-box text-center\"><h2 class=\"title font-weight-bold\">BLOG SOMBRERO SEGUROS<\/h2><p class=\"sub-title\">Las principales noticias del sector agronegocio, comentadas por expertos.<\/p>\n\t\t\t<\/div>\n        <div class=\"vizion-recentblog v1\"><div class=\"owl-carousel\" data-dots=\"false\" data-nav=\"false\" data-items=\"3\" data-items-laptop=\"3\" data-items-tab=\"2\" data-items-mobile=\"1\" data-items-mobile-sm=\"1\" data-autoplay=\"true\" data-loop=\"true\" data-margin=\"30\">\n        <\/div>\n        <\/div>[\/vc_column][\/vc_row]<\/p>\n","protected":false},"excerpt":{"rendered":"<p>[vc_row full_width=&#8221;stretch_row&#8221; css=&#8221;.vc_custom_1615771566839{padding-top: 60px !important;padding-bottom: 60px !important;background-color: #e5f6f6 !important;}&#8221;][vc_column width=&#8221;1\/2&#8243;][vc_single_image image=&#8221;4861&#8243; img_size=&#8221;full&#8221;][\/vc_column][vc_column width=&#8221;1\/2&#8243;][vc_custom_heading text=&#8221;\u00bfQuiere concertar una cita sin salir de casa? Ahora puede hacerlo.&#8221; font_container=&#8221;tag:h2|text_align:left|color:%23000000&#8243; use_theme_fonts=&#8221;yes&#8221; css=&#8221;.vc_custom_1717106651423{border-bottom-width: 20px !important;}&#8221;][vc_column_text]La protecci\u00f3n de su empresa s\u00f3lo es completa cuando usted tambi\u00e9n est\u00e1 protegido. Con la Telemedicina, nuestros asegurados disponen de una alternativa \u00e1gil para recibir atenci\u00f3n m\u00e9dica [&hellip;]<\/p>\n","protected":false},"author":1,"featured_media":0,"parent":0,"menu_order":3,"comment_status":"closed","ping_status":"closed","template":"","meta":{"footnotes":""},"class_list":["post-6758","page","type-page","status-publish","hentry"],"yoast_head":"<!-- This site is optimized with the Yoast SEO plugin v27.3 - https:\/\/yoast.com\/product\/yoast-seo-wordpress\/ -->\n<title>Telemedicina Sombrero Seguros<\/title>\n<meta name=\"description\" content=\"Con la Telemedicina, nuestros asegurados disponen de una alternativa \u00e1gil para recibir atenci\u00f3n m\u00e9dica a trav\u00e9s de videollamada, sin necesidad de desplazarse a una cl\u00ednica u hospital.\" \/>\n<meta name=\"robots\" content=\"index, follow, max-snippet:-1, max-image-preview:large, max-video-preview:-1\" \/>\n<link rel=\"canonical\" href=\"https:\/\/sombreroseguros.com.br\/es\/telemedicina-sombrero-seguros\/\" \/>\n<meta property=\"og:locale\" content=\"es_ES\" \/>\n<meta property=\"og:type\" content=\"article\" \/>\n<meta property=\"og:title\" content=\"Telemedicina Sombrero Seguros\" \/>\n<meta property=\"og:description\" content=\"Con la Telemedicina, nuestros asegurados disponen de una alternativa \u00e1gil para recibir atenci\u00f3n m\u00e9dica a trav\u00e9s de videollamada, sin necesidad de desplazarse a una cl\u00ednica u hospital.\" \/>\n<meta property=\"og:url\" content=\"https:\/\/sombreroseguros.com.br\/es\/telemedicina-sombrero-seguros\/\" \/>\n<meta property=\"og:site_name\" content=\"Sombrero Seguradora\" \/>\n<meta property=\"article:publisher\" content=\"https:\/\/www.facebook.com\/sombreroseguros\" \/>\n<meta property=\"article:modified_time\" content=\"2024-05-30T22:09:21+00:00\" \/>\n<meta name=\"twitter:card\" content=\"summary_large_image\" \/>\n<meta name=\"twitter:label1\" content=\"Tiempo de lectura\" \/>\n\t<meta name=\"twitter:data1\" content=\"2 minutos\" \/>\n<script type=\"application\/ld+json\" class=\"yoast-schema-graph\">{\"@context\":\"https:\\\/\\\/schema.org\",\"@graph\":[{\"@type\":\"WebPage\",\"@id\":\"https:\\\/\\\/sombreroseguros.com.br\\\/es\\\/telemedicina-sombrero-seguros\\\/\",\"url\":\"https:\\\/\\\/sombreroseguros.com.br\\\/es\\\/telemedicina-sombrero-seguros\\\/\",\"name\":\"Telemedicina Sombrero Seguros\",\"isPartOf\":{\"@id\":\"https:\\\/\\\/sombreroseguros.com.br\\\/#website\"},\"datePublished\":\"2023-08-15T11:44:44+00:00\",\"dateModified\":\"2024-05-30T22:09:21+00:00\",\"description\":\"Con la Telemedicina, nuestros asegurados disponen de una alternativa \u00e1gil para recibir atenci\u00f3n m\u00e9dica a trav\u00e9s de videollamada, sin necesidad de desplazarse a una cl\u00ednica u hospital.\",\"breadcrumb\":{\"@id\":\"https:\\\/\\\/sombreroseguros.com.br\\\/es\\\/telemedicina-sombrero-seguros\\\/#breadcrumb\"},\"inLanguage\":\"es\",\"potentialAction\":[{\"@type\":\"ReadAction\",\"target\":[\"https:\\\/\\\/sombreroseguros.com.br\\\/es\\\/telemedicina-sombrero-seguros\\\/\"]}]},{\"@type\":\"BreadcrumbList\",\"@id\":\"https:\\\/\\\/sombreroseguros.com.br\\\/es\\\/telemedicina-sombrero-seguros\\\/#breadcrumb\",\"itemListElement\":[{\"@type\":\"ListItem\",\"position\":1,\"name\":\"In\u00edcio\",\"item\":\"https:\\\/\\\/sombreroseguros.com.br\\\/es\\\/\"},{\"@type\":\"ListItem\",\"position\":2,\"name\":\"Telemedicina\"}]},{\"@type\":\"WebSite\",\"@id\":\"https:\\\/\\\/sombreroseguros.com.br\\\/#website\",\"url\":\"https:\\\/\\\/sombreroseguros.com.br\\\/\",\"name\":\"Sombrero Seguradora\",\"description\":\"Protege o futuro de quem produz.\",\"publisher\":{\"@id\":\"https:\\\/\\\/sombreroseguros.com.br\\\/#organization\"},\"potentialAction\":[{\"@type\":\"SearchAction\",\"target\":{\"@type\":\"EntryPoint\",\"urlTemplate\":\"https:\\\/\\\/sombreroseguros.com.br\\\/?s={search_term_string}\"},\"query-input\":{\"@type\":\"PropertyValueSpecification\",\"valueRequired\":true,\"valueName\":\"search_term_string\"}}],\"inLanguage\":\"es\"},{\"@type\":\"Organization\",\"@id\":\"https:\\\/\\\/sombreroseguros.com.br\\\/#organization\",\"name\":\"Sombrero Seguradora\",\"url\":\"https:\\\/\\\/sombreroseguros.com.br\\\/\",\"logo\":{\"@type\":\"ImageObject\",\"inLanguage\":\"es\",\"@id\":\"https:\\\/\\\/sombreroseguros.com.br\\\/#\\\/schema\\\/logo\\\/image\\\/\",\"url\":\"https:\\\/\\\/sombreroseguros.com.br\\\/wp-content\\\/uploads\\\/2021\\\/04\\\/sombrero_logo.png\",\"contentUrl\":\"https:\\\/\\\/sombreroseguros.com.br\\\/wp-content\\\/uploads\\\/2021\\\/04\\\/sombrero_logo.png\",\"width\":370,\"height\":100,\"caption\":\"Sombrero Seguradora\"},\"image\":{\"@id\":\"https:\\\/\\\/sombreroseguros.com.br\\\/#\\\/schema\\\/logo\\\/image\\\/\"},\"sameAs\":[\"https:\\\/\\\/www.facebook.com\\\/sombreroseguros\",\"https:\\\/\\\/www.instagram.com\\\/sombreroseguros\",\"https:\\\/\\\/www.linkedin.com\\\/company\\\/sombreroseguradora\\\/\"]}]}<\/script>\n<!-- \/ Yoast SEO plugin. -->","yoast_head_json":{"title":"Telemedicina Sombrero Seguros","description":"Con la Telemedicina, nuestros asegurados disponen de una alternativa \u00e1gil para recibir atenci\u00f3n m\u00e9dica a trav\u00e9s de videollamada, sin necesidad de desplazarse a una cl\u00ednica u hospital.","robots":{"index":"index","follow":"follow","max-snippet":"max-snippet:-1","max-image-preview":"max-image-preview:large","max-video-preview":"max-video-preview:-1"},"canonical":"https:\/\/sombreroseguros.com.br\/es\/telemedicina-sombrero-seguros\/","og_locale":"es_ES","og_type":"article","og_title":"Telemedicina Sombrero Seguros","og_description":"Con la Telemedicina, nuestros asegurados disponen de una alternativa \u00e1gil para recibir atenci\u00f3n m\u00e9dica a trav\u00e9s de videollamada, sin necesidad de desplazarse a una cl\u00ednica u hospital.","og_url":"https:\/\/sombreroseguros.com.br\/es\/telemedicina-sombrero-seguros\/","og_site_name":"Sombrero Seguradora","article_publisher":"https:\/\/www.facebook.com\/sombreroseguros","article_modified_time":"2024-05-30T22:09:21+00:00","twitter_card":"summary_large_image","twitter_misc":{"Tiempo de lectura":"2 minutos"},"schema":{"@context":"https:\/\/schema.org","@graph":[{"@type":"WebPage","@id":"https:\/\/sombreroseguros.com.br\/es\/telemedicina-sombrero-seguros\/","url":"https:\/\/sombreroseguros.com.br\/es\/telemedicina-sombrero-seguros\/","name":"Telemedicina Sombrero Seguros","isPartOf":{"@id":"https:\/\/sombreroseguros.com.br\/#website"},"datePublished":"2023-08-15T11:44:44+00:00","dateModified":"2024-05-30T22:09:21+00:00","description":"Con la Telemedicina, nuestros asegurados disponen de una alternativa \u00e1gil para recibir atenci\u00f3n m\u00e9dica a trav\u00e9s de videollamada, sin necesidad de desplazarse a una cl\u00ednica u hospital.","breadcrumb":{"@id":"https:\/\/sombreroseguros.com.br\/es\/telemedicina-sombrero-seguros\/#breadcrumb"},"inLanguage":"es","potentialAction":[{"@type":"ReadAction","target":["https:\/\/sombreroseguros.com.br\/es\/telemedicina-sombrero-seguros\/"]}]},{"@type":"BreadcrumbList","@id":"https:\/\/sombreroseguros.com.br\/es\/telemedicina-sombrero-seguros\/#breadcrumb","itemListElement":[{"@type":"ListItem","position":1,"name":"In\u00edcio","item":"https:\/\/sombreroseguros.com.br\/es\/"},{"@type":"ListItem","position":2,"name":"Telemedicina"}]},{"@type":"WebSite","@id":"https:\/\/sombreroseguros.com.br\/#website","url":"https:\/\/sombreroseguros.com.br\/","name":"Sombrero Seguradora","description":"Protege o futuro de quem produz.","publisher":{"@id":"https:\/\/sombreroseguros.com.br\/#organization"},"potentialAction":[{"@type":"SearchAction","target":{"@type":"EntryPoint","urlTemplate":"https:\/\/sombreroseguros.com.br\/?s={search_term_string}"},"query-input":{"@type":"PropertyValueSpecification","valueRequired":true,"valueName":"search_term_string"}}],"inLanguage":"es"},{"@type":"Organization","@id":"https:\/\/sombreroseguros.com.br\/#organization","name":"Sombrero Seguradora","url":"https:\/\/sombreroseguros.com.br\/","logo":{"@type":"ImageObject","inLanguage":"es","@id":"https:\/\/sombreroseguros.com.br\/#\/schema\/logo\/image\/","url":"https:\/\/sombreroseguros.com.br\/wp-content\/uploads\/2021\/04\/sombrero_logo.png","contentUrl":"https:\/\/sombreroseguros.com.br\/wp-content\/uploads\/2021\/04\/sombrero_logo.png","width":370,"height":100,"caption":"Sombrero Seguradora"},"image":{"@id":"https:\/\/sombreroseguros.com.br\/#\/schema\/logo\/image\/"},"sameAs":["https:\/\/www.facebook.com\/sombreroseguros","https:\/\/www.instagram.com\/sombreroseguros","https:\/\/www.linkedin.com\/company\/sombreroseguradora\/"]}]}},"_links":{"self":[{"href":"https:\/\/sombreroseguros.com.br\/es\/wp-json\/wp\/v2\/pages\/6758","targetHints":{"allow":["GET"]}}],"collection":[{"href":"https:\/\/sombreroseguros.com.br\/es\/wp-json\/wp\/v2\/pages"}],"about":[{"href":"https:\/\/sombreroseguros.com.br\/es\/wp-json\/wp\/v2\/types\/page"}],"author":[{"embeddable":true,"href":"https:\/\/sombreroseguros.com.br\/es\/wp-json\/wp\/v2\/users\/1"}],"replies":[{"embeddable":true,"href":"https:\/\/sombreroseguros.com.br\/es\/wp-json\/wp\/v2\/comments?post=6758"}],"version-history":[{"count":4,"href":"https:\/\/sombreroseguros.com.br\/es\/wp-json\/wp\/v2\/pages\/6758\/revisions"}],"predecessor-version":[{"id":6764,"href":"https:\/\/sombreroseguros.com.br\/es\/wp-json\/wp\/v2\/pages\/6758\/revisions\/6764"}],"wp:attachment":[{"href":"https:\/\/sombreroseguros.com.br\/es\/wp-json\/wp\/v2\/media?parent=6758"}],"curies":[{"name":"wp","href":"https:\/\/api.w.org\/{rel}","templated":true}]}}